{"id":2809,"date":"2024-04-09T19:39:10","date_gmt":"2024-04-09T19:39:10","guid":{"rendered":"https:\/\/olympiaboutique.com\/product\/jergens-individual\/"},"modified":"2025-12-01T04:26:38","modified_gmt":"2025-12-01T04:26:38","slug":"jergens-individual","status":"publish","type":"product","link":"https:\/\/olympiaboutique.com\/en\/product\/jergens-individual\/","title":{"rendered":"Jergens Ultra Healing Extra Dry Skin Moisturizer, 621 ml"},"content":{"rendered":"<ul class=\"a-unordered-list a-vertical a-spacing-mini\">\n<li class=\"a-spacing-mini\"><span class=\"a-list-item\">Triple Prote Countion pour peaux s\u00e8ches augmente la douceur, l&#8217;hydratation et l&#8217;\u00e9lasticit\u00e9<\/span><\/li>\n<li class=\"a-spacing-mini\"><span class=\"a-list-item\">P\u00e9n\u00e8tre \u00e0 travers 5 couches de la surface de la peau pour favoriser la gu\u00e9rison \u00e0 la source<\/span><\/li>\n<li class=\"a-spacing-mini\"><span class=\"a-list-item\">Fabriqu\u00e9 \u00e0 partir de lipides hydratants pour retenir l&#8217;humidit\u00e9 et de l&#8217;allanto\u00efne connue pour gu\u00e9rir la peau s\u00e8che.<\/span><\/li>\n<\/ul>\n<p><strong>Conseil d\u2019utilisation :<\/strong><\/p>\n<p>Utilisez l\u2019hydratant pour peau extra-s\u00e8che JERGENS Ultra Healing pendant la journ\u00e9e pour une peau 3 fois plus lisse et plus douce.<\/p>","protected":false},"excerpt":{"rendered":"<p><strong>Bienfaits<\/strong><\/p>\n<p>AIDE \u00c0 SOULAGER LA PEAU S\u00c8CHE \u2013 L\u2019hydratant ultra cicatrisant Jergens aide \u00e0 am\u00e9liorer l\u2019apparence et la texture de la peau.<br \/>\nLOTION POUR LA PEAU EXTRA S\u00c8CHE \u2013 Absorbe dans la peau tr\u00e8s s\u00e8che, y compris les taches g\u00e9n\u00e9ralement rugueuses comme les talons, les coudes et les genoux.<br \/>\nAIDE \u00c0 R\u00c9PARER LA PEAU S\u00c8CHE \u2013 P\u00e9n\u00e8tre cinq couches de la peau et r\u00e9duit la s\u00e9cheresse \u00e0 la source.<br \/>\nPEAU VISIBLEMENT PLUS SAINE \u2013 Avec l\u2019utilisation continue de l\u2019hydratant pour peau s\u00e8che Jergens Ultra Healing, la peau est nourrie et semble visiblement plus saine au fil du temps.<br \/>\nFORMULE AVEC DES INGR\u00c9DIENTS DE QUALIT\u00c9 \u2013 Une formulation unique, avec un m\u00e9lange d\u2019ingr\u00e9dients combin\u00e9 avec des vitamines C, E et B, pour laisser la peau lumineuse.<\/p>\n<p>&nbsp;<\/p>","protected":false},"featured_media":2829,"comment_status":"open","ping_status":"closed","template":"","meta":{"_joinchat":[]},"product_brand":[],"product_cat":[22],"product_tag":[372],"class_list":{"0":"post-2809","1":"product","2":"type-product","3":"status-publish","4":"has-post-thumbnail","6":"product_cat-skincare","7":"product_tag-jergens","9":"first","10":"outofstock","11":"shipping-taxable","12":"purchasable","13":"product-type-simple"},"jetpack_sharing_enabled":true,"_links":{"self":[{"href":"https:\/\/olympiaboutique.com\/en\/wp-json\/wp\/v2\/product\/2809","targetHints":{"allow":["GET"]}}],"collection":[{"href":"https:\/\/olympiaboutique.com\/en\/wp-json\/wp\/v2\/product"}],"about":[{"href":"https:\/\/olympiaboutique.com\/en\/wp-json\/wp\/v2\/types\/product"}],"replies":[{"embeddable":true,"href":"https:\/\/olympiaboutique.com\/en\/wp-json\/wp\/v2\/comments?post=2809"}],"wp:featuredmedia":[{"embeddable":true,"href":"https:\/\/olympiaboutique.com\/en\/wp-json\/wp\/v2\/media\/2829"}],"wp:attachment":[{"href":"https:\/\/olympiaboutique.com\/en\/wp-json\/wp\/v2\/media?parent=2809"}],"wp:term":[{"taxonomy":"product_brand","embeddable":true,"href":"https:\/\/olympiaboutique.com\/en\/wp-json\/wp\/v2\/product_brand?post=2809"},{"taxonomy":"product_cat","embeddable":true,"href":"https:\/\/olympiaboutique.com\/en\/wp-json\/wp\/v2\/product_cat?post=2809"},{"taxonomy":"product_tag","embeddable":true,"href":"https:\/\/olympiaboutique.com\/en\/wp-json\/wp\/v2\/product_tag?post=2809"}],"curies":[{"name":"wp","href":"https:\/\/api.w.org\/{rel}","templated":true}]}}