{"id":2786,"date":"2024-04-09T12:47:11","date_gmt":"2024-04-09T12:47:11","guid":{"rendered":"https:\/\/olympiaboutique.com\/?post_type=product&#038;p=2786"},"modified":"2025-12-01T04:26:38","modified_gmt":"2025-12-01T04:26:38","slug":"difeel-rosemary-mint-hot-oil-hair-treatment-237-ml","status":"publish","type":"product","link":"https:\/\/olympiaboutique.com\/en\/product\/difeel-rosemary-mint-hot-oil-hair-treatment-237-ml\/","title":{"rendered":"Difeel Rosemary &#038; Mint Hot Oil Hair Treatment, 237 ml"},"content":{"rendered":"<div id=\"featurebullets_feature_div\" class=\"celwidget\" data-feature-name=\"featurebullets\" data-csa-c-type=\"widget\" data-csa-c-content-id=\"featurebullets\" data-csa-c-slot-id=\"featurebullets_feature_div\" data-csa-c-asin=\"B0BCR4LHKW\" data-csa-c-is-in-initial-active-row=\"false\" data-cel-widget=\"featurebullets_feature_div\" data-csa-c-id=\"xl26fg-kzhyvf-jis7hl-10pqu6\">\n<div id=\"feature-bullets\" class=\"a-section a-spacing-medium a-spacing-top-small\">\n<ul class=\"a-unordered-list a-vertical a-spacing-mini\">\n<li class=\"a-spacing-mini\"><span class=\"a-list-item\"><span>Traitement r\u00e9parateur \u00e0 l&#8217;huile chaude pour cheveux secs et ab\u00eem\u00e9s \u2013 Le traitement \u00e0 l&#8217;huile chaude Difeel au romarin et \u00e0 la menthe laisse les cheveux plus forts, plus fournis et plus \u00e9pais tout en favorisant la croissance, la maniabilit\u00e9 et la brillance tout en aidant \u00e0 combattre les frisottis et \u00e0 apprivoiser les cheveux rebelles.<\/span><\/span><\/li>\n<li class=\"a-spacing-mini\"><span class=\"a-list-item\"><span>Traitement \u00e0 l&#8217;huile chaude pour cheveux &#8211; Fabriqu\u00e9 avec des ingr\u00e9dients naturels, sans sulfate &#8211; Sans parab\u00e8ne &#8211; Sans phtalate &#8211; Formule sans danger pour la couleur<\/span><\/span><\/li>\n<li class=\"a-spacing-mini\"><span class=\"a-list-item\"><span>Traitement naturel \u00e0 l&#8217;huile chaude pour le cuir chevelu \u2013\u00a0 Fi\u00e8rement fabriqu\u00e9 aux \u00c9tats-Unis<\/span><\/span><\/li>\n<\/ul>\n<\/div>\n<\/div>\n<div id=\"provenanceCertifications_feature_div\" class=\"celwidget\" data-feature-name=\"provenanceCertifications\" data-csa-c-type=\"widget\" data-csa-c-content-id=\"provenanceCertifications\" data-csa-c-slot-id=\"provenanceCertifications_feature_div\" data-csa-c-asin=\"B0BCR4LHKW\" data-csa-c-is-in-initial-active-row=\"false\" data-cel-widget=\"provenanceCertifications_feature_div\" data-csa-c-id=\"fykxl4-cu9ueg-lhjt56-rwueq6\"><\/div>\n<div id=\"handmadeArtisanCard_feature_div\" class=\"celwidget\" data-feature-name=\"handmadeArtisanCard\" data-csa-c-type=\"widget\" data-csa-c-content-id=\"handmadeArtisanCard\" data-csa-c-slot-id=\"handmadeArtisanCard_feature_div\" data-csa-c-asin=\"B0BCR4LHKW\" data-csa-c-is-in-initial-active-row=\"false\" data-cel-widget=\"handmadeArtisanCard_feature_div\" data-csa-c-id=\"x5p7ss-dpq92-spapcu-6xe4u5\"><\/div>\n<div id=\"globalStoreInfoBullets_feature_div\" class=\"celwidget\" data-feature-name=\"globalStoreInfoBullets\" data-csa-c-type=\"widget\" data-csa-c-content-id=\"globalStoreInfoBullets\" data-csa-c-slot-id=\"globalStoreInfoBullets_feature_div\" data-csa-c-asin=\"B0BCR4LHKW\" data-csa-c-is-in-initial-active-row=\"false\" data-cel-widget=\"globalStoreInfoBullets_feature_div\" data-csa-c-id=\"cilemy-t7hube-hb41e5-bxwfsq\"><\/div>\n<div id=\"HLCXComparisonJumplink_feature_div\"><\/div>\n<div id=\"addOnItem_feature_div\" class=\"celwidget\" data-feature-name=\"addOnItem\" data-csa-c-type=\"widget\" data-csa-c-content-id=\"addOnItem\" data-csa-c-slot-id=\"addOnItem_feature_div\" data-csa-c-asin=\"B0BCR4LHKW\" data-csa-c-is-in-initial-active-row=\"false\" data-cel-widget=\"addOnItem_feature_div\" data-csa-c-id=\"i6yrah-gues0j-4moafw-gerc29\"><\/div>\n<div id=\"giftcard-holiday-availability-messaging_feature_div\" class=\"celwidget\" data-feature-name=\"giftCardHolidayAvailabilityMessaging\" data-csa-c-type=\"widget\" data-csa-c-content-id=\"giftCardHolidayAvailabilityMessaging\" data-csa-c-slot-id=\"giftcard-holiday-availability-messaging_feature_div\" data-csa-c-asin=\"B0BCR4LHKW\" data-csa-c-is-in-initial-active-row=\"false\" data-cel-widget=\"giftcard-holiday-availability-messaging_feature_div\" data-csa-c-id=\"q68cut-gozn0v-31nu1e-vnjn2j\"><\/div>\n<div id=\"andonCord_feature_div\" class=\"celwidget\" data-feature-name=\"andonCord\" data-csa-c-type=\"widget\" data-csa-c-content-id=\"andonCord\" data-csa-c-slot-id=\"andonCord_feature_div\" data-csa-c-asin=\"B0BCR4LHKW\" data-csa-c-is-in-initial-active-row=\"false\" data-cel-widget=\"andonCord_feature_div\" data-csa-c-id=\"2wavol-6sdjz3-2oq3vb-bta6wm\"><\/div>\n<div id=\"olp_feature_div\" class=\"celwidget\" data-feature-name=\"olp\" data-csa-c-type=\"widget\" data-csa-c-content-id=\"olp\" data-csa-c-slot-id=\"olp_feature_div\" data-csa-c-asin=\"B0BCR4LHKW\" data-csa-c-is-in-initial-active-row=\"false\" data-cel-widget=\"olp_feature_div\" data-csa-c-id=\"wr2o2-47pdwy-mdno79-p9mvig\"><\/div>","protected":false},"excerpt":{"rendered":"<p><strong>Bienfaits<\/strong><\/p>\n<ul class=\"a-unordered-list a-vertical a-spacing-mini\">\n<li class=\"a-spacing-mini\"><span class=\"a-list-item\"><span>Traitement \u00e0 l&#8217;huile chaude pour cheveux naturels \u2013 Renfor\u00e7ant et nourrissant, notre traitement \u00e0 l&#8217;huile chaude Difeel au romarin et \u00e0 la menthe est infus\u00e9 de biotine nourrissante. La biotine joue un r\u00f4le important dans la sant\u00e9 de vos cheveux, de votre peau et de vos ongles. Un manque de biotine peut entra\u00eener une chute des cheveux.<\/span><\/span><\/li>\n<li class=\"a-spacing-mini\"><span class=\"a-list-item\"><span>Traitement nourrissant \u00e0 l&#8217;huile chaude pour le cuir chevelu \u2013 Traitement \u00e0 l&#8217;huile chaude revitalisant en profondeur: notre traitement \u00e0 l&#8217;huile chaude fournit une hydratation nourrissante intense pour traiter le cuir chevelu sec et lisser les pointes fourchues.<\/span><\/span><\/li>\n<\/ul>","protected":false},"featured_media":2742,"comment_status":"open","ping_status":"closed","template":"","meta":{"_joinchat":[]},"product_brand":[],"product_cat":[109],"product_tag":[246],"class_list":{"0":"post-2786","1":"product","2":"type-product","3":"status-publish","4":"has-post-thumbnail","6":"product_cat-cheveux","7":"product_tag-difeel","9":"first","10":"outofstock","11":"shipping-taxable","12":"purchasable","13":"product-type-simple"},"jetpack_sharing_enabled":true,"_links":{"self":[{"href":"https:\/\/olympiaboutique.com\/en\/wp-json\/wp\/v2\/product\/2786","targetHints":{"allow":["GET"]}}],"collection":[{"href":"https:\/\/olympiaboutique.com\/en\/wp-json\/wp\/v2\/product"}],"about":[{"href":"https:\/\/olympiaboutique.com\/en\/wp-json\/wp\/v2\/types\/product"}],"replies":[{"embeddable":true,"href":"https:\/\/olympiaboutique.com\/en\/wp-json\/wp\/v2\/comments?post=2786"}],"wp:featuredmedia":[{"embeddable":true,"href":"https:\/\/olympiaboutique.com\/en\/wp-json\/wp\/v2\/media\/2742"}],"wp:attachment":[{"href":"https:\/\/olympiaboutique.com\/en\/wp-json\/wp\/v2\/media?parent=2786"}],"wp:term":[{"taxonomy":"product_brand","embeddable":true,"href":"https:\/\/olympiaboutique.com\/en\/wp-json\/wp\/v2\/product_brand?post=2786"},{"taxonomy":"product_cat","embeddable":true,"href":"https:\/\/olympiaboutique.com\/en\/wp-json\/wp\/v2\/product_cat?post=2786"},{"taxonomy":"product_tag","embeddable":true,"href":"https:\/\/olympiaboutique.com\/en\/wp-json\/wp\/v2\/product_tag?post=2786"}],"curies":[{"name":"wp","href":"https:\/\/api.w.org\/{rel}","templated":true}]}}