{"id":2779,"date":"2024-04-09T09:52:26","date_gmt":"2024-04-09T09:52:26","guid":{"rendered":"https:\/\/olympiaboutique.com\/?post_type=product&#038;p=2779"},"modified":"2025-12-01T04:26:38","modified_gmt":"2025-12-01T04:26:38","slug":"azure-creme-de-jour-au-retinol-et-au-collagene-hydratant-anti-age-reparateur-30-ml","status":"publish","type":"product","link":"https:\/\/olympiaboutique.com\/en\/product\/azure-creme-de-jour-au-retinol-et-au-collagene-hydratant-anti-age-reparateur-30-ml\/","title":{"rendered":"AZURE, Cr\u00e8me de jour au r\u00e9tinol et au collag\u00e8ne &#8211; Hydratant anti-\u00e2ge, r\u00e9parateur, 30 ml"},"content":{"rendered":"<ul class=\"a-unordered-list a-vertical a-spacing-mini\">\n<li class=\"a-spacing-mini\"><span class=\"a-list-item\"><span>INGR\u00c9DIENTS ACTIFS DE QUALIT\u00c9 SUP\u00c9RIEURE : Nos produits de soins de la peau sont fabriqu\u00e9s \u00e0 partir d&#8217;ingr\u00e9dients de haute qualit\u00e9. Notre cr\u00e8me anti-\u00e2ge est infus\u00e9e de r\u00e9tinol qui aide \u00e0 uniformiser le teint et \u00e0 \u00e9claircir l&#8217;apparence des taches brunes et de l&#8217;hyperpigmentation. Le collag\u00e8ne r\u00e9duit l&#8217;apparence des rides et ridules et ajoute de la vitalit\u00e9 \u00e0 votre peau.<\/span><\/span><\/li>\n<li class=\"a-spacing-mini\"><span class=\"a-list-item\"><span>FACILE \u00c0 UTILISER : Avant d\u2019appliquer la cr\u00e8me hydratante pour la peau AZURE, nettoyez et exfoliez l\u00e9g\u00e8rement avec une brosse pour le visage ou un chiffon doux. Appliquer quotidiennement sur le visage et le cou une fois votre routine de nettoyage termin\u00e9e. Notre cr\u00e8me hydratante anti-\u00e2ge est une excellente suite aux masques peel-off AZURE.<\/span><\/span><\/li>\n<\/ul>","protected":false},"excerpt":{"rendered":"<p><strong>Bienfaits<\/strong><\/p>\n<p><span class=\"a-list-item\"><span>Cr\u00e8me hydratante pour le visage toute la journ\u00e9e : notre cr\u00e8me hydratante longue dur\u00e9e pour le visage est sp\u00e9cialement formul\u00e9e pour hydrater, restaurer et tonifier votre peau, r\u00e9duisant l&#8217;apparence des taches brunes, des rides et des ridules. La cr\u00e8me hydratante pour le visage AZURE laissera votre peau lisse, hydrat\u00e9e et rajeunie.<\/span><\/span><\/p>","protected":false},"featured_media":2727,"comment_status":"open","ping_status":"closed","template":"","meta":{"_joinchat":[]},"product_brand":[],"product_cat":[22],"product_tag":[298],"class_list":{"0":"post-2779","1":"product","2":"type-product","3":"status-publish","4":"has-post-thumbnail","6":"product_cat-skincare","7":"product_tag-azure","9":"first","10":"outofstock","11":"shipping-taxable","12":"purchasable","13":"product-type-simple"},"jetpack_sharing_enabled":true,"_links":{"self":[{"href":"https:\/\/olympiaboutique.com\/en\/wp-json\/wp\/v2\/product\/2779","targetHints":{"allow":["GET"]}}],"collection":[{"href":"https:\/\/olympiaboutique.com\/en\/wp-json\/wp\/v2\/product"}],"about":[{"href":"https:\/\/olympiaboutique.com\/en\/wp-json\/wp\/v2\/types\/product"}],"replies":[{"embeddable":true,"href":"https:\/\/olympiaboutique.com\/en\/wp-json\/wp\/v2\/comments?post=2779"}],"wp:featuredmedia":[{"embeddable":true,"href":"https:\/\/olympiaboutique.com\/en\/wp-json\/wp\/v2\/media\/2727"}],"wp:attachment":[{"href":"https:\/\/olympiaboutique.com\/en\/wp-json\/wp\/v2\/media?parent=2779"}],"wp:term":[{"taxonomy":"product_brand","embeddable":true,"href":"https:\/\/olympiaboutique.com\/en\/wp-json\/wp\/v2\/product_brand?post=2779"},{"taxonomy":"product_cat","embeddable":true,"href":"https:\/\/olympiaboutique.com\/en\/wp-json\/wp\/v2\/product_cat?post=2779"},{"taxonomy":"product_tag","embeddable":true,"href":"https:\/\/olympiaboutique.com\/en\/wp-json\/wp\/v2\/product_tag?post=2779"}],"curies":[{"name":"wp","href":"https:\/\/api.w.org\/{rel}","templated":true}]}}