{"id":2777,"date":"2024-04-09T09:46:42","date_gmt":"2024-04-09T09:46:42","guid":{"rendered":"https:\/\/olympiaboutique.com\/?post_type=product&#038;p=2777"},"modified":"2025-12-01T04:26:38","modified_gmt":"2025-12-01T04:26:38","slug":"azure-serum-liftant-pour-les-yeux-au-retinol-et-aux-peptides-30-ml","status":"publish","type":"product","link":"https:\/\/olympiaboutique.com\/en\/product\/azure-serum-liftant-pour-les-yeux-au-retinol-et-aux-peptides-30-ml\/","title":{"rendered":"AZURE, S\u00e9rum liftant pour les yeux au r\u00e9tinol et aux peptides, 30 ml"},"content":{"rendered":"<ul class=\"a-unordered-list a-vertical a-spacing-mini\">\n<li class=\"a-spacing-mini\"><span class=\"a-list-item\"><span>INGR\u00c9DIENTS ACTIFS DE QUALIT\u00c9 SUP\u00c9RIEURE : Nos produits de soins de la peau sont fabriqu\u00e9s \u00e0 partir d&#8217;ingr\u00e9dients de haute qualit\u00e9, notamment du r\u00e9tinol qui aide \u00e0 uniformiser le teint et \u00e0 \u00e9claircir l&#8217;apparence des taches brunes et de l&#8217;hyperpigmentation, et des peptides riches en antioxydants qui calment et apaisent la peau.<\/span><\/span><\/li>\n<li class=\"a-spacing-mini\"><span class=\"a-list-item\"><span>APPLICATION FACILE : Avant d&#8217;appliquer le correcteur de taches au r\u00e9tinol et \u00e0 la vitamine E AZURE, nettoyez soigneusement votre visage. Tapotez doucement le contour des yeux avec vos doigts ou votre rouleau pour les yeux. Notre s\u00e9rum anti-rides peut \u00e9galement \u00eatre utilis\u00e9 avec des rouleaux pour le visage pour le vieillissement cutan\u00e9. Id\u00e9al pour une utilisation quotidienne avec d\u2019autres produits de soins de la peau AZURE.<\/span><\/span><\/li>\n<\/ul>","protected":false},"excerpt":{"rendered":"<p><strong>Bienfaits<\/strong><\/p>\n<ul class=\"a-unordered-list a-vertical a-spacing-mini\">\n<li class=\"a-spacing-mini\"><span class=\"a-list-item\"><span>N&#8217;ayez plus jamais l&#8217;air fatigu\u00e9 : les huiles et s\u00e9rums pour le visage AZURE sont sp\u00e9cialement formul\u00e9s pour aider \u00e0 hydrater, lisser et raffermir votre peau, minimisant les signes de vieillissement et de fatigue, y compris les rides, les gonflements, les cernes et les pattes d&#8217;oie. Notre s\u00e9rum pour les yeux \u00e0 la vitamine E et au r\u00e9tinol vous aidera \u00e0 obtenir une apparence plus jeune, hydrat\u00e9e et radieuse.<\/span><\/span><\/li>\n<\/ul>","protected":false},"featured_media":2722,"comment_status":"open","ping_status":"closed","template":"","meta":{"_joinchat":[]},"product_brand":[],"product_cat":[22],"product_tag":[298],"class_list":{"0":"post-2777","1":"product","2":"type-product","3":"status-publish","4":"has-post-thumbnail","6":"product_cat-skincare","7":"product_tag-azure","9":"first","10":"outofstock","11":"shipping-taxable","12":"purchasable","13":"product-type-simple"},"jetpack_sharing_enabled":true,"_links":{"self":[{"href":"https:\/\/olympiaboutique.com\/en\/wp-json\/wp\/v2\/product\/2777","targetHints":{"allow":["GET"]}}],"collection":[{"href":"https:\/\/olympiaboutique.com\/en\/wp-json\/wp\/v2\/product"}],"about":[{"href":"https:\/\/olympiaboutique.com\/en\/wp-json\/wp\/v2\/types\/product"}],"replies":[{"embeddable":true,"href":"https:\/\/olympiaboutique.com\/en\/wp-json\/wp\/v2\/comments?post=2777"}],"wp:featuredmedia":[{"embeddable":true,"href":"https:\/\/olympiaboutique.com\/en\/wp-json\/wp\/v2\/media\/2722"}],"wp:attachment":[{"href":"https:\/\/olympiaboutique.com\/en\/wp-json\/wp\/v2\/media?parent=2777"}],"wp:term":[{"taxonomy":"product_brand","embeddable":true,"href":"https:\/\/olympiaboutique.com\/en\/wp-json\/wp\/v2\/product_brand?post=2777"},{"taxonomy":"product_cat","embeddable":true,"href":"https:\/\/olympiaboutique.com\/en\/wp-json\/wp\/v2\/product_cat?post=2777"},{"taxonomy":"product_tag","embeddable":true,"href":"https:\/\/olympiaboutique.com\/en\/wp-json\/wp\/v2\/product_tag?post=2777"}],"curies":[{"name":"wp","href":"https:\/\/api.w.org\/{rel}","templated":true}]}}