{"id":2713,"date":"2024-04-08T15:13:11","date_gmt":"2024-04-08T15:13:11","guid":{"rendered":"https:\/\/olympiaboutique.com\/?post_type=product&#038;p=2713"},"modified":"2025-12-01T04:26:39","modified_gmt":"2025-12-01T04:26:39","slug":"andalou-naturals-masque-glycolique-au-miel-de-citrouille-et-vitamine-c-50g","status":"publish","type":"product","link":"https:\/\/olympiaboutique.com\/en\/product\/andalou-naturals-masque-glycolique-au-miel-de-citrouille-et-vitamine-c-50g\/","title":{"rendered":"Andalou Naturals Masque glycolique au miel de citrouille et vitamine C, 50g"},"content":{"rendered":"<p>D\u00e9couvrez le pouvoir transformateur du masque glycolique \u00e9claircissant au miel de citrouille d&#8217;Andalou Naturals. Riche en cellules souches de fruits, en vitamine C et en AHA glycolique, ce masque est la cl\u00e9 pour obtenir un teint plus \u00e9clatant. Dites adieu \u00e0 la peau terne et s\u00e8che et bonjour \u00e0 un teint revitalis\u00e9 avec notre masque glycolique \u00e9claircissant au miel de citrouille. D\u00e8s que le masque est appliqu\u00e9, vous ressentirez un l\u00e9ger picotement, signe que les AHA travaillent dur, dissolvant les cellules s\u00e8ches de la surface et r\u00e9v\u00e9lant une peau plus fra\u00eeche et plus \u00e9clatante. La particularit\u00e9 de ce masque est l&#8217;infusion de miel de manuka et de citrouille biologique, riche en b\u00eata-carot\u00e8ne. Ensemble, ils exfolient, refont surface et nourrissent votre peau, laissant un teint plus uniforme, une texture plus lisse et un \u00e9clat lumineux. Appliquer uniform\u00e9ment sur une peau propre et s\u00e8che en \u00e9vitant le contour des yeux et laisser agir 15 \u00e0 20 minutes. Retirer soigneusement et rincer \u00e0 l&#8217;eau froide. Vous pouvez l\u2019int\u00e9grer \u00e0 votre routine de soins de la peau 1 \u00e0 2 fois par semaine.<\/p>","protected":false},"excerpt":{"rendered":"<p><strong>Bienfaits<\/strong><\/p>\n<ul class=\"a-unordered-list a-vertical a-spacing-mini\">\n<li class=\"a-spacing-mini\"><span class=\"a-list-item\"><span>Masque exfoliant \u00e0 la citrouille\u00a0: Notre masque glycolique au miel de citrouille aide \u00e0 nettoyer en douceur la salet\u00e9, les impuret\u00e9s et les cellules s\u00e8ches pour exfolier la peau et laisser votre visage lisse, lumineux et uniforme.<\/span><\/span><\/li>\n<li class=\"a-spacing-mini\"><span class=\"a-list-item\"><span>\u00c9claircissant gr\u00e2ce \u00e0 la vitamine C\u00a0: les produits de soins de la peau d&#8217;Andalou Naturals contenant de la vitamine C peuvent aider \u00e0 lutter contre les dommages caus\u00e9s par le soleil et \u00e0 favoriser un teint plus lumineux et plus uniforme pour les peaux normales et mixtes.<\/span><\/span><\/li>\n<\/ul>","protected":false},"featured_media":2708,"comment_status":"open","ping_status":"closed","template":"","meta":{"_joinchat":[]},"product_brand":[],"product_cat":[22],"product_tag":[299],"class_list":{"0":"post-2713","1":"product","2":"type-product","3":"status-publish","4":"has-post-thumbnail","6":"product_cat-skincare","7":"product_tag-andalou","9":"first","10":"outofstock","11":"shipping-taxable","12":"purchasable","13":"product-type-simple"},"jetpack_sharing_enabled":true,"_links":{"self":[{"href":"https:\/\/olympiaboutique.com\/en\/wp-json\/wp\/v2\/product\/2713","targetHints":{"allow":["GET"]}}],"collection":[{"href":"https:\/\/olympiaboutique.com\/en\/wp-json\/wp\/v2\/product"}],"about":[{"href":"https:\/\/olympiaboutique.com\/en\/wp-json\/wp\/v2\/types\/product"}],"replies":[{"embeddable":true,"href":"https:\/\/olympiaboutique.com\/en\/wp-json\/wp\/v2\/comments?post=2713"}],"wp:featuredmedia":[{"embeddable":true,"href":"https:\/\/olympiaboutique.com\/en\/wp-json\/wp\/v2\/media\/2708"}],"wp:attachment":[{"href":"https:\/\/olympiaboutique.com\/en\/wp-json\/wp\/v2\/media?parent=2713"}],"wp:term":[{"taxonomy":"product_brand","embeddable":true,"href":"https:\/\/olympiaboutique.com\/en\/wp-json\/wp\/v2\/product_brand?post=2713"},{"taxonomy":"product_cat","embeddable":true,"href":"https:\/\/olympiaboutique.com\/en\/wp-json\/wp\/v2\/product_cat?post=2713"},{"taxonomy":"product_tag","embeddable":true,"href":"https:\/\/olympiaboutique.com\/en\/wp-json\/wp\/v2\/product_tag?post=2713"}],"curies":[{"name":"wp","href":"https:\/\/api.w.org\/{rel}","templated":true}]}}