{"id":2712,"date":"2024-04-08T15:07:54","date_gmt":"2024-04-08T15:07:54","guid":{"rendered":"https:\/\/olympiaboutique.com\/?post_type=product&#038;p=2712"},"modified":"2025-12-01T04:26:39","modified_gmt":"2025-12-01T04:26:39","slug":"andalou-naturals-masque-1000-roses-eau-de-rose-50g","status":"publish","type":"product","link":"https:\/\/olympiaboutique.com\/en\/product\/andalou-naturals-masque-1000-roses-eau-de-rose-50g\/","title":{"rendered":"Andalou Naturals, Masque \u00e0 l\u2019Eau de Rose, 1000 Roses 50g"},"content":{"rendered":"<ul class=\"a-unordered-list a-vertical a-spacing-mini\">\n<li class=\"a-spacing-mini\"><span class=\"a-list-item\"><span>SCIENCE DES CELLULES SOUCHES DE FRUITS Chaque produit de soins personnels d&#8217;Andalou Natural, y compris les masques, cr\u00e8mes, s\u00e9rums, hydratants, nettoyants et toniques, utilise la solution de d\u00e9fense antioxydante de la nature pour aider \u00e0 prot\u00e9ger et \u00e0 soutenir une apparence jeune, revitalis\u00e9e et saine.<\/span><\/span><\/li>\n<li><span class=\"a-list-item\">SENSIBLE ET APAISANT: La collection de soins 1000 Roses d&#8217;Andalou Naturals utilise des cellules souches de rose formul\u00e9es pour les peaux d\u00e9licates, s\u00e8ches, sensibles et facilement irrit\u00e9es<\/span><\/li>\n<li class=\"a-spacing-mini\"><span class=\"a-list-item\"><span>INGR\u00c9DIENTS DE LA NATURE Andalou Naturals soutient les normes sup\u00e9rieures d&#8217;ingr\u00e9dients de source dans l&#8217;industrie des produits naturels de soins personnels et utilise des ingr\u00e9dients biologiques, sans OGM, sans gluten, v\u00e9g\u00e9taliens, durables, \u00e9quitables, sans cruaut\u00e9 envers les animaux et d\u00e9riv\u00e9s de la nature.<\/span><\/span><\/li>\n<\/ul>","protected":false},"excerpt":{"rendered":"<p><strong>Bienfaits<\/strong><\/p>\n<ul class=\"a-unordered-list a-vertical a-spacing-mini\">\n<li class=\"a-spacing-mini\"><span class=\"a-list-item\"><span>POUR LES PEAUX SENSIBLES: Le masque \u00e0 l&#8217;eau de rose aux 1 000 roses d&#8217;Andolou Natural aide \u00e0 hydrater, apaiser, nourrir et hydrater les peaux sensibles, d\u00e9licates ou facilement irrit\u00e9es avec de la rose et de la grenade comme ingr\u00e9dients naturels doux et apaisants pour une peau d&#8217;apparence uniforme et jeune.<\/span><\/span><\/li>\n<li>Ce masque revitalisant, aux cellules souches de rose alpine, offre une hydratation essentielle et une vitalit\u00e9 cutan\u00e9e pour apaiser et nourrir les peaux sensibles, tandis que la grenade rehausse le tonus et que l&#8217;acide hyaluronique et l&#8217;aloe vera aident \u00e0 raviver la barri\u00e8re d&#8217;hydratation de la peau pour un teint impeccable. Solutions de soins pour la peau sensible Andalou Naturals pour les peaux d\u00e9licates et s\u00e8ches, les peaux facilement irrit\u00e9es, les peaux in\u00e9gales et tach\u00e9es.<\/li>\n<\/ul>","protected":false},"featured_media":2702,"comment_status":"open","ping_status":"closed","template":"","meta":{"_joinchat":[]},"product_brand":[],"product_cat":[22],"product_tag":[299],"class_list":{"0":"post-2712","1":"product","2":"type-product","3":"status-publish","4":"has-post-thumbnail","6":"product_cat-skincare","7":"product_tag-andalou","9":"first","10":"outofstock","11":"shipping-taxable","12":"purchasable","13":"product-type-simple"},"jetpack_sharing_enabled":true,"_links":{"self":[{"href":"https:\/\/olympiaboutique.com\/en\/wp-json\/wp\/v2\/product\/2712","targetHints":{"allow":["GET"]}}],"collection":[{"href":"https:\/\/olympiaboutique.com\/en\/wp-json\/wp\/v2\/product"}],"about":[{"href":"https:\/\/olympiaboutique.com\/en\/wp-json\/wp\/v2\/types\/product"}],"replies":[{"embeddable":true,"href":"https:\/\/olympiaboutique.com\/en\/wp-json\/wp\/v2\/comments?post=2712"}],"wp:featuredmedia":[{"embeddable":true,"href":"https:\/\/olympiaboutique.com\/en\/wp-json\/wp\/v2\/media\/2702"}],"wp:attachment":[{"href":"https:\/\/olympiaboutique.com\/en\/wp-json\/wp\/v2\/media?parent=2712"}],"wp:term":[{"taxonomy":"product_brand","embeddable":true,"href":"https:\/\/olympiaboutique.com\/en\/wp-json\/wp\/v2\/product_brand?post=2712"},{"taxonomy":"product_cat","embeddable":true,"href":"https:\/\/olympiaboutique.com\/en\/wp-json\/wp\/v2\/product_cat?post=2712"},{"taxonomy":"product_tag","embeddable":true,"href":"https:\/\/olympiaboutique.com\/en\/wp-json\/wp\/v2\/product_tag?post=2712"}],"curies":[{"name":"wp","href":"https:\/\/api.w.org\/{rel}","templated":true}]}}