{"id":2711,"date":"2024-04-08T15:02:57","date_gmt":"2024-04-08T15:02:57","guid":{"rendered":"https:\/\/olympiaboutique.com\/?post_type=product&#038;p=2711"},"modified":"2025-12-01T04:26:39","modified_gmt":"2025-12-01T04:26:39","slug":"andalou-naturals-1000-roses-beautiful-day-cream-50g","status":"publish","type":"product","link":"https:\/\/olympiaboutique.com\/en\/product\/andalou-naturals-1000-roses-beautiful-day-cream-50g\/","title":{"rendered":"ANDALOU NATURALS 1000 Roses Beautiful Day Cream 50g"},"content":{"rendered":"<p>Andalou Naturals 1000 Roses Beautiful Day Cream est formul\u00e9e\u00a0<strong>pour les peaux sensibles.\u00a0<\/strong>Le d\u00e9but d\u2019une belle journ\u00e9e, cette\u00a0cr\u00e8me\u00a0<strong>douce et satin\u00e9e<\/strong>\u00a0, aux\u00a0<strong>cellules souches de rose des Alpes<\/strong>\u00a0, offre une hydratation et une vitalit\u00e9 dermique essentielles pour apaiser et nourrir les peaux sensibles, tandis que la\u00a0<strong>grenade<\/strong>\u00a0rehausse le teint et que\u00a0<strong>l\u2019acide hyaluronique<\/strong>\u00a0et l\u2019\u00a0<strong>aloe vera<\/strong>\u00a0aident \u00e0 raviver la barri\u00e8re\u00a0hydrolipidique de la\u00a0peau pour un aspect impeccable. complexion.<\/p>\n<p>Cet hydratant l\u00e9ger mais luxueux avec un m\u00e9lange Rose-Biotic\u2122 d&#8217;extrait de Rosa Centifolia, de postbiotiques et de cellules souches de rose alpine aide \u00e0 soutenir le microbiome et la barri\u00e8re cutan\u00e9e naturelle de la peau pour un teint magnifique.<\/p>\n<p><strong>\u00c0 utiliser\u00a0:<\/strong>\u00a0quotidiennement.\u00a0Appliquer sur le visage et le cou propres.<\/p>","protected":false},"excerpt":{"rendered":"<p><strong>Bienfaits<\/strong><\/p>\n<p>Rose-Biotic Blend\u2122 exploite la force d\u00e9licate des roses et des postbiotiques pour aider \u00e0 apaiser, nourrir et fortifier la peau.\u00a0Le ferment postbiotique induit le renouvellement cutan\u00e9 et la protection de la barri\u00e8re. Il est cliniquement prouv\u00e9 qu&#8217;il augmente le taux de r\u00e9cup\u00e9ration de la fonction barri\u00e8re saine de la peau.<\/p>\n<ul>\n<li>L&#8217;extrait de Rosa Centifolia aide \u00e0 lisser la texture de la peau.<\/li>\n<li>Les postbiotiques renforcent la barri\u00e8re cutan\u00e9.<\/li>\n<li>Les cellules souches de rose alpine prot\u00e8gent et restaurent la vitalit\u00e9.<\/li>\n<\/ul>","protected":false},"featured_media":2704,"comment_status":"open","ping_status":"closed","template":"","meta":{"_joinchat":[]},"product_brand":[],"product_cat":[22],"product_tag":[299],"class_list":{"0":"post-2711","1":"product","2":"type-product","3":"status-publish","4":"has-post-thumbnail","6":"product_cat-skincare","7":"product_tag-andalou","9":"first","10":"outofstock","11":"shipping-taxable","12":"purchasable","13":"product-type-simple"},"jetpack_sharing_enabled":true,"_links":{"self":[{"href":"https:\/\/olympiaboutique.com\/en\/wp-json\/wp\/v2\/product\/2711","targetHints":{"allow":["GET"]}}],"collection":[{"href":"https:\/\/olympiaboutique.com\/en\/wp-json\/wp\/v2\/product"}],"about":[{"href":"https:\/\/olympiaboutique.com\/en\/wp-json\/wp\/v2\/types\/product"}],"replies":[{"embeddable":true,"href":"https:\/\/olympiaboutique.com\/en\/wp-json\/wp\/v2\/comments?post=2711"}],"wp:featuredmedia":[{"embeddable":true,"href":"https:\/\/olympiaboutique.com\/en\/wp-json\/wp\/v2\/media\/2704"}],"wp:attachment":[{"href":"https:\/\/olympiaboutique.com\/en\/wp-json\/wp\/v2\/media?parent=2711"}],"wp:term":[{"taxonomy":"product_brand","embeddable":true,"href":"https:\/\/olympiaboutique.com\/en\/wp-json\/wp\/v2\/product_brand?post=2711"},{"taxonomy":"product_cat","embeddable":true,"href":"https:\/\/olympiaboutique.com\/en\/wp-json\/wp\/v2\/product_cat?post=2711"},{"taxonomy":"product_tag","embeddable":true,"href":"https:\/\/olympiaboutique.com\/en\/wp-json\/wp\/v2\/product_tag?post=2711"}],"curies":[{"name":"wp","href":"https:\/\/api.w.org\/{rel}","templated":true}]}}