{"id":2710,"date":"2024-04-08T14:56:06","date_gmt":"2024-04-08T14:56:06","guid":{"rendered":"https:\/\/olympiaboutique.com\/?post_type=product&#038;p=2710"},"modified":"2025-12-01T04:26:39","modified_gmt":"2025-12-01T04:26:39","slug":"advancedmd-puffy-eye-skin-tightening-correction-face-serum-52-ml","status":"publish","type":"product","link":"https:\/\/olympiaboutique.com\/en\/product\/advancedmd-puffy-eye-skin-tightening-correction-face-serum-52-ml\/","title":{"rendered":"AdvancedMD Puffy Eye Skin Tightening Correction Face Serum, 52 ml"},"content":{"rendered":"<ul class=\"a-unordered-list a-vertical a-spacing-mini\">\n<li class=\"a-spacing-mini\"><span class=\"a-list-item\"><span>TECHNOLOGIE\u00a0: Transformez l&#8217;apparence des yeux fatigu\u00e9s avec ce s\u00e9rum apaisant et hydratant rapide. <\/span><\/span><\/li>\n<li class=\"a-spacing-mini\"><span class=\"a-list-item\"><span>S&#8217;absorbe rapidement et se superpose facilement sous vos traitements, cr\u00e8mes et maquillage pr\u00e9f\u00e9r\u00e9s.<\/span><\/span><\/li>\n<li><span class=\"a-list-item\">HYDRATATION ACCRUE\u00a0: Aquaspheres augmente l&#8217;hydratation de 88\u00a0%, laissant la peau instantan\u00e9ment hydrat\u00e9e.<\/span><\/li>\n<li class=\"a-spacing-mini\"><span class=\"a-list-item\"><span>ALIMENT\u00c9ES PAR LA SCIENCE\u00a0: Test\u00e9es par des dermatologues et des allergies, les formules bio-cosm\u00e9ceutiques Advanced MD ont \u00e9t\u00e9 cr\u00e9\u00e9es en utilisant les d\u00e9couvertes les plus r\u00e9centes de la science dermatologique.<\/span><\/span><\/li>\n<\/ul>","protected":false},"excerpt":{"rendered":"<p><strong>Bienfaits<\/strong><\/p>\n<ul class=\"a-unordered-list a-vertical a-spacing-mini\">\n<li class=\"a-spacing-mini\"><span class=\"a-list-item\"><span>S\u00c9RUM DE CORRECTION : Le s\u00e9rum AdvancedMD Dark Circle Eraser raffermit, \u00e9claircit et tonifie pour un teint lisse et homog\u00e8ne. Les yeux paraissent brillants, lift\u00e9s et anim\u00e9s.<\/span><\/span><\/li>\n<li>Le s\u00e9rum correcteur AdvancedMD Puffy Eye d\u00e9gonfle visiblement, raffermit\u00a0 les yeux fatigu\u00e9s tout en rafra\u00eechissant et \u00e9claircissant la peau terne et s\u00e8che. Les formules exclusives r\u00e9activent votre beaut\u00e9 de jeunesse en stimulant l&#8217;hydratation et le renouvellement naturels. Ces complexes uniques et puissants contiennent des peptides et des antioxydants pour cibler le vieillissement cutan\u00e9 \u00e0 tous les niveaux.<\/li>\n<\/ul>","protected":false},"featured_media":2700,"comment_status":"open","ping_status":"closed","template":"","meta":{"_joinchat":[]},"product_brand":[],"product_cat":[22],"product_tag":[361],"class_list":{"0":"post-2710","1":"product","2":"type-product","3":"status-publish","4":"has-post-thumbnail","6":"product_cat-skincare","7":"product_tag-advanced-md","9":"first","10":"outofstock","11":"shipping-taxable","12":"purchasable","13":"product-type-simple"},"jetpack_sharing_enabled":true,"_links":{"self":[{"href":"https:\/\/olympiaboutique.com\/en\/wp-json\/wp\/v2\/product\/2710","targetHints":{"allow":["GET"]}}],"collection":[{"href":"https:\/\/olympiaboutique.com\/en\/wp-json\/wp\/v2\/product"}],"about":[{"href":"https:\/\/olympiaboutique.com\/en\/wp-json\/wp\/v2\/types\/product"}],"replies":[{"embeddable":true,"href":"https:\/\/olympiaboutique.com\/en\/wp-json\/wp\/v2\/comments?post=2710"}],"wp:featuredmedia":[{"embeddable":true,"href":"https:\/\/olympiaboutique.com\/en\/wp-json\/wp\/v2\/media\/2700"}],"wp:attachment":[{"href":"https:\/\/olympiaboutique.com\/en\/wp-json\/wp\/v2\/media?parent=2710"}],"wp:term":[{"taxonomy":"product_brand","embeddable":true,"href":"https:\/\/olympiaboutique.com\/en\/wp-json\/wp\/v2\/product_brand?post=2710"},{"taxonomy":"product_cat","embeddable":true,"href":"https:\/\/olympiaboutique.com\/en\/wp-json\/wp\/v2\/product_cat?post=2710"},{"taxonomy":"product_tag","embeddable":true,"href":"https:\/\/olympiaboutique.com\/en\/wp-json\/wp\/v2\/product_tag?post=2710"}],"curies":[{"name":"wp","href":"https:\/\/api.w.org\/{rel}","templated":true}]}}