{"id":2705,"date":"2024-04-08T14:50:34","date_gmt":"2024-04-08T14:50:34","guid":{"rendered":"https:\/\/olympiaboutique.com\/?post_type=product&#038;p=2705"},"modified":"2025-12-01T04:26:39","modified_gmt":"2025-12-01T04:26:39","slug":"advanced-clinicals-serum-niacinamide5-pour-le-visage-52-ml","status":"publish","type":"product","link":"https:\/\/olympiaboutique.com\/en\/product\/advanced-clinicals-serum-niacinamide5-pour-le-visage-52-ml\/","title":{"rendered":"Advanced Clinicals S\u00e9rum Niacinamide 5% pour le visage, 52 ml"},"content":{"rendered":"<ul class=\"a-unordered-list a-vertical a-spacing-mini\">\n<li class=\"a-spacing-mini\"><span class=\"a-list-item\"><span>SEULEMENT 5 % DE S\u00c9RUM NIACINAMIDE &#8211; Notre s\u00e9rum niacinamide pour le visage contient de l&#8217;acide hyaluronique et de l&#8217;acide f\u00e9rulique, ainsi que de l&#8217;aloe vera et des extraits naturels de fruits. La formule est douce, efficace et sans danger pour tous les types de peau. Des concentrations sup\u00e9rieures \u00e0 5 % peuvent provoquer une irritation cutan\u00e9e.<\/span><\/span><\/li>\n<li class=\"a-spacing-mini\"><span class=\"a-list-item\"><span><span>Test\u00e9 par des dermatologues et des allergies \u2013 Le s\u00e9rum pour le visage \u00e0 la niacinamide Advanced Clinicals repose sur un approvisionnement en ingr\u00e9dients \u00e9thiques de haute qualit\u00e9. Notre formule sans cruaut\u00e9 est fabriqu\u00e9e aux \u00c9tats-Unis dans un laboratoire audit\u00e9 par le gouvernement f\u00e9d\u00e9ral et est soumise \u00e0 un processus d&#8217;assurance qualit\u00e9 strict.<\/span><\/span><\/span><\/li>\n<li class=\"a-spacing-mini\"><span class=\"a-list-item\"><span><span>\u00c9CLAIRCISSEZ, RESTAUREZ, RENOUVELEZ \u2013 . Quel que soit votre type de peau, Advanced Clinicals a sa solution naturelle. Redonnez \u00e0 votre peau un \u00e9clat plus jeune gr\u00e2ce au pouvoir du niacinamide et \u00e0 des formules scientifiquement prouv\u00e9es.\u00a0<\/span><\/span><\/span><\/li>\n<\/ul>","protected":false},"excerpt":{"rendered":"<p><strong>Bienfaits<\/strong><\/p>\n<ul class=\"a-unordered-list a-vertical a-spacing-mini\">\n<li class=\"a-spacing-mini\"><span class=\"a-list-item\"><span>\u00c9CLAIRCIT ET CLARIFIE LA PEAU &#8211; Transformez la peau \u00e0 probl\u00e8mes et r\u00e9v\u00e9lez votre beaut\u00e9 naturelle. Notre tonique \u00e0 la niacinamide est infus\u00e9 de zinc et de magn\u00e9sium. Utiliser pour les taches brunes, les taches de vieillesse, le traitement de l&#8217;hyperpigmentation, la d\u00e9coloration de la peau, les tons tach\u00e9s, les rougeurs et le teint irr\u00e9gulier.<\/span><\/span><\/li>\n<li class=\"a-spacing-mini\"><span class=\"a-list-item\"><span>RALENTIT LES SIGNES DU VIEILLISSEMENT &#8211; Notre niacinamide tout sauf ordinaire aide \u00e0 r\u00e9duire l&#8217;apparence des rides et ridules pr\u00e8s des yeux, de la bouche et du front, laissant la peau avec un fini satin\u00e9 et hydrat\u00e9 qui semble repulp\u00e9 de l&#8217;int\u00e9rieur.<\/span><\/span><\/li>\n<\/ul>\n<p>&nbsp;<\/p>","protected":false},"featured_media":2698,"comment_status":"open","ping_status":"closed","template":"","meta":{"_joinchat":[]},"product_brand":[],"product_cat":[22],"product_tag":[275],"class_list":{"0":"post-2705","1":"product","2":"type-product","3":"status-publish","4":"has-post-thumbnail","6":"product_cat-skincare","7":"product_tag-advanced-clinical","9":"first","10":"outofstock","11":"shipping-taxable","12":"purchasable","13":"product-type-simple"},"jetpack_sharing_enabled":true,"_links":{"self":[{"href":"https:\/\/olympiaboutique.com\/en\/wp-json\/wp\/v2\/product\/2705","targetHints":{"allow":["GET"]}}],"collection":[{"href":"https:\/\/olympiaboutique.com\/en\/wp-json\/wp\/v2\/product"}],"about":[{"href":"https:\/\/olympiaboutique.com\/en\/wp-json\/wp\/v2\/types\/product"}],"replies":[{"embeddable":true,"href":"https:\/\/olympiaboutique.com\/en\/wp-json\/wp\/v2\/comments?post=2705"}],"wp:featuredmedia":[{"embeddable":true,"href":"https:\/\/olympiaboutique.com\/en\/wp-json\/wp\/v2\/media\/2698"}],"wp:attachment":[{"href":"https:\/\/olympiaboutique.com\/en\/wp-json\/wp\/v2\/media?parent=2705"}],"wp:term":[{"taxonomy":"product_brand","embeddable":true,"href":"https:\/\/olympiaboutique.com\/en\/wp-json\/wp\/v2\/product_brand?post=2705"},{"taxonomy":"product_cat","embeddable":true,"href":"https:\/\/olympiaboutique.com\/en\/wp-json\/wp\/v2\/product_cat?post=2705"},{"taxonomy":"product_tag","embeddable":true,"href":"https:\/\/olympiaboutique.com\/en\/wp-json\/wp\/v2\/product_tag?post=2705"}],"curies":[{"name":"wp","href":"https:\/\/api.w.org\/{rel}","templated":true}]}}