{"id":2690,"date":"2024-04-05T13:39:21","date_gmt":"2024-04-05T13:39:21","guid":{"rendered":"https:\/\/olympiaboutique.com\/?post_type=product&#038;p=2690"},"modified":"2025-12-01T04:26:39","modified_gmt":"2025-12-01T04:26:39","slug":"cantu-shea-butter-for-natural-hair-shampoo-and-conditioner-sulfate-free-1lx2","status":"publish","type":"product","link":"https:\/\/olympiaboutique.com\/en\/product\/cantu-shea-butter-for-natural-hair-shampoo-and-conditioner-sulfate-free-1lx2\/","title":{"rendered":"Cantu Shea Butter for Natural Hair Shampoo and Conditioner SULFATE FREE, 1Lx2"},"content":{"rendered":"<ul>\n<li><span>La formule unique sans sulfate aide \u00e0 r\u00e9duire la casse<\/span><\/li>\n<li><span>Fabriqu\u00e9 avec du beurre de karit\u00e9 pur et formul\u00e9 sans ingr\u00e9dients agressifs<\/span><\/li>\n<li><span>Shampoing cheveux naturels Cantu pour un nettoyage en profondeur<\/span><\/li>\n<li><span>Jamais test\u00e9 sur les animaux<\/span><\/li>\n<li><span>Fabriqu\u00e9 aux \u00c9tats-Unis<\/span><\/li>\n<li><span>Le revitalisant comprend du beurre de karit\u00e9 pur et des huiles essentielles qui revitalisent vos m\u00e8ches en leur donnant la bonne quantit\u00e9 de texture et d&#8217;\u00e9clat. La formule aide \u00e0 rendre vos cheveux doux et faciles \u00e0 coiffer.\u00a0<\/span><\/li>\n<\/ul>","protected":false},"excerpt":{"rendered":"<p><strong>Bienfaits<\/strong><\/p>\n<p>Am\u00e9liorez votre routine de soins capillaires avec le shampooing cr\u00e8me nettoyant au beurre de karit\u00e9 Cantu pour cheveux naturels. Ce produit est un choix id\u00e9al pour les cheveux naturels. Il nettoie en profondeur les cheveux et le cuir chevelu, favorisant la croissance. La formule unique sans sulfate aide \u00e0 r\u00e9duire la casse. Fabriqu\u00e9 avec du beurre de karit\u00e9 pur et formul\u00e9 sans ingr\u00e9dients agressifs, ce produit restaure votre beaut\u00e9 r\u00e9elle et authentique. Embrassez vos cheveux boucl\u00e9s, fris\u00e9s ou ondul\u00e9s avec le shampooing sans sulfate Cantu. Pour des r\u00e9sultats optimaux, associez-le \u00e0 votre revitalisant et produits coiffants Cantu pr\u00e9f\u00e9r\u00e9s<\/p>","protected":false},"featured_media":2679,"comment_status":"open","ping_status":"closed","template":"","meta":{"_joinchat":[]},"product_brand":[],"product_cat":[109],"product_tag":[307],"class_list":{"0":"post-2690","1":"product","2":"type-product","3":"status-publish","4":"has-post-thumbnail","6":"product_cat-cheveux","7":"product_tag-cantu","9":"first","10":"outofstock","11":"shipping-taxable","12":"purchasable","13":"product-type-simple"},"jetpack_sharing_enabled":true,"_links":{"self":[{"href":"https:\/\/olympiaboutique.com\/en\/wp-json\/wp\/v2\/product\/2690","targetHints":{"allow":["GET"]}}],"collection":[{"href":"https:\/\/olympiaboutique.com\/en\/wp-json\/wp\/v2\/product"}],"about":[{"href":"https:\/\/olympiaboutique.com\/en\/wp-json\/wp\/v2\/types\/product"}],"replies":[{"embeddable":true,"href":"https:\/\/olympiaboutique.com\/en\/wp-json\/wp\/v2\/comments?post=2690"}],"wp:featuredmedia":[{"embeddable":true,"href":"https:\/\/olympiaboutique.com\/en\/wp-json\/wp\/v2\/media\/2679"}],"wp:attachment":[{"href":"https:\/\/olympiaboutique.com\/en\/wp-json\/wp\/v2\/media?parent=2690"}],"wp:term":[{"taxonomy":"product_brand","embeddable":true,"href":"https:\/\/olympiaboutique.com\/en\/wp-json\/wp\/v2\/product_brand?post=2690"},{"taxonomy":"product_cat","embeddable":true,"href":"https:\/\/olympiaboutique.com\/en\/wp-json\/wp\/v2\/product_cat?post=2690"},{"taxonomy":"product_tag","embeddable":true,"href":"https:\/\/olympiaboutique.com\/en\/wp-json\/wp\/v2\/product_tag?post=2690"}],"curies":[{"name":"wp","href":"https:\/\/api.w.org\/{rel}","templated":true}]}}