{"id":2683,"date":"2024-04-05T11:42:38","date_gmt":"2024-04-05T11:42:38","guid":{"rendered":"https:\/\/olympiaboutique.com\/?post_type=product&#038;p=2683"},"modified":"2025-12-01T04:26:39","modified_gmt":"2025-12-01T04:26:39","slug":"dentifrice-colgate-total-whitening-paquet-de-5-170g-par-tube","status":"publish","type":"product","link":"https:\/\/olympiaboutique.com\/en\/product\/dentifrice-colgate-total-whitening-paquet-de-5-170g-par-tube\/","title":{"rendered":"Colgate Total Whitening Dentifrice (packet de 5), 170g par tube"},"content":{"rendered":"<p>Obtenez 10 avantages et aucun compromis avec le dentifrice Colgate Total Teeth Whitening. Ce dentifrice Colgate Total aux multiples avantages offre un soulagement de la sensibilit\u00e9 42 %* sup\u00e9rieur \u00e0 celui d&#8217;un dentifrice au fluor ordinaire tout en \u00e9liminant et en pr\u00e9venant les taches de surface. Ce dentifrice \u00e0 la menthe laisse votre bouche fra\u00eeche apr\u00e8s chaque brossage. \u00c9liminez les taches de surface en brossant deux fois par jour avec ce dentifrice blanchissant les dents. De plus, ce dentifrice blanchissant sans sucre et sans gluten aide \u00e0 \u00e9liminer les taches pour des dents plus blanches. Stockez facilement plusieurs salles de bains avec ce\u00a0 pack de dentifrice pratique. Pour une bonne hygi\u00e8ne bucco-dentaire, brossez-vous les dents deux fois par jour pendant deux minutes. Vous pouvez sourire en toute confiance lorsque vous utilisez le dentifrice blanchissant les dents Colgate Total. Laissez votre bouche propre et fra\u00eeche et \u00e9liminez les taches de surface avec le dentifrice Colgate Total. .<\/p>","protected":false},"excerpt":{"rendered":"<p><strong>Bienfaits<\/strong><\/p>\n<ul class=\"a-unordered-list a-vertical a-spacing-mini\">\n<li class=\"a-spacing-mini\"><span class=\"a-list-item\"><span>Le dentifrice Colgate Total Whitening offre 42 % de soulagement de la sensibilit\u00e9 en plus (par rapport \u00e0 un dentifrice au fluor ordinaire apr\u00e8s 8 semaines d&#8217;utilisation)<\/span><\/span><\/li>\n<li class=\"a-spacing-mini\"><span class=\"a-list-item\"><span>B\u00e9n\u00e9ficiez de 10 avantages et aucun compromis avec le dentifrice Colgate Total<\/span><\/span><\/li>\n<li class=\"a-spacing-mini\"><span class=\"a-list-item\"><span>Utilisez le dentifrice Colgate Total Whitening pour \u00e9liminer les taches de surface et obtenir un sourire plus blanc et plus \u00e9clatant.<\/span><\/span><\/li>\n<li class=\"a-spacing-mini\"><span class=\"a-list-item\"><span>Ce dentifrice \u00e0 la menthe laisse votre bouche propre et votre haleine rafra\u00eechie.<\/span><\/span><\/li>\n<li class=\"a-spacing-mini\"><span class=\"a-list-item\"><span>La formule comprend du fluorure stanneux et poss\u00e8de une protection antibact\u00e9rienne cliniquement prouv\u00e9e pour une bouche plus saine ( par rapport \u00e0 un dentifrice au fluorure non antibact\u00e9rien avec un brossage deux fois par jour apr\u00e8s quatre semaines d&#8217;utilisation continue)<\/span><\/span><\/li>\n<\/ul>","protected":false},"featured_media":2677,"comment_status":"open","ping_status":"closed","template":"","meta":{"_joinchat":[]},"product_brand":[],"product_cat":[53],"product_tag":[357],"class_list":{"0":"post-2683","1":"product","2":"type-product","3":"status-publish","4":"has-post-thumbnail","6":"product_cat-pharmaceutiques","7":"product_tag-colgate","9":"first","10":"outofstock","11":"shipping-taxable","12":"purchasable","13":"product-type-simple"},"jetpack_sharing_enabled":true,"_links":{"self":[{"href":"https:\/\/olympiaboutique.com\/en\/wp-json\/wp\/v2\/product\/2683","targetHints":{"allow":["GET"]}}],"collection":[{"href":"https:\/\/olympiaboutique.com\/en\/wp-json\/wp\/v2\/product"}],"about":[{"href":"https:\/\/olympiaboutique.com\/en\/wp-json\/wp\/v2\/types\/product"}],"replies":[{"embeddable":true,"href":"https:\/\/olympiaboutique.com\/en\/wp-json\/wp\/v2\/comments?post=2683"}],"wp:featuredmedia":[{"embeddable":true,"href":"https:\/\/olympiaboutique.com\/en\/wp-json\/wp\/v2\/media\/2677"}],"wp:attachment":[{"href":"https:\/\/olympiaboutique.com\/en\/wp-json\/wp\/v2\/media?parent=2683"}],"wp:term":[{"taxonomy":"product_brand","embeddable":true,"href":"https:\/\/olympiaboutique.com\/en\/wp-json\/wp\/v2\/product_brand?post=2683"},{"taxonomy":"product_cat","embeddable":true,"href":"https:\/\/olympiaboutique.com\/en\/wp-json\/wp\/v2\/product_cat?post=2683"},{"taxonomy":"product_tag","embeddable":true,"href":"https:\/\/olympiaboutique.com\/en\/wp-json\/wp\/v2\/product_tag?post=2683"}],"curies":[{"name":"wp","href":"https:\/\/api.w.org\/{rel}","templated":true}]}}