{"id":2682,"date":"2024-04-05T11:16:53","date_gmt":"2024-04-05T11:16:53","guid":{"rendered":"https:\/\/olympiaboutique.com\/?post_type=product&#038;p=2682"},"modified":"2025-12-01T04:26:39","modified_gmt":"2025-12-01T04:26:39","slug":"crest-3d-white-advance-dentifrice-anti-carie-a-saveur-blanchissante-paquet-de-5","status":"publish","type":"product","link":"https:\/\/olympiaboutique.com\/en\/product\/crest-3d-white-advance-dentifrice-anti-carie-a-saveur-blanchissante-paquet-de-5\/","title":{"rendered":"Crest ProHealth Advanced Dentifrice anti-carie blanchissante, paquet de 5"},"content":{"rendered":"<p>Le fluorure stanneux est un ingr\u00e9dient de certains dentifrices, comme Crest Pro-Health, qui prot\u00e8ge contre les caries, l&#8217;\u00e9rosion acide, la gingivite, la plaque dentaire, la mauvaise haleine et la sensibilit\u00e9 dentaire. Crest a d\u00e9velopp\u00e9 la plus grande collection de dentifrices au fluorure stanneux pour am\u00e9liorer la sant\u00e9 de toute la bouche et offrir une exp\u00e9rience de brossage agr\u00e9able. Crest est l&#8217;un des leaders en mati\u00e8re d&#8217;innovations en mati\u00e8re de sant\u00e9 dentaire depuis sa cr\u00e9ation en 1955.<\/p>","protected":false},"excerpt":{"rendered":"<p><strong>Bienfait<\/strong><\/p>\n<p>Illuminez votre sourire avec le dentifrice ultra blanchissant Crest 3D White. Il \u00e9limine jusqu&#8217;\u00e0 80 % des taches en surface, m\u00eame dans les endroits difficiles d&#8217;acc\u00e8s. Crest 3D White ultra pr\u00e9sente trois avantages dans un seul tube.<\/p>\n<p>Il blanchit vos dents, renforce l\u2019\u00e9mail fragilis\u00e9 et prot\u00e8ge contre les futures taches.<\/p>","protected":false},"featured_media":2675,"comment_status":"open","ping_status":"closed","template":"","meta":{"_joinchat":[]},"product_brand":[],"product_cat":[53],"product_tag":[356],"class_list":{"0":"post-2682","1":"product","2":"type-product","3":"status-publish","4":"has-post-thumbnail","6":"product_cat-pharmaceutiques","7":"product_tag-crest","9":"first","10":"outofstock","11":"shipping-taxable","12":"purchasable","13":"product-type-simple"},"jetpack_sharing_enabled":true,"_links":{"self":[{"href":"https:\/\/olympiaboutique.com\/en\/wp-json\/wp\/v2\/product\/2682","targetHints":{"allow":["GET"]}}],"collection":[{"href":"https:\/\/olympiaboutique.com\/en\/wp-json\/wp\/v2\/product"}],"about":[{"href":"https:\/\/olympiaboutique.com\/en\/wp-json\/wp\/v2\/types\/product"}],"replies":[{"embeddable":true,"href":"https:\/\/olympiaboutique.com\/en\/wp-json\/wp\/v2\/comments?post=2682"}],"wp:featuredmedia":[{"embeddable":true,"href":"https:\/\/olympiaboutique.com\/en\/wp-json\/wp\/v2\/media\/2675"}],"wp:attachment":[{"href":"https:\/\/olympiaboutique.com\/en\/wp-json\/wp\/v2\/media?parent=2682"}],"wp:term":[{"taxonomy":"product_brand","embeddable":true,"href":"https:\/\/olympiaboutique.com\/en\/wp-json\/wp\/v2\/product_brand?post=2682"},{"taxonomy":"product_cat","embeddable":true,"href":"https:\/\/olympiaboutique.com\/en\/wp-json\/wp\/v2\/product_cat?post=2682"},{"taxonomy":"product_tag","embeddable":true,"href":"https:\/\/olympiaboutique.com\/en\/wp-json\/wp\/v2\/product_tag?post=2682"}],"curies":[{"name":"wp","href":"https:\/\/api.w.org\/{rel}","templated":true}]}}