{"id":268,"date":"2023-07-26T21:04:11","date_gmt":"2023-07-26T21:04:11","guid":{"rendered":"https:\/\/olympiaboutique.com\/?post_type=product&#038;p=268"},"modified":"2025-12-01T04:17:41","modified_gmt":"2025-12-01T04:17:41","slug":"epice-curry","status":"publish","type":"product","link":"https:\/\/olympiaboutique.com\/en\/product\/epice-curry\/","title":{"rendered":"Member&#8217;s Mark Poudre de Curry 539g"},"content":{"rendered":"<p>M\u00e9lange piquant et \u00e9pic\u00e9 d\u2019\u00e9pices indiennes traditionnelles telles que le cumin, le curcuma et le fenugrec, la poudre de curry donne une saveur authentique et d\u00e9lectable au curry. La poudre de curry Member\u2019s Mark\u2122 ajoute une saveur profonde et complexe aux cuisines savoureuses, notamment les kebabs, les nouilles, le riz, l\u2019agneau, le b\u0153uf, les l\u00e9gumes et les fruits de mer.<\/p>","protected":false},"excerpt":{"rendered":"<p>M\u00e9lange piquant et \u00e9pic\u00e9 d\u2019\u00e9pices indiennes traditionnelles telles que le cumin, le curcuma et le fenugrec, la poudre de curry&#8230;<\/p>","protected":false},"featured_media":1516,"comment_status":"open","ping_status":"closed","template":"","meta":{"_joinchat":[]},"product_brand":[],"product_cat":[20],"product_tag":[],"class_list":{"0":"post-268","1":"product","2":"type-product","3":"status-publish","4":"has-post-thumbnail","6":"product_cat-epice","8":"first","9":"outofstock","10":"shipping-taxable","11":"purchasable","12":"product-type-simple"},"jetpack_sharing_enabled":true,"_links":{"self":[{"href":"https:\/\/olympiaboutique.com\/en\/wp-json\/wp\/v2\/product\/268","targetHints":{"allow":["GET"]}}],"collection":[{"href":"https:\/\/olympiaboutique.com\/en\/wp-json\/wp\/v2\/product"}],"about":[{"href":"https:\/\/olympiaboutique.com\/en\/wp-json\/wp\/v2\/types\/product"}],"replies":[{"embeddable":true,"href":"https:\/\/olympiaboutique.com\/en\/wp-json\/wp\/v2\/comments?post=268"}],"wp:featuredmedia":[{"embeddable":true,"href":"https:\/\/olympiaboutique.com\/en\/wp-json\/wp\/v2\/media\/1516"}],"wp:attachment":[{"href":"https:\/\/olympiaboutique.com\/en\/wp-json\/wp\/v2\/media?parent=268"}],"wp:term":[{"taxonomy":"product_brand","embeddable":true,"href":"https:\/\/olympiaboutique.com\/en\/wp-json\/wp\/v2\/product_brand?post=268"},{"taxonomy":"product_cat","embeddable":true,"href":"https:\/\/olympiaboutique.com\/en\/wp-json\/wp\/v2\/product_cat?post=268"},{"taxonomy":"product_tag","embeddable":true,"href":"https:\/\/olympiaboutique.com\/en\/wp-json\/wp\/v2\/product_tag?post=268"}],"curies":[{"name":"wp","href":"https:\/\/api.w.org\/{rel}","templated":true}]}}