{"id":267,"date":"2023-07-26T21:03:07","date_gmt":"2023-07-26T21:03:07","guid":{"rendered":"https:\/\/olympiaboutique.com\/?post_type=product&#038;p=267"},"modified":"2026-02-24T20:39:51","modified_gmt":"2026-02-24T20:39:51","slug":"treehut-scrub-gommage-corporel","status":"publish","type":"product","link":"https:\/\/olympiaboutique.com\/en\/product\/treehut-scrub-gommage-corporel\/","title":{"rendered":"TreeHut Scrub Gommage Corporel, 510g"},"content":{"rendered":"<p>Faites l\u2019exp\u00e9rience d\u2019une exfoliation intense et r\u00e9v\u00e9lez une peau douce et \u00e9clatante avec le parfum \u00e9clatant de la vitamine C ! Fabriqu\u00e9 avec du sucre, du beurre de karit\u00e9, de la vitamine C, de l\u2019acide alpha-hydroxy (AHA) et une gamme d\u2019huiles naturelles comme les huiles de pamplemousse, d\u2019onagre, d\u2019avocat, de macadamia, d\u2019amande douce, de carthame et d\u2019orange.<\/p>\n<p>Les gommages au sucre de karit\u00e9 Tree Hut sont des gommages corporels exfoliants efficaces qui \u00e9liminent la peau terne et s\u00e8che pour r\u00e9v\u00e9ler une peau \u00e9clatante, douce et lisse.\u00a0Nous formulons avec de fortes concentrations d\u2019ingr\u00e9dients v\u00e9g\u00e9taux respectueux de la peau.\u00a0Notre assortiment rehausse n&#8217;importe quelle routine de douche avec des ingr\u00e9dients comme le beurre de karit\u00e9, le beurre de cupua\u00e7u, le sucre, l&#8217;huile d&#8217;avocat, l&#8217;huile de graines de macadamia, l&#8217;huile d&#8217;onagre, l&#8217;huile d&#8217;amande douce, l&#8217;huile de graines de chanvre, l&#8217;huile de noix de coco, le guarana, l&#8217;alo\u00e8s, les enzymes de fruits, les extraits de fruits et vitamine C. Les gommages corporels et autres produits Tree Hut sont fi\u00e8rement fabriqu\u00e9s sans parab\u00e8nes ni sulfates.<\/p>","protected":false},"excerpt":{"rendered":"<ul>\n<li>Le gommage exfoliant pour le corps \u00e9limine la peau terne et s\u00e8che pour r\u00e9v\u00e9ler une peau \u00e9clatante, douce et lisse.<br \/>\nIl nourrit en profondeur et \u00e9quilibre l\u2019hydratation de la peau pour aider \u00e0 restaurer l\u2019\u00e9clat naturel de la peau.<\/li>\n<li>Appliquez une quantit\u00e9 g\u00e9n\u00e9reuse sur la peau humide ou s\u00e8che.<\/li>\n<li>Faites des mouvements circulaires pour une couverture uniforme et une exfoliation efficace. Rincez bien.<\/li>\n<\/ul>","protected":false},"featured_media":100,"comment_status":"open","ping_status":"closed","template":"","meta":{"_joinchat":[]},"product_brand":[],"product_cat":[22],"product_tag":[321],"class_list":{"0":"post-267","1":"product","2":"type-product","3":"status-publish","4":"has-post-thumbnail","6":"product_cat-skincare","7":"product_tag-tree-hut","9":"first","10":"outofstock","11":"shipping-taxable","12":"product-type-variable"},"jetpack_sharing_enabled":true,"_links":{"self":[{"href":"https:\/\/olympiaboutique.com\/en\/wp-json\/wp\/v2\/product\/267","targetHints":{"allow":["GET"]}}],"collection":[{"href":"https:\/\/olympiaboutique.com\/en\/wp-json\/wp\/v2\/product"}],"about":[{"href":"https:\/\/olympiaboutique.com\/en\/wp-json\/wp\/v2\/types\/product"}],"replies":[{"embeddable":true,"href":"https:\/\/olympiaboutique.com\/en\/wp-json\/wp\/v2\/comments?post=267"}],"wp:featuredmedia":[{"embeddable":true,"href":"https:\/\/olympiaboutique.com\/en\/wp-json\/wp\/v2\/media\/100"}],"wp:attachment":[{"href":"https:\/\/olympiaboutique.com\/en\/wp-json\/wp\/v2\/media?parent=267"}],"wp:term":[{"taxonomy":"product_brand","embeddable":true,"href":"https:\/\/olympiaboutique.com\/en\/wp-json\/wp\/v2\/product_brand?post=267"},{"taxonomy":"product_cat","embeddable":true,"href":"https:\/\/olympiaboutique.com\/en\/wp-json\/wp\/v2\/product_cat?post=267"},{"taxonomy":"product_tag","embeddable":true,"href":"https:\/\/olympiaboutique.com\/en\/wp-json\/wp\/v2\/product_tag?post=267"}],"curies":[{"name":"wp","href":"https:\/\/api.w.org\/{rel}","templated":true}]}}