{"id":2643,"date":"2024-04-04T13:55:53","date_gmt":"2024-04-04T13:55:53","guid":{"rendered":"https:\/\/olympiaboutique.com\/?post_type=product&#038;p=2643"},"modified":"2025-12-01T04:26:40","modified_gmt":"2025-12-01T04:26:40","slug":"heinz-condiments-picnic-pack-4-pk","status":"publish","type":"product","link":"https:\/\/olympiaboutique.com\/en\/product\/heinz-condiments-picnic-pack-4-pk\/","title":{"rendered":"Heinz Condiments Picnic Pack (4 pk.)"},"content":{"rendered":"<p>Le pack pique-nique Heinz \u00ae comprend deux bouteilles de ketchup Heinz, une bouteille de relish sucr\u00e9e et une bouteille de moutarde jaune. C\u2019est un moyen pratique de s\u2019approvisionner pour les f\u00eates, les barbecues et plus encore.<\/p>\n<p>Heinz est une ic\u00f4ne am\u00e9ricaine depuis des d\u00e9cennies. Utilisez les condiments Heinz sur les frites, les sandwichs, les hot-dogs et les hamburgers. Ce pack est id\u00e9al pour le talonnage au jeu, les barbecues ou la table du d\u00eener.<\/p>","protected":false},"excerpt":{"rendered":"<p>Ce pack de pique-nique a tout ce dont vous avez besoin pour garnir vos hamburgers, hot-dogs et plus encore. Il est parfait pour les barbecues, les f\u00eates d\u2019anniversaire etc<\/p>\n<p>Pratique pour les pique-niques ou les grillades<br \/>\nD\u00e9licieux sur les hot-dogs et les hamburgers<br \/>\nTous vos favoris : ketchup, relish sucr\u00e9e et moutarde<\/p>","protected":false},"featured_media":2601,"comment_status":"open","ping_status":"closed","template":"","meta":{"_joinchat":[]},"product_brand":[],"product_cat":[20,23],"product_tag":[352],"class_list":{"0":"post-2643","1":"product","2":"type-product","3":"status-publish","4":"has-post-thumbnail","6":"product_cat-epice","7":"product_cat-food","8":"product_tag-heinz-picnic-pack","10":"first","11":"outofstock","12":"shipping-taxable","13":"purchasable","14":"product-type-simple"},"jetpack_sharing_enabled":true,"_links":{"self":[{"href":"https:\/\/olympiaboutique.com\/en\/wp-json\/wp\/v2\/product\/2643","targetHints":{"allow":["GET"]}}],"collection":[{"href":"https:\/\/olympiaboutique.com\/en\/wp-json\/wp\/v2\/product"}],"about":[{"href":"https:\/\/olympiaboutique.com\/en\/wp-json\/wp\/v2\/types\/product"}],"replies":[{"embeddable":true,"href":"https:\/\/olympiaboutique.com\/en\/wp-json\/wp\/v2\/comments?post=2643"}],"wp:featuredmedia":[{"embeddable":true,"href":"https:\/\/olympiaboutique.com\/en\/wp-json\/wp\/v2\/media\/2601"}],"wp:attachment":[{"href":"https:\/\/olympiaboutique.com\/en\/wp-json\/wp\/v2\/media?parent=2643"}],"wp:term":[{"taxonomy":"product_brand","embeddable":true,"href":"https:\/\/olympiaboutique.com\/en\/wp-json\/wp\/v2\/product_brand?post=2643"},{"taxonomy":"product_cat","embeddable":true,"href":"https:\/\/olympiaboutique.com\/en\/wp-json\/wp\/v2\/product_cat?post=2643"},{"taxonomy":"product_tag","embeddable":true,"href":"https:\/\/olympiaboutique.com\/en\/wp-json\/wp\/v2\/product_tag?post=2643"}],"curies":[{"name":"wp","href":"https:\/\/api.w.org\/{rel}","templated":true}]}}