{"id":2640,"date":"2024-04-04T13:18:08","date_gmt":"2024-04-04T13:18:08","guid":{"rendered":"https:\/\/olympiaboutique.com\/?post_type=product&#038;p=2640"},"modified":"2025-12-01T04:26:40","modified_gmt":"2025-12-01T04:26:40","slug":"vitamine-c-retinol-huile-visage-et-corps-eclaircissante-orange-hibiscus-home-body-co-236-ml","status":"publish","type":"product","link":"https:\/\/olympiaboutique.com\/en\/product\/vitamine-c-retinol-huile-visage-et-corps-eclaircissante-orange-hibiscus-home-body-co-236-ml\/","title":{"rendered":"Home &amp; Body Co, Vitamine C + R\u00e9tinol Huile Visage et Corps \u00c9claircissante ORANGE HIBISCUS, 236 ML"},"content":{"rendered":"<p>Ingredients: Huile d\u2019argan, huile d\u2019avocat, huile de graines de coton, huile d\u2019amande douce, huile de graines de carthame, huile d\u2019olive, huile de jojoba, huile de graines de tournesol, huile de noix de coco<\/p>","protected":false},"excerpt":{"rendered":"<p><strong>Bienfaits<\/strong><\/p>\n<p>Hydratation, \u00c9lasticit\u00e9, Lissant, Repulpant, Apparence g\u00e9n\u00e9rale, Taches de vieillesse, Imperfections, Taches brunes, D\u00e9coloration, Signes pr\u00e9coces de l\u2019\u00e2ge, Hydratation, M\u00e9lasma\/hyperpigmentation, Nourrissant, Raffermissement de la peau, Tonus<\/p>","protected":false},"featured_media":2598,"comment_status":"open","ping_status":"closed","template":"","meta":{"_joinchat":[]},"product_brand":[],"product_cat":[22],"product_tag":[347],"class_list":{"0":"post-2640","1":"product","2":"type-product","3":"status-publish","4":"has-post-thumbnail","6":"product_cat-skincare","7":"product_tag-all-over-body-vitamin-c","9":"first","10":"outofstock","11":"shipping-taxable","12":"purchasable","13":"product-type-simple"},"jetpack_sharing_enabled":true,"_links":{"self":[{"href":"https:\/\/olympiaboutique.com\/en\/wp-json\/wp\/v2\/product\/2640","targetHints":{"allow":["GET"]}}],"collection":[{"href":"https:\/\/olympiaboutique.com\/en\/wp-json\/wp\/v2\/product"}],"about":[{"href":"https:\/\/olympiaboutique.com\/en\/wp-json\/wp\/v2\/types\/product"}],"replies":[{"embeddable":true,"href":"https:\/\/olympiaboutique.com\/en\/wp-json\/wp\/v2\/comments?post=2640"}],"wp:featuredmedia":[{"embeddable":true,"href":"https:\/\/olympiaboutique.com\/en\/wp-json\/wp\/v2\/media\/2598"}],"wp:attachment":[{"href":"https:\/\/olympiaboutique.com\/en\/wp-json\/wp\/v2\/media?parent=2640"}],"wp:term":[{"taxonomy":"product_brand","embeddable":true,"href":"https:\/\/olympiaboutique.com\/en\/wp-json\/wp\/v2\/product_brand?post=2640"},{"taxonomy":"product_cat","embeddable":true,"href":"https:\/\/olympiaboutique.com\/en\/wp-json\/wp\/v2\/product_cat?post=2640"},{"taxonomy":"product_tag","embeddable":true,"href":"https:\/\/olympiaboutique.com\/en\/wp-json\/wp\/v2\/product_tag?post=2640"}],"curies":[{"name":"wp","href":"https:\/\/api.w.org\/{rel}","templated":true}]}}