{"id":2639,"date":"2024-04-04T12:58:08","date_gmt":"2024-04-04T12:58:08","guid":{"rendered":"https:\/\/olympiaboutique.com\/?post_type=product&#038;p=2639"},"modified":"2025-12-01T04:26:40","modified_gmt":"2025-12-01T04:26:40","slug":"pommade-cicatrisante-aquaphor-396g","status":"publish","type":"product","link":"https:\/\/olympiaboutique.com\/en\/product\/pommade-cicatrisante-aquaphor-396g\/","title":{"rendered":"Aquaphor\u00ae, Pommade cicatrisante , 396g"},"content":{"rendered":"<ul>\n<li>Pour les peaux s\u00e8ches et chrom\u00e9es: cette pommade de gu\u00e9rison Aquaphor est sp\u00e9cialement con\u00e7ue pour les peaux s\u00e8ches et compromises et cliniquement prouv\u00e9e pour restaurer une peau lisse et saine<\/li>\n<li>Remplacement pratique: utilisez la pommade de gu\u00e9rison Aquaphor en remplacement d&#8217;une cr\u00e8me pour les pieds ou d&#8217;une cr\u00e8me pour les mains pour aider \u00e0 gu\u00e9rir les mains, les cuticules et les pieds craqu\u00e9s secs<\/li>\n<li>Id\u00e9al pour la gu\u00e9rison: Diff\u00e9rent d&#8217;une lotion pour le corps ou d&#8217;une cr\u00e8me, cette pommade est sans eau, et apaise la peau tout en cr\u00e9ant une barri\u00e8re protectrice qui permet le flux d&#8217;oxyg\u00e8ne pour cr\u00e9er un environnement de gu\u00e9rison id\u00e9al<\/li>\n<\/ul>","protected":false},"excerpt":{"rendered":"<p><strong>Bienfaits<\/strong><\/p>\n<p>Une solution essentielle: l&#8217;aquaphor est une solution essentielle pour de nombreux besoins de soins de la peau; utiliser sur les peaux s\u00e8ches et craqu\u00e9es, comme hydratant pour les l\u00e8vres, hydratant pour le visage, masque hydratant, soins des plaies mineures et bien plus encore<\/p>","protected":false},"featured_media":2597,"comment_status":"open","ping_status":"closed","template":"","meta":{"_joinchat":[]},"product_brand":[],"product_cat":[53,22],"product_tag":[350],"class_list":{"0":"post-2639","1":"product","2":"type-product","3":"status-publish","4":"has-post-thumbnail","6":"product_cat-pharmaceutiques","7":"product_cat-skincare","8":"product_tag-aquafor","10":"first","11":"outofstock","12":"shipping-taxable","13":"purchasable","14":"product-type-simple"},"jetpack_sharing_enabled":true,"_links":{"self":[{"href":"https:\/\/olympiaboutique.com\/en\/wp-json\/wp\/v2\/product\/2639","targetHints":{"allow":["GET"]}}],"collection":[{"href":"https:\/\/olympiaboutique.com\/en\/wp-json\/wp\/v2\/product"}],"about":[{"href":"https:\/\/olympiaboutique.com\/en\/wp-json\/wp\/v2\/types\/product"}],"replies":[{"embeddable":true,"href":"https:\/\/olympiaboutique.com\/en\/wp-json\/wp\/v2\/comments?post=2639"}],"wp:featuredmedia":[{"embeddable":true,"href":"https:\/\/olympiaboutique.com\/en\/wp-json\/wp\/v2\/media\/2597"}],"wp:attachment":[{"href":"https:\/\/olympiaboutique.com\/en\/wp-json\/wp\/v2\/media?parent=2639"}],"wp:term":[{"taxonomy":"product_brand","embeddable":true,"href":"https:\/\/olympiaboutique.com\/en\/wp-json\/wp\/v2\/product_brand?post=2639"},{"taxonomy":"product_cat","embeddable":true,"href":"https:\/\/olympiaboutique.com\/en\/wp-json\/wp\/v2\/product_cat?post=2639"},{"taxonomy":"product_tag","embeddable":true,"href":"https:\/\/olympiaboutique.com\/en\/wp-json\/wp\/v2\/product_tag?post=2639"}],"curies":[{"name":"wp","href":"https:\/\/api.w.org\/{rel}","templated":true}]}}