{"id":2635,"date":"2024-04-04T11:54:39","date_gmt":"2024-04-04T11:54:39","guid":{"rendered":"https:\/\/olympiaboutique.com\/?post_type=product&#038;p=2635"},"modified":"2025-12-01T04:26:40","modified_gmt":"2025-12-01T04:26:40","slug":"difeel-pro-growth-biotin-shampoo-conditioner-pack-1l-x-2","status":"publish","type":"product","link":"https:\/\/olympiaboutique.com\/en\/product\/difeel-pro-growth-biotin-shampoo-conditioner-pack-1l-x-2\/","title":{"rendered":"Difeel Pro-Growth Biotin Shampoo &#038; Conditioner- Pack, 1L x 2"},"content":{"rendered":"<ul>\n<li>COFFRET DE 2 PI\u00c8CES : Ce coffret cadeau Difeel Biotin Pro-Growth comprend \u00e0 la fois notre shampooing et notre revitalisant Difeel Biotin dans des flacons \u00e0 pompe de 1L.<\/li>\n<\/ul>\n<ul class=\"a-unordered-list a-vertical a-spacing-mini\">\n<li class=\"a-spacing-mini\"><span class=\"a-list-item\">SHAMPOOING ID\u00c9AL POUR LES CHEVEUX CLAIRSEM\u00c9S ET LA PERTE DE CHEVEUX HOMMES OU FEMMES &#8211; La formule fortifiante laisse les cheveux plus forts, plus volumineux et plus \u00e9pais tout en favorisant une croissance saine des cheveux. <\/span><\/li>\n<li class=\"a-spacing-mini\"><span class=\"a-list-item\">MEILLEUR SHAMPOOING \u00c9PAISSISSANT POUR LES CHEVEUX : Notre shampooing \u00e0 la biotine Pro-Growth est sans sulfate, sans parab\u00e8ne, sans phtalate. Il agit pour garder votre couleur de cheveux vibrante tout en donnant \u00e0 vos cheveux une maniabilit\u00e9, une douceur et une brillance.<\/span><\/li>\n<li class=\"a-spacing-mini\"><span class=\"a-list-item\">APR\u00c8S-SHAMPOOING PRO-CROISSANCE \u00c0 LA BIOTINE DIFEEL : Revitalise les cheveux en profondeur tout en favorisant une croissance saine des cheveux. REVITALISANT POUR CHEVEUX CLAIRSEM\u00c9S &#8211; Infus\u00e9 de biotine fortifiante. FORMULE DE REPOUSSE DES CHEVEUX &#8211; La formule fortifiante laisse les cheveux plus forts, plus volumineux et plus \u00e9pais<\/span><\/li>\n<li class=\"a-spacing-mini\"><span class=\"a-list-item\">L\u2019APR\u00c8S-SHAMPOOING ULTIME POUR LA PERTE DE CHEVEUX &#8211; Sans sulfate &#8211; Sans paraben &#8211; Sans phtalate &#8211; Formule sans danger pour la couleur &#8211; Fabriqu\u00e9 aux \u00c9tats-Unis<\/span><\/li>\n<\/ul>","protected":false},"excerpt":{"rendered":"<p><strong>Bienfaits<\/strong><\/p>\n<p>Nettoie les cheveux en profondeur tout en favorisant une croissance saine des cheveux.<\/p>\n<p>SHAMPOOING NATUREL CONTRE LA CHUTE DES CHEVEUX &#8211; Formule fortifiante enrichie avec de la biotine, une vitamine hydrosoluble qui fait partie de la famille des vitamines B. Votre corps a besoin de biotine pour aider \u00e0 convertir certains nutriments en \u00e9nergie.<\/p>\n<p>MEILLEUR SHAMPOOING POUR LA CROISSANCE DES CHEVEUX &#8211; La biotine joue un r\u00f4le important dans la sant\u00e9 de vos cheveux, de votre peau et de vos ongles. Un manque de biotine peut entra\u00eener une perte de cheveux.<\/p>","protected":false},"featured_media":2592,"comment_status":"open","ping_status":"closed","template":"","meta":{"_joinchat":[]},"product_brand":[],"product_cat":[109],"product_tag":[246],"class_list":{"0":"post-2635","1":"product","2":"type-product","3":"status-publish","4":"has-post-thumbnail","6":"product_cat-cheveux","7":"product_tag-difeel","9":"first","10":"outofstock","11":"shipping-taxable","12":"purchasable","13":"product-type-simple"},"jetpack_sharing_enabled":true,"_links":{"self":[{"href":"https:\/\/olympiaboutique.com\/en\/wp-json\/wp\/v2\/product\/2635","targetHints":{"allow":["GET"]}}],"collection":[{"href":"https:\/\/olympiaboutique.com\/en\/wp-json\/wp\/v2\/product"}],"about":[{"href":"https:\/\/olympiaboutique.com\/en\/wp-json\/wp\/v2\/types\/product"}],"replies":[{"embeddable":true,"href":"https:\/\/olympiaboutique.com\/en\/wp-json\/wp\/v2\/comments?post=2635"}],"wp:featuredmedia":[{"embeddable":true,"href":"https:\/\/olympiaboutique.com\/en\/wp-json\/wp\/v2\/media\/2592"}],"wp:attachment":[{"href":"https:\/\/olympiaboutique.com\/en\/wp-json\/wp\/v2\/media?parent=2635"}],"wp:term":[{"taxonomy":"product_brand","embeddable":true,"href":"https:\/\/olympiaboutique.com\/en\/wp-json\/wp\/v2\/product_brand?post=2635"},{"taxonomy":"product_cat","embeddable":true,"href":"https:\/\/olympiaboutique.com\/en\/wp-json\/wp\/v2\/product_cat?post=2635"},{"taxonomy":"product_tag","embeddable":true,"href":"https:\/\/olympiaboutique.com\/en\/wp-json\/wp\/v2\/product_tag?post=2635"}],"curies":[{"name":"wp","href":"https:\/\/api.w.org\/{rel}","templated":true}]}}