{"id":2634,"date":"2024-04-04T11:38:19","date_gmt":"2024-04-04T11:38:19","guid":{"rendered":"https:\/\/olympiaboutique.com\/?post_type=product&#038;p=2634"},"modified":"2025-12-01T04:26:40","modified_gmt":"2025-12-01T04:26:40","slug":"difeel-biotine-pro-growth-stimulateur-de-racines-210-ml","status":"publish","type":"product","link":"https:\/\/olympiaboutique.com\/en\/product\/difeel-biotine-pro-growth-stimulateur-de-racines-210-ml\/","title":{"rendered":"DIFEEL BIOTINE PRO-GROWTH STIMULATEUR DE RACINES, 210 ML"},"content":{"rendered":"<p><span class=\"a-list-item\">STIMULATEUR DE CROISSANCE DES CHEVEUX : Notre m\u00e9lange naturel \u00e0 99 % avec de la biotine fortifiante.<\/span><\/p>\n<p>P\u00e9n\u00e8tre dans les cheveux et le cuir chevelu et nourrit en profondeur, favorisant une croissance saine des cheveux. Rend les cheveux plus forts, plus volumineux et plus \u00e9pais. La biotine peut am\u00e9liorer la qualit\u00e9, l\u2019\u00e9paisseur et la brillance globales des cheveux. Fonctionne pour garder votre couleur de cheveux vibrante tout en donnant \u00e0 vos cheveux une maniabilit\u00e9, une douceur et une brillance.<\/p>\n<p>Les produits Difeel Biotin ProGrowth sont infus\u00e9s \u00e0 100 % de biotine, une vitamine hydrosoluble qui fait partie de la famille des vitamines B. Votre corps a besoin de biotine pour aider \u00e0 convertir certains nutriments en \u00e9nergie. Nos formules pro-croissance sont sans sulfate, sans paraben, sans phtalates et sans danger pour les couleurs.<\/p>","protected":false},"excerpt":{"rendered":"<p><strong>Bienfaits<\/strong><\/p>\n<ul class=\"a-unordered-list a-vertical a-spacing-mini\">\n<li class=\"a-spacing-mini\"><span class=\"a-list-item\">ACTIVATEUR DE CROISSANCE DES CHEVEUX : Aide \u00e0 stimuler les follicules pileux \u00e0 la racine.<\/span><\/li>\n<li class=\"a-spacing-mini\"><span class=\"a-list-item\">R\u00c9ACTIVATION DES RACINES POUR LA CROISSANCE DES CHEVEUX : Favorise une croissance saine des cheveux tout en renfor\u00e7ant et en ajoutant de la brillance \u00e0 vos cheveux.<\/span><\/li>\n<li class=\"a-spacing-mini\"><span class=\"a-list-item\">CROISSANCE DES CHEVEUX FOLLICULAIRES : Aide \u00e0 pr\u00e9venir la chute des cheveux tout en travaillant \u00e0 restaurer les cheveux clairsem\u00e9s.<\/span><\/li>\n<\/ul>","protected":false},"featured_media":2591,"comment_status":"open","ping_status":"closed","template":"","meta":{"_joinchat":[]},"product_brand":[],"product_cat":[109],"product_tag":[246],"class_list":{"0":"post-2634","1":"product","2":"type-product","3":"status-publish","4":"has-post-thumbnail","6":"product_cat-cheveux","7":"product_tag-difeel","9":"first","10":"outofstock","11":"shipping-taxable","12":"purchasable","13":"product-type-simple"},"jetpack_sharing_enabled":true,"_links":{"self":[{"href":"https:\/\/olympiaboutique.com\/en\/wp-json\/wp\/v2\/product\/2634","targetHints":{"allow":["GET"]}}],"collection":[{"href":"https:\/\/olympiaboutique.com\/en\/wp-json\/wp\/v2\/product"}],"about":[{"href":"https:\/\/olympiaboutique.com\/en\/wp-json\/wp\/v2\/types\/product"}],"replies":[{"embeddable":true,"href":"https:\/\/olympiaboutique.com\/en\/wp-json\/wp\/v2\/comments?post=2634"}],"wp:featuredmedia":[{"embeddable":true,"href":"https:\/\/olympiaboutique.com\/en\/wp-json\/wp\/v2\/media\/2591"}],"wp:attachment":[{"href":"https:\/\/olympiaboutique.com\/en\/wp-json\/wp\/v2\/media?parent=2634"}],"wp:term":[{"taxonomy":"product_brand","embeddable":true,"href":"https:\/\/olympiaboutique.com\/en\/wp-json\/wp\/v2\/product_brand?post=2634"},{"taxonomy":"product_cat","embeddable":true,"href":"https:\/\/olympiaboutique.com\/en\/wp-json\/wp\/v2\/product_cat?post=2634"},{"taxonomy":"product_tag","embeddable":true,"href":"https:\/\/olympiaboutique.com\/en\/wp-json\/wp\/v2\/product_tag?post=2634"}],"curies":[{"name":"wp","href":"https:\/\/api.w.org\/{rel}","templated":true}]}}