{"id":2607,"date":"2024-04-03T18:54:54","date_gmt":"2024-04-03T18:54:54","guid":{"rendered":"https:\/\/olympiaboutique.com\/?post_type=product&#038;p=2607"},"modified":"2025-12-01T04:26:41","modified_gmt":"2025-12-01T04:26:41","slug":"pk-botanical-spa-therapy-nettoyant-eclaircissant-a-la-vitamine-c-pour-le-corps-960-ml","status":"publish","type":"product","link":"https:\/\/olympiaboutique.com\/en\/product\/pk-botanical-spa-therapy-nettoyant-eclaircissant-a-la-vitamine-c-pour-le-corps-960-ml\/","title":{"rendered":"Botanical Spa Therapy NETTOYANT \u00c9CLAIRCISSANT \u00c0 LA VITAMINE C POUR LE CORPS, 960 ML"},"content":{"rendered":"<div class=\"ux-layout-section-evo__row\">\n<div class=\"ux-layout-section-evo__col\">\n<div class=\"ux-labels-values__values-content\">\n<p><span class=\"ux-textspans\">Extrait de rose, vitamine A et C, r\u00e9tinol, huile d\u2019argan, vitamine E, huile de chanvre, huile de noix de coco, acide hyaluronique, beurre de karit\u00e9, acides amin\u00e9s de collag\u00e8ne, extrait de pomme, extrait de citron<\/span><\/p>\n<\/div>\n<\/div>\n<\/div>\n<div class=\"ux-layout-section-evo__row\">\n<div class=\"ux-layout-section-evo__col\">\n<div class=\"ux-labels-values__labels-content\">-Plantes naturelles<br \/>\n-Pour tous les types de peau<br \/>\n-Fabriqu\u00e9 aux \u00c9tats-Unis<\/div>\n<\/div>\n<\/div>","protected":false},"excerpt":{"rendered":"<p><strong>Bienfaits<\/strong><\/p>\n<p>VITAMINE C &#8211; Ce nutriment qui booste l\u2019\u00e9clat, illumine la peau terne et unifie le teint<br \/>\nHYALURONIQUE &#8211;\u00a0 nourrit et hydrate en profondeur les peaux s\u00e8ches<\/p>\n<ul>\n<li>Infus\u00e9 d\u2019ingr\u00e9dients botaniques,<\/li>\n<li>huile d\u2019argan et menthe, apaise la peau, favorise la relaxation profonde,<\/li>\n<li>enti\u00e8rement naturel, sans cruaut\u00e9 envers les animaux<\/li>\n<\/ul>","protected":false},"featured_media":2587,"comment_status":"open","ping_status":"closed","template":"","meta":{"_joinchat":[]},"product_brand":[],"product_cat":[22],"product_tag":[346],"class_list":{"0":"post-2607","1":"product","2":"type-product","3":"status-publish","4":"has-post-thumbnail","6":"product_cat-skincare","7":"product_tag-botanical-spa","9":"first","10":"outofstock","11":"shipping-taxable","12":"purchasable","13":"product-type-simple"},"jetpack_sharing_enabled":true,"_links":{"self":[{"href":"https:\/\/olympiaboutique.com\/en\/wp-json\/wp\/v2\/product\/2607","targetHints":{"allow":["GET"]}}],"collection":[{"href":"https:\/\/olympiaboutique.com\/en\/wp-json\/wp\/v2\/product"}],"about":[{"href":"https:\/\/olympiaboutique.com\/en\/wp-json\/wp\/v2\/types\/product"}],"replies":[{"embeddable":true,"href":"https:\/\/olympiaboutique.com\/en\/wp-json\/wp\/v2\/comments?post=2607"}],"wp:featuredmedia":[{"embeddable":true,"href":"https:\/\/olympiaboutique.com\/en\/wp-json\/wp\/v2\/media\/2587"}],"wp:attachment":[{"href":"https:\/\/olympiaboutique.com\/en\/wp-json\/wp\/v2\/media?parent=2607"}],"wp:term":[{"taxonomy":"product_brand","embeddable":true,"href":"https:\/\/olympiaboutique.com\/en\/wp-json\/wp\/v2\/product_brand?post=2607"},{"taxonomy":"product_cat","embeddable":true,"href":"https:\/\/olympiaboutique.com\/en\/wp-json\/wp\/v2\/product_cat?post=2607"},{"taxonomy":"product_tag","embeddable":true,"href":"https:\/\/olympiaboutique.com\/en\/wp-json\/wp\/v2\/product_tag?post=2607"}],"curies":[{"name":"wp","href":"https:\/\/api.w.org\/{rel}","templated":true}]}}