{"id":2606,"date":"2024-04-03T18:40:14","date_gmt":"2024-04-03T18:40:14","guid":{"rendered":"https:\/\/olympiaboutique.com\/?post_type=product&#038;p=2606"},"modified":"2025-12-01T04:26:41","modified_gmt":"2025-12-01T04:26:41","slug":"rosen-apothecary-nettoyant-pour-le-corps-clarifiant-a-larbre-a-the-et-aux-imperfections-a-la-menthe-douce-960-ml","status":"publish","type":"product","link":"https:\/\/olympiaboutique.com\/en\/product\/rosen-apothecary-nettoyant-pour-le-corps-clarifiant-a-larbre-a-the-et-aux-imperfections-a-la-menthe-douce-960-ml\/","title":{"rendered":"ROSEN APOTHECARY Nettoyant pour le corps clarifiant \u00e0 l\u2019arbre \u00e0 th\u00e9 et aux imperfections \u00e0 la menthe douce, 960 ml"},"content":{"rendered":"","protected":false},"excerpt":{"rendered":"<p><strong>Bienfaits<\/strong><\/p>\n<p>Nourrissez votre peau avec des tensioactifs botaniques,\u00a0 pour une sensation de propret\u00e9 douce et saine. Infus\u00e9 d\u2019huile d\u2019arbre \u00e0 th\u00e9 et de menthe douce, ce nettoyant pour le corps vous laisse une sensation de paix int\u00e9rieure.<\/p>","protected":false},"featured_media":2585,"comment_status":"open","ping_status":"closed","template":"","meta":{"_joinchat":[]},"product_brand":[],"product_cat":[22],"product_tag":[345],"class_list":{"0":"post-2606","1":"product","2":"type-product","3":"status-publish","4":"has-post-thumbnail","6":"product_cat-skincare","7":"product_tag-tea-tree","9":"first","10":"outofstock","11":"shipping-taxable","12":"purchasable","13":"product-type-simple"},"jetpack_sharing_enabled":true,"_links":{"self":[{"href":"https:\/\/olympiaboutique.com\/en\/wp-json\/wp\/v2\/product\/2606","targetHints":{"allow":["GET"]}}],"collection":[{"href":"https:\/\/olympiaboutique.com\/en\/wp-json\/wp\/v2\/product"}],"about":[{"href":"https:\/\/olympiaboutique.com\/en\/wp-json\/wp\/v2\/types\/product"}],"replies":[{"embeddable":true,"href":"https:\/\/olympiaboutique.com\/en\/wp-json\/wp\/v2\/comments?post=2606"}],"wp:featuredmedia":[{"embeddable":true,"href":"https:\/\/olympiaboutique.com\/en\/wp-json\/wp\/v2\/media\/2585"}],"wp:attachment":[{"href":"https:\/\/olympiaboutique.com\/en\/wp-json\/wp\/v2\/media?parent=2606"}],"wp:term":[{"taxonomy":"product_brand","embeddable":true,"href":"https:\/\/olympiaboutique.com\/en\/wp-json\/wp\/v2\/product_brand?post=2606"},{"taxonomy":"product_cat","embeddable":true,"href":"https:\/\/olympiaboutique.com\/en\/wp-json\/wp\/v2\/product_cat?post=2606"},{"taxonomy":"product_tag","embeddable":true,"href":"https:\/\/olympiaboutique.com\/en\/wp-json\/wp\/v2\/product_tag?post=2606"}],"curies":[{"name":"wp","href":"https:\/\/api.w.org\/{rel}","templated":true}]}}