{"id":2583,"date":"2024-04-03T15:29:20","date_gmt":"2024-04-03T15:29:20","guid":{"rendered":"https:\/\/olympiaboutique.com\/?post_type=product&#038;p=2583"},"modified":"2025-12-01T04:26:41","modified_gmt":"2025-12-01T04:26:41","slug":"head-shoulders-shampooing-antipelliculaire-restauration-du-cuir-chevelu-115-l","status":"publish","type":"product","link":"https:\/\/olympiaboutique.com\/en\/product\/head-shoulders-shampooing-antipelliculaire-restauration-du-cuir-chevelu-115-l\/","title":{"rendered":"Head &#038; Shoulders Shampooing antipelliculaire, Restauration du cuir chevelu, 1,15 L"},"content":{"rendered":"<p><span>Des cheveux sains commencent au niveau du cuir chevelu. C&#8217;est pourquoi la marque am\u00e9ricaine n\u00b01 recommand\u00e9e par les dermatologues a cr\u00e9\u00e9 le shampooing Head &amp; Shoulders Scalp Restore avec de l&#8217;huile d&#8217;arbre \u00e0 th\u00e9 et des antioxydants. Ce shampooing antipelliculaire \u00e9limine les accumulations et r\u00e9pare les dommages caus\u00e9s aux cheveux.<\/span><\/p>\n<p><span>Fabriqu\u00e9e avec l&#8217;ingr\u00e9dient antipelliculaire cliniquement prouv\u00e9 Zinc Pyrithione (alias ZPT), cette formule offre une protection longue dur\u00e9e contre les pellicules, les d\u00e9mangeaisons et le s\u00e9bum^ avec une utilisation r\u00e9guli\u00e8re pour garantir que votre cuir chevelu est \u00e0 son meilleur et que vos m\u00e8ches sont \u00e0 100 %. sans flocons*. Con\u00e7ue pour un usage quotidien, cette formule est exempte de parab\u00e8nes, de phtalates, de phosphates et de colorants. Vous pouvez d\u00e9sormais \u00e9liminer les r\u00e9sidus, l&#8217;huile et les flocons et am\u00e9liorer la sant\u00e9 de votre cuir chevelu et de vos cheveux \u00e0 chaque fois que vous vous douchez .<\/span><\/p>\n<p><span>Infus\u00e9 d&#8217;huile d&#8217;arbre \u00e0 th\u00e9, ce shampooing aide \u00e0 hydrater et \u00e0 rafra\u00eechir pour soulager le cuir chevelu \u2021. Lavez les flocons et laissez vos cheveux et votre cuir chevelu propres et rafra\u00eechis avec un parfum de menthe frais et revigorant.<\/span><\/p>\n<p><span>Ce shampooing au pH \u00e9quilibr\u00e9 favorise un cuir chevelu sain et une croissance saine des cheveux. \u00c9liminez l&#8217;accumulation et r\u00e9parez les dommages caus\u00e9s aux cheveux tout en profitant d&#8217;une mousse g\u00e9n\u00e9reuse et d&#8217;un rin\u00e7age rapide.<\/span><\/p>\n<p><span>Allumez vos sens et sentez-le agir \u00e0 chaque lavage. Cette formule unique agit sur sept couches superficielles en profondeur de votre cuir chevelu pour aider \u00e0 arr\u00eater les pellicules \u00e0 leur source et \u00e0 maintenir des cheveux sains.<\/span><\/p>","protected":false},"excerpt":{"rendered":"<p><strong>Bienfaits<\/strong><\/p>\n<ul>\n<li><span>\u00c9limine l&#8217;accumulation et r\u00e9pare les dommages\u00a0: des cheveux sains commencent par un cuir chevelu sain<\/span><\/li>\n<li><span>Protection contre les pellicules jusqu&#8217;\u00e0 100 % cliniquement prouv\u00e9e<\/span><\/li>\n<li><span>Profitez du parfum frais et menthol\u00e9 revigorant de l&#8217;huile d&#8217;arbre \u00e0 th\u00e9 et des antioxydants.\u00a0<\/span><\/li>\n<li><span>Fabriqu\u00e9 avec 0\u00a0% de parab\u00e8nes, de phtalates, de phosphates et de colorants<\/span><\/li>\n<li><span>Head &amp; Shoulders est la marque de shampoing antipelliculaire n\u00b01 aux \u00c9tats-Unis<\/span><\/li>\n<\/ul>","protected":false},"featured_media":2579,"comment_status":"open","ping_status":"closed","template":"","meta":{"_joinchat":[]},"product_brand":[],"product_cat":[109],"product_tag":[344],"class_list":{"0":"post-2583","1":"product","2":"type-product","3":"status-publish","4":"has-post-thumbnail","6":"product_cat-cheveux","7":"product_tag-head-shoulder","9":"first","10":"instock","11":"shipping-taxable","12":"purchasable","13":"product-type-simple"},"jetpack_sharing_enabled":true,"_links":{"self":[{"href":"https:\/\/olympiaboutique.com\/en\/wp-json\/wp\/v2\/product\/2583","targetHints":{"allow":["GET"]}}],"collection":[{"href":"https:\/\/olympiaboutique.com\/en\/wp-json\/wp\/v2\/product"}],"about":[{"href":"https:\/\/olympiaboutique.com\/en\/wp-json\/wp\/v2\/types\/product"}],"replies":[{"embeddable":true,"href":"https:\/\/olympiaboutique.com\/en\/wp-json\/wp\/v2\/comments?post=2583"}],"wp:featuredmedia":[{"embeddable":true,"href":"https:\/\/olympiaboutique.com\/en\/wp-json\/wp\/v2\/media\/2579"}],"wp:attachment":[{"href":"https:\/\/olympiaboutique.com\/en\/wp-json\/wp\/v2\/media?parent=2583"}],"wp:term":[{"taxonomy":"product_brand","embeddable":true,"href":"https:\/\/olympiaboutique.com\/en\/wp-json\/wp\/v2\/product_brand?post=2583"},{"taxonomy":"product_cat","embeddable":true,"href":"https:\/\/olympiaboutique.com\/en\/wp-json\/wp\/v2\/product_cat?post=2583"},{"taxonomy":"product_tag","embeddable":true,"href":"https:\/\/olympiaboutique.com\/en\/wp-json\/wp\/v2\/product_tag?post=2583"}],"curies":[{"name":"wp","href":"https:\/\/api.w.org\/{rel}","templated":true}]}}