{"id":2581,"date":"2024-04-03T14:29:15","date_gmt":"2024-04-03T14:29:15","guid":{"rendered":"https:\/\/olympiaboutique.com\/?post_type=product&#038;p=2581"},"modified":"2025-12-01T04:26:41","modified_gmt":"2025-12-01T04:26:41","slug":"advanced-clinicals-creme-pour-le-visage-a-la-vitamine-c-hydratante-pour-soins-de-la-peau-59-ml","status":"publish","type":"product","link":"https:\/\/olympiaboutique.com\/en\/product\/advanced-clinicals-creme-pour-le-visage-a-la-vitamine-c-hydratante-pour-soins-de-la-peau-59-ml\/","title":{"rendered":"Advanced Clinicals Cr\u00e8me pour le visage \u00e0 la vitamine C hydratante pour soins de la peau, 59 ml"},"content":{"rendered":"<ul class=\"a-unordered-list a-vertical a-spacing-mini\">\n<li class=\"a-spacing-mini\"><span class=\"a-list-item\"><span>VITAMINE C \u2013 L&#8217;incorporation d&#8217;une lotion pour le visage infus\u00e9e de vitamine C dans votre routine quotidienne de soins de la peau peut aider \u00e0 promouvoir un teint plus sain, plus radieux et plus jeune. La vitamine C aide \u00e0 favoriser un teint uniforme, tout en aidant \u00e9galement \u00e0 stimuler la production de collag\u00e8ne pour am\u00e9liorer l\u2019\u00e9lasticit\u00e9 et la fermet\u00e9 de la peau. La vitamine C aide \u00e9galement \u00e0 minimiser les rougeurs ou les irritations de la peau, aide \u00e0 prot\u00e9ger contre les facteurs de stress environnementaux comme les rayons UV et aide \u00e0 r\u00e9duire l\u2019apparence des rides, des ridules et des dommages caus\u00e9s par le soleil.<\/span><\/span><\/li>\n<li class=\"a-spacing-mini\"><span class=\"a-list-item\"><span><span>CLINIQUES AVANC\u00c9ES\u00a0: Notre mission est de fournir \u00e0 nos clients des soins de la peau et des cheveux abordables et efficaces. Fabriqu\u00e9 dans notre laboratoire inspect\u00e9 par la FDA \u00e0 Chicago, aux \u00c9tats-Unis. Test\u00e9 dermatologiquement, test\u00e9 cliniquement et test\u00e9 contre les allergies. Non test\u00e9 sur les animaux (sans cruaut\u00e9). Sans parab\u00e8ne, sans alcool, sans phtalate et sans parfum synth\u00e9tique.<\/span><\/span><\/span><\/li>\n<\/ul>","protected":false},"excerpt":{"rendered":"<p><strong>Bienfaits\u00a0<\/strong><\/p>\n<p><span class=\"a-list-item\">R\u00c9DUIT L&#8217;APPARENCE DES TACHES D&#8217;\u00c2GE:<\/span><\/p>\n<p>Affine l&#8217;apparence de la peau d\u00e9color\u00e9e, des taches de vieillesse, des taches de rousseur, des dommages caus\u00e9s par les taches solaires, de l&#8217;hyperpigmentation et des cicatrices d&#8217;acn\u00e9. La cr\u00e8me \u00e0 absorption rapide ne dess\u00e8che pas votre peau et ne laisse pas de r\u00e9sidus collants. Id\u00e9al pour tous les types de peau, peaux s\u00e8ches et sensibles. Peut \u00eatre utilis\u00e9 comme lotion pour les mains.<\/p>\n<p>HYDRATATION PROFONDE POUR UNE PEAU PLUS SAINE<\/p>\n<p>Cette cr\u00e8me hydratante pour le visage \u00e0 la vitamine C pour femmes et hommes est d\u00e9riv\u00e9e d&#8217;un complexe cliniquement prouv\u00e9, qui fournit une hydratation \u00e0 la fois riche et r\u00e9paratrice. Hydratant efficace mais doux pour un \u00e9clat plus sain.<\/p>","protected":false},"featured_media":2575,"comment_status":"open","ping_status":"closed","template":"","meta":{"_joinchat":[]},"product_brand":[],"product_cat":[22],"product_tag":[275],"class_list":{"0":"post-2581","1":"product","2":"type-product","3":"status-publish","4":"has-post-thumbnail","6":"product_cat-skincare","7":"product_tag-advanced-clinical","9":"first","10":"outofstock","11":"shipping-taxable","12":"purchasable","13":"product-type-simple"},"jetpack_sharing_enabled":true,"_links":{"self":[{"href":"https:\/\/olympiaboutique.com\/en\/wp-json\/wp\/v2\/product\/2581","targetHints":{"allow":["GET"]}}],"collection":[{"href":"https:\/\/olympiaboutique.com\/en\/wp-json\/wp\/v2\/product"}],"about":[{"href":"https:\/\/olympiaboutique.com\/en\/wp-json\/wp\/v2\/types\/product"}],"replies":[{"embeddable":true,"href":"https:\/\/olympiaboutique.com\/en\/wp-json\/wp\/v2\/comments?post=2581"}],"wp:featuredmedia":[{"embeddable":true,"href":"https:\/\/olympiaboutique.com\/en\/wp-json\/wp\/v2\/media\/2575"}],"wp:attachment":[{"href":"https:\/\/olympiaboutique.com\/en\/wp-json\/wp\/v2\/media?parent=2581"}],"wp:term":[{"taxonomy":"product_brand","embeddable":true,"href":"https:\/\/olympiaboutique.com\/en\/wp-json\/wp\/v2\/product_brand?post=2581"},{"taxonomy":"product_cat","embeddable":true,"href":"https:\/\/olympiaboutique.com\/en\/wp-json\/wp\/v2\/product_cat?post=2581"},{"taxonomy":"product_tag","embeddable":true,"href":"https:\/\/olympiaboutique.com\/en\/wp-json\/wp\/v2\/product_tag?post=2581"}],"curies":[{"name":"wp","href":"https:\/\/api.w.org\/{rel}","templated":true}]}}