{"id":2580,"date":"2024-04-03T14:21:34","date_gmt":"2024-04-03T14:21:34","guid":{"rendered":"https:\/\/olympiaboutique.com\/?post_type=product&#038;p=2580"},"modified":"2025-12-01T04:26:41","modified_gmt":"2025-12-01T04:26:41","slug":"advanced-clinicals-huile-corporelle-a-la-vitamine-c-118-ml","status":"publish","type":"product","link":"https:\/\/olympiaboutique.com\/en\/product\/advanced-clinicals-huile-corporelle-a-la-vitamine-c-118-ml\/","title":{"rendered":"Advanced Clinicals Huile corporelle \u00e0 la vitamine C, 118 ml"},"content":{"rendered":"<ul class=\"a-unordered-list a-vertical a-spacing-mini\">\n<li class=\"a-spacing-mini\"><span class=\"a-list-item\"><span>HUILE DE VITAMINE C \u2013 L\u2019incorporation d\u2019une huile corporelle infus\u00e9e de vitamine C dans votre routine quotidienne de soins de la peau peut aider \u00e0 promouvoir un teint plus sain, plus radieux et plus jeune. La vitamine C aide \u00e0 favoriser un teint uniforme, tout en aidant \u00e9galement \u00e0 stimuler la production de collag\u00e8ne pour am\u00e9liorer l\u2019\u00e9lasticit\u00e9 et la fermet\u00e9 de la peau. La vitamine C aide \u00e9galement \u00e0 minimiser les rougeurs ou les irritations de la peau, aide \u00e0 prot\u00e9ger contre les facteurs de stress environnementaux comme les rayons UV et aide \u00e0 r\u00e9duire l&#8217;apparence des ridules, des dommages caus\u00e9s par le soleil et des rides<\/span><\/span><\/li>\n<li class=\"a-spacing-mini\"><span class=\"a-list-item\"><span><span>VITAMINE C \u00c9CLAIRCISSANTE \u2013 Avec l&#8217;\u00e2ge, notre peau perd de son \u00e9lasticit\u00e9 et de son hydratation. Notre huile corporelle \u00e9claircissante \u00e0 la vitamine C test\u00e9e par des dermatologues lisse visiblement l&#8217;apparence de la texture rugueuse de la peau, nourrit la peau s\u00e8che, am\u00e9liore le teint g\u00e9n\u00e9ral de la peau et reconstitue l&#8217;hydratation essentielle pour restaurer visiblement le volume des zones. sujette aux taches brunes, au rel\u00e2chement et \u00e0 la peau cr\u00e9pue. Revitalisez votre peau pour une apparence plus saine, plus pleine et plus jeune tout en am\u00e9liorant l&#8217;\u00e9lasticit\u00e9 de votre peau pour un teint lumineux, souple et \u00e9clatant.<\/span><\/span><\/span><\/li>\n<\/ul>","protected":false},"excerpt":{"rendered":"<p><strong>Bienfaits<\/strong><\/p>\n<ul>\n<li><span class=\"a-list-item\">PEAU RADIANTE \u2013 Cette huile corporelle \u00e0 la vitamine C Advanced Clinicals infus\u00e9e d\u2019huiles de curcuma et de plantes aide \u00e0 affiner l\u2019apparence de la peau vieillissante et du teint in\u00e9gal. Cette huile corporelle \u00e9claircissante aide \u00e9galement \u00e0 affiner l&#8217;apparence de la peau d\u00e9color\u00e9e, des taches de vieillesse, des dommages caus\u00e9s par les taches solaires, de la texture rugueuse de la peau, de l&#8217;hyperpigmentation, de l&#8217;acn\u00e9, des imperfections, etc. Une huile corporelle d\u00e9licate et soyeuse qui reconstitue l&#8217;hydratation essentielle et p\u00e9n\u00e8tre dans la peau s\u00e8che pour un look frais et lumineux.<\/span><\/li>\n<\/ul>","protected":false},"featured_media":2572,"comment_status":"open","ping_status":"closed","template":"","meta":{"_joinchat":[]},"product_brand":[],"product_cat":[22],"product_tag":[275],"class_list":{"0":"post-2580","1":"product","2":"type-product","3":"status-publish","4":"has-post-thumbnail","6":"product_cat-skincare","7":"product_tag-advanced-clinical","9":"first","10":"outofstock","11":"shipping-taxable","12":"purchasable","13":"product-type-simple"},"jetpack_sharing_enabled":true,"_links":{"self":[{"href":"https:\/\/olympiaboutique.com\/en\/wp-json\/wp\/v2\/product\/2580","targetHints":{"allow":["GET"]}}],"collection":[{"href":"https:\/\/olympiaboutique.com\/en\/wp-json\/wp\/v2\/product"}],"about":[{"href":"https:\/\/olympiaboutique.com\/en\/wp-json\/wp\/v2\/types\/product"}],"replies":[{"embeddable":true,"href":"https:\/\/olympiaboutique.com\/en\/wp-json\/wp\/v2\/comments?post=2580"}],"wp:featuredmedia":[{"embeddable":true,"href":"https:\/\/olympiaboutique.com\/en\/wp-json\/wp\/v2\/media\/2572"}],"wp:attachment":[{"href":"https:\/\/olympiaboutique.com\/en\/wp-json\/wp\/v2\/media?parent=2580"}],"wp:term":[{"taxonomy":"product_brand","embeddable":true,"href":"https:\/\/olympiaboutique.com\/en\/wp-json\/wp\/v2\/product_brand?post=2580"},{"taxonomy":"product_cat","embeddable":true,"href":"https:\/\/olympiaboutique.com\/en\/wp-json\/wp\/v2\/product_cat?post=2580"},{"taxonomy":"product_tag","embeddable":true,"href":"https:\/\/olympiaboutique.com\/en\/wp-json\/wp\/v2\/product_tag?post=2580"}],"curies":[{"name":"wp","href":"https:\/\/api.w.org\/{rel}","templated":true}]}}