{"id":2569,"date":"2024-04-03T11:24:50","date_gmt":"2024-04-03T11:24:50","guid":{"rendered":"https:\/\/olympiaboutique.com\/?post_type=product&#038;p=2569"},"modified":"2025-12-01T04:26:41","modified_gmt":"2025-12-01T04:26:41","slug":"creme-de-nuit-regeneratrice-elastalift-creme-eclaircissante-a-la-vitamine-c-hydratant-a-lacide-hyaluronique-pour-le-visage-52-ml","status":"publish","type":"product","link":"https:\/\/olympiaboutique.com\/en\/product\/creme-de-nuit-regeneratrice-elastalift-creme-eclaircissante-a-la-vitamine-c-hydratant-a-lacide-hyaluronique-pour-le-visage-52-ml\/","title":{"rendered":"Elastalift Cr\u00e8me de nuit r\u00e9g\u00e9n\u00e9ratrice \u00e9claircissante \u00e0 la vitamine C + hydratant \u00e0 l&#8217;acide hyaluronique pour le visage, 52 ml"},"content":{"rendered":"<ul class=\"a-unordered-list a-vertical a-spacing-mini\">\n<li class=\"a-spacing-mini\"><span class=\"a-list-item\"><span>CR\u00c8ME DE NUIT \u00c0 LA VITAMINE C \u2013 L&#8217;incorporation d&#8217;une lotion de nuit infus\u00e9e de vitamine C dans votre routine quotidienne de soins de la peau peut aider \u00e0 promouvoir un teint plus sain, plus radieux et plus jeune. La vitamine C aide \u00e0 favoriser un teint uniforme, tout en aidant \u00e9galement \u00e0 stimuler la production de collag\u00e8ne pour am\u00e9liorer l\u2019\u00e9lasticit\u00e9 et la fermet\u00e9 de la peau. La vitamine C aide \u00e9galement \u00e0 minimiser les rougeurs et les irritations de la peau et aide \u00e0 r\u00e9duire l&#8217;apparence des ridules, des taches brunes, des dommages caus\u00e9s par le soleil, des cernes et des rides.<\/span><\/span><\/li>\n<li class=\"a-spacing-mini\"><span class=\"a-list-item\"><span>HYDRATANT \u00c0 L\u2019ACIDE HYALURONIQUE \u2013 \u00c0 mesure que nous vieillissons, la quantit\u00e9 d\u2019acide hyaluronique dans notre peau diminue, entra\u00eenant une perte de fermet\u00e9 et d\u2019\u00e9lasticit\u00e9. Cette cr\u00e8me de nuit est \u00e9galement infus\u00e9e d&#8217;acide hyaluronique pour aider \u00e0 am\u00e9liorer la texture et le teint de la peau, tout en gardant votre peau hydrat\u00e9e tout au long de la nuit pour \u00e9viter la s\u00e9cheresse et la desquamation. L&#8217;acide hyaluronique est une substance naturellement pr\u00e9sente dans notre peau qui aide \u00e0 garder la peau hydrat\u00e9e et rebondie.<\/span><\/span><\/li>\n<\/ul>","protected":false},"excerpt":{"rendered":"<p><strong>Bienfaits<\/strong><\/p>\n<p>Ce complexe de traitement de nuit aide efficacement \u00e0 pr\u00e9venir les signes de vieillissement pr\u00e9matur\u00e9, am\u00e9liore la texture de la peau, illumine le teint g\u00e9n\u00e9ral de la peau et d\u00e9voile un \u00e9clat doux et ros\u00e9. L&#8217;acide hyaluronique favorise la r\u00e9g\u00e9n\u00e9ration des cellules cutan\u00e9es en offrant une hydratation suppl\u00e9mentaire et une protection de la barri\u00e8re cutan\u00e9e \u00e0 la peau, conduisant \u00e0 des cellules plus saines et \u00e0 un teint plus \u00e9clatant. Nourrissez, hydratez et repulpez votre peau pour une apparence plus saine, plus pleine et plus jeune tout en am\u00e9liorant l&#8217;\u00e9lasticit\u00e9 de votre peau en m\u00eame temps.<\/p>","protected":false},"featured_media":2559,"comment_status":"open","ping_status":"closed","template":"","meta":{"_joinchat":[]},"product_brand":[],"product_cat":[22],"product_tag":[103],"class_list":{"0":"post-2569","1":"product","2":"type-product","3":"status-publish","4":"has-post-thumbnail","6":"product_cat-skincare","7":"product_tag-elastalift-vitamine-c","9":"first","10":"outofstock","11":"shipping-taxable","12":"purchasable","13":"product-type-simple"},"jetpack_sharing_enabled":true,"_links":{"self":[{"href":"https:\/\/olympiaboutique.com\/en\/wp-json\/wp\/v2\/product\/2569","targetHints":{"allow":["GET"]}}],"collection":[{"href":"https:\/\/olympiaboutique.com\/en\/wp-json\/wp\/v2\/product"}],"about":[{"href":"https:\/\/olympiaboutique.com\/en\/wp-json\/wp\/v2\/types\/product"}],"replies":[{"embeddable":true,"href":"https:\/\/olympiaboutique.com\/en\/wp-json\/wp\/v2\/comments?post=2569"}],"wp:featuredmedia":[{"embeddable":true,"href":"https:\/\/olympiaboutique.com\/en\/wp-json\/wp\/v2\/media\/2559"}],"wp:attachment":[{"href":"https:\/\/olympiaboutique.com\/en\/wp-json\/wp\/v2\/media?parent=2569"}],"wp:term":[{"taxonomy":"product_brand","embeddable":true,"href":"https:\/\/olympiaboutique.com\/en\/wp-json\/wp\/v2\/product_brand?post=2569"},{"taxonomy":"product_cat","embeddable":true,"href":"https:\/\/olympiaboutique.com\/en\/wp-json\/wp\/v2\/product_cat?post=2569"},{"taxonomy":"product_tag","embeddable":true,"href":"https:\/\/olympiaboutique.com\/en\/wp-json\/wp\/v2\/product_tag?post=2569"}],"curies":[{"name":"wp","href":"https:\/\/api.w.org\/{rel}","templated":true}]}}