{"id":2566,"date":"2024-04-03T10:39:24","date_gmt":"2024-04-03T10:39:24","guid":{"rendered":"https:\/\/olympiaboutique.com\/?post_type=product&#038;p=2566"},"modified":"2025-12-01T04:26:41","modified_gmt":"2025-12-01T04:26:41","slug":"difeel-castor-pro-growth-shampooing-1l-et-revitalisant-1l-pack-de-2-pieces","status":"publish","type":"product","link":"https:\/\/olympiaboutique.com\/en\/product\/difeel-castor-pro-growth-shampooing-1l-et-revitalisant-1l-pack-de-2-pieces\/","title":{"rendered":"Difeel Castor Pro-Growth Shampooing 1L. et revitalisant 1L. (pack de 2 pi\u00e8ces)"},"content":{"rendered":"<ul class=\"a-unordered-list a-vertical a-spacing-mini\">\n<li class=\"a-spacing-mini\"><span class=\"a-list-item\"><span>Cet ensemble de 2 pi\u00e8ces comprend \u00e0 la fois notre shampooing Castor Pro-Growth ET notre revitalisant Castor Pro-Growth dans des bouteilles de 1 l.<\/span><\/span><\/li>\n<li class=\"a-spacing-mini\"><span class=\"a-list-item\"><span>Le shampooing et l&#8217;apr\u00e8s-shampooing Difeel Castor Pro-Growth sont des formules pro-croissance riches en vitamines pour des cheveux plus longs, plus forts et plus \u00e9pais.<\/span><\/span><\/li>\n<li class=\"a-spacing-mini\"><span class=\"a-list-item\"><span>Stimule la croissance saine des cheveux tout en pr\u00e9venant la chute des cheveux. <\/span><\/span><\/li>\n<li class=\"a-spacing-mini\"><span class=\"a-list-item\"><span>Renforce et hydrate pour \u00e9viter la casse.<\/span><\/span><\/li>\n<li class=\"a-spacing-mini\"><span class=\"a-list-item\"><span>Hydrate les cheveux, garde les cheveux soyeux, doux et lisses.<\/span><\/span><\/li>\n<li class=\"a-spacing-mini\"><span class=\"a-list-item\"><span>Sans parab\u00e8ne, sans sulfate, sans phtalate, sans formald\u00e9hyde, sans huile min\u00e9rale ni colorant. <\/span><\/span><\/li>\n<li class=\"a-spacing-mini\"><span class=\"a-list-item\"><span>Fabriqu\u00e9 aux \u00c9tats-Unis<\/span><\/span><\/li>\n<\/ul>","protected":false},"excerpt":{"rendered":"<p><strong>Bienfaits:<\/strong><\/p>\n<ul>\n<li><span>Garde les cheveux doux et lisses tout en les revitalisant et en am\u00e9liorant la sant\u00e9 du cuir chevelu. <\/span><\/li>\n<li><span>Hydrate les cheveux secs, ab\u00eem\u00e9s ou cassants.<\/span><\/li>\n<\/ul>\n<ul class=\"a-unordered-list a-vertical\">\n<li><span class=\"a-list-item\"><span>Aide \u00e0 stimuler la croissance saine des cheveux.<\/span><\/span><\/li>\n<li><span class=\"a-list-item\"><span>Renforce et hydrate pour \u00e9viter la casse.<\/span><\/span><\/li>\n<li><span class=\"a-list-item\"><span>Aide \u00e0 pr\u00e9venir la chute des cheveux.<\/span><\/span><\/li>\n<\/ul>\n<p><span>Sans parab\u00e8nes, sulfates, phtalates, formald\u00e9hydes, huile min\u00e9rale et colorants<\/span><\/p>","protected":false},"featured_media":2555,"comment_status":"open","ping_status":"closed","template":"","meta":{"_joinchat":[]},"product_brand":[],"product_cat":[109],"product_tag":[246],"class_list":{"0":"post-2566","1":"product","2":"type-product","3":"status-publish","4":"has-post-thumbnail","6":"product_cat-cheveux","7":"product_tag-difeel","9":"first","10":"outofstock","11":"shipping-taxable","12":"purchasable","13":"product-type-simple"},"jetpack_sharing_enabled":true,"_links":{"self":[{"href":"https:\/\/olympiaboutique.com\/en\/wp-json\/wp\/v2\/product\/2566","targetHints":{"allow":["GET"]}}],"collection":[{"href":"https:\/\/olympiaboutique.com\/en\/wp-json\/wp\/v2\/product"}],"about":[{"href":"https:\/\/olympiaboutique.com\/en\/wp-json\/wp\/v2\/types\/product"}],"replies":[{"embeddable":true,"href":"https:\/\/olympiaboutique.com\/en\/wp-json\/wp\/v2\/comments?post=2566"}],"wp:featuredmedia":[{"embeddable":true,"href":"https:\/\/olympiaboutique.com\/en\/wp-json\/wp\/v2\/media\/2555"}],"wp:attachment":[{"href":"https:\/\/olympiaboutique.com\/en\/wp-json\/wp\/v2\/media?parent=2566"}],"wp:term":[{"taxonomy":"product_brand","embeddable":true,"href":"https:\/\/olympiaboutique.com\/en\/wp-json\/wp\/v2\/product_brand?post=2566"},{"taxonomy":"product_cat","embeddable":true,"href":"https:\/\/olympiaboutique.com\/en\/wp-json\/wp\/v2\/product_cat?post=2566"},{"taxonomy":"product_tag","embeddable":true,"href":"https:\/\/olympiaboutique.com\/en\/wp-json\/wp\/v2\/product_tag?post=2566"}],"curies":[{"name":"wp","href":"https:\/\/api.w.org\/{rel}","templated":true}]}}