{"id":2565,"date":"2024-04-03T10:28:16","date_gmt":"2024-04-03T10:28:16","guid":{"rendered":"https:\/\/olympiaboutique.com\/?post_type=product&#038;p=2565"},"modified":"2025-12-01T04:26:41","modified_gmt":"2025-12-01T04:26:41","slug":"nestle-nido-kinder-1dha-2-2kg","status":"publish","type":"product","link":"https:\/\/olympiaboutique.com\/en\/product\/nestle-nido-kinder-1dha-2-2kg\/","title":{"rendered":"NESTLE NIDO KINDER 1+DHA 2.2KG"},"content":{"rendered":"<p>Id\u00e9alement, une alimentation bien \u00e9quilibr\u00e9e r\u00e9pondrait aux besoins nutritionnels des jeunes enfants \u00e2g\u00e9s de un \u00e0 trois ans. Cependant, il est parfois difficile d\u2019amener les enfants \u00e0 bien manger, alors s\u2019assurer qu\u2019ils re\u00e7oivent les vitamines et les min\u00e9raux dont ils ont besoin est une aide pr\u00e9cieuse pour les rassurer. NIDO 1+ a \u00e9t\u00e9 d\u00e9velopp\u00e9 pour r\u00e9pondre aux besoins des enfants de 1 an et plus et, dans le cadre d&#8217;un r\u00e9gime alimentaire mixte, il contribue \u00e0 r\u00e9pondre aux besoins nutritionnels sp\u00e9cifiques qui sont importants pour les tout-petits lors de leur transition du lait maternel ou des pr\u00e9parations pour nourrissons au lait maternel. alimentation familiale.<\/p>","protected":false},"excerpt":{"rendered":"<p class=\"a-spacing-base\"><span>Nestle NIDO Kinder 1+ est une boisson lact\u00e9e en poudre contenant 13 vitamines et min\u00e9raux pour aider \u00e0 soutenir la croissance et le d\u00e9veloppement sains de votre enfant. NIDO 1+ contient \u00e9galement du Prebio1, un m\u00e9lange exclusif de fibres. Les fibres aident \u00e0 maintenir un syst\u00e8me digestif sain.<\/span><\/p>\n<p class=\"a-spacing-base\"><span>Remarque : NIDO 1+ ne convient pas aux enfants de moins de 1 an.<\/span><\/p>","protected":false},"featured_media":2548,"comment_status":"open","ping_status":"closed","template":"","meta":{"_joinchat":[]},"product_brand":[],"product_cat":[23],"product_tag":[180],"class_list":{"0":"post-2565","1":"product","2":"type-product","3":"status-publish","4":"has-post-thumbnail","6":"product_cat-food","7":"product_tag-nestle-nido","9":"first","10":"outofstock","11":"shipping-taxable","12":"purchasable","13":"product-type-simple"},"jetpack_sharing_enabled":true,"_links":{"self":[{"href":"https:\/\/olympiaboutique.com\/en\/wp-json\/wp\/v2\/product\/2565","targetHints":{"allow":["GET"]}}],"collection":[{"href":"https:\/\/olympiaboutique.com\/en\/wp-json\/wp\/v2\/product"}],"about":[{"href":"https:\/\/olympiaboutique.com\/en\/wp-json\/wp\/v2\/types\/product"}],"replies":[{"embeddable":true,"href":"https:\/\/olympiaboutique.com\/en\/wp-json\/wp\/v2\/comments?post=2565"}],"wp:featuredmedia":[{"embeddable":true,"href":"https:\/\/olympiaboutique.com\/en\/wp-json\/wp\/v2\/media\/2548"}],"wp:attachment":[{"href":"https:\/\/olympiaboutique.com\/en\/wp-json\/wp\/v2\/media?parent=2565"}],"wp:term":[{"taxonomy":"product_brand","embeddable":true,"href":"https:\/\/olympiaboutique.com\/en\/wp-json\/wp\/v2\/product_brand?post=2565"},{"taxonomy":"product_cat","embeddable":true,"href":"https:\/\/olympiaboutique.com\/en\/wp-json\/wp\/v2\/product_cat?post=2565"},{"taxonomy":"product_tag","embeddable":true,"href":"https:\/\/olympiaboutique.com\/en\/wp-json\/wp\/v2\/product_tag?post=2565"}],"curies":[{"name":"wp","href":"https:\/\/api.w.org\/{rel}","templated":true}]}}