{"id":2564,"date":"2024-04-03T10:16:53","date_gmt":"2024-04-03T10:16:53","guid":{"rendered":"https:\/\/olympiaboutique.com\/?post_type=product&#038;p=2564"},"modified":"2025-12-01T04:26:41","modified_gmt":"2025-12-01T04:26:41","slug":"pantene-pro-v-shampooing-et-revitalisant-nourrissants-lait-de-coco-et-beurre-de-karite-113l","status":"publish","type":"product","link":"https:\/\/olympiaboutique.com\/en\/product\/pantene-pro-v-shampooing-et-revitalisant-nourrissants-lait-de-coco-et-beurre-de-karite-113l\/","title":{"rendered":"Pantene Pro-V Gamme Shampooing et revitalisant nourrissants, lait de coco et beurre de karit\u00e9, 1,13L"},"content":{"rendered":"<p>0 % de parab\u00e8nes, de colorants et d&#8217;huile min\u00e9rale. Hydratez, lissez et adoucissez vos cheveux avec l&#8217;apr\u00e8s-shampooing Pantene Pro-V au lait de coco et au beurre de karit\u00e9, con\u00e7u exclusivement pour les membres du Sam&#8217;s Club. Inspir\u00e9 par la nature et ancr\u00e9 dans la science, ce m\u00e9lange nourrissant infus\u00e9 de lait de coco et de beurre de karit\u00e9 est sans parab\u00e8ne, sans colorant et sans huile min\u00e9rale. Il est sp\u00e9cifiquement formul\u00e9 pour r\u00e9parer visiblement les cheveux secs et ternes. Des micro-hydratants enveloppent chaque m\u00e8che, r\u00e9v\u00e9lant une douceur et une maniabilit\u00e9 durables. Associez ce revitalisant hydratant luxueux au shampooing Pantene Pro-V au lait de coco et au beurre de karit\u00e9, con\u00e7u pour reconstituer la visibilit\u00e9 des cheveux secs et ternes. Ce duo hydratant est fondamentalement un mariage parfait pour les cheveux. Les formules Pro-V de la collection Pantene au lait de coco et au beurre de karit\u00e9 sont sans danger pour les cheveux color\u00e9s ou trait\u00e9s chimiquement et suffisamment douces pour \u00eatre utilis\u00e9es quotidiennement. Dites adieu aux m\u00e8ches assoiff\u00e9es et bonjour \u00e0 une belle journ\u00e9e capillaire. Formule Pro-V de Pantene Pantene poss\u00e8de une formule Pro-V unique qui transforme vos cheveux en les rendant plus forts. Et depuis son origine, la formule Pro-V a \u00e9t\u00e9 constamment am\u00e9lior\u00e9e avec l&#8217;aide du r\u00e9seau mondial d&#8217;experts en science capillaire de Pantene. Ce qui a commenc\u00e9 il y a plus de 70 ans en Suisse est aujourd&#8217;hui plus efficace que jamais pour rendre vos cheveux plus forts que jamais. Encore de superbes journ\u00e9es capillaires pour tous\u00a0! Comment utiliser Masser sur cheveux mouill\u00e9s apr\u00e8s le shampooing, en accordant une attention particuli\u00e8re aux pointes. Rincer abondamment. Assez doux pour \u00eatre utilis\u00e9 sur les cheveux permanent\u00e9s ou color\u00e9s.<\/p>","protected":false},"excerpt":{"rendered":"<p>Obtenez les cheveux doux et magnifiquement hydrat\u00e9s que vous voulez et rien de ce que vous ne voulez pas avec le shampooing et d\u00e9m\u00ealant\u00a0 nourrissant au lait de coco et au beurre de karit\u00e9 Pantene Pro-V. Inspir\u00e9 par la nature et ancr\u00e9 dans la science, ce m\u00e9lange nourrissant infus\u00e9 de lait de coco et de beurre de karit\u00e9 est sans paraben, sans colorant et sans huile min\u00e9rale. Il est \u00e9galement sp\u00e9cifiquement formul\u00e9 pour r\u00e9parer visiblement les cheveux secs et ternes.<\/p>","protected":false},"featured_media":2546,"comment_status":"open","ping_status":"closed","template":"","meta":{"_joinchat":[]},"product_brand":[],"product_cat":[109],"product_tag":[340],"class_list":{"0":"post-2564","1":"product","2":"type-product","3":"status-publish","4":"has-post-thumbnail","6":"product_cat-cheveux","7":"product_tag-pantene","9":"first","10":"outofstock","11":"shipping-taxable","12":"purchasable","13":"product-type-simple"},"jetpack_sharing_enabled":true,"_links":{"self":[{"href":"https:\/\/olympiaboutique.com\/en\/wp-json\/wp\/v2\/product\/2564","targetHints":{"allow":["GET"]}}],"collection":[{"href":"https:\/\/olympiaboutique.com\/en\/wp-json\/wp\/v2\/product"}],"about":[{"href":"https:\/\/olympiaboutique.com\/en\/wp-json\/wp\/v2\/types\/product"}],"replies":[{"embeddable":true,"href":"https:\/\/olympiaboutique.com\/en\/wp-json\/wp\/v2\/comments?post=2564"}],"wp:featuredmedia":[{"embeddable":true,"href":"https:\/\/olympiaboutique.com\/en\/wp-json\/wp\/v2\/media\/2546"}],"wp:attachment":[{"href":"https:\/\/olympiaboutique.com\/en\/wp-json\/wp\/v2\/media?parent=2564"}],"wp:term":[{"taxonomy":"product_brand","embeddable":true,"href":"https:\/\/olympiaboutique.com\/en\/wp-json\/wp\/v2\/product_brand?post=2564"},{"taxonomy":"product_cat","embeddable":true,"href":"https:\/\/olympiaboutique.com\/en\/wp-json\/wp\/v2\/product_cat?post=2564"},{"taxonomy":"product_tag","embeddable":true,"href":"https:\/\/olympiaboutique.com\/en\/wp-json\/wp\/v2\/product_tag?post=2564"}],"curies":[{"name":"wp","href":"https:\/\/api.w.org\/{rel}","templated":true}]}}