{"id":2461,"date":"2024-02-28T21:34:21","date_gmt":"2024-02-28T21:34:21","guid":{"rendered":"https:\/\/olympiaboutique.com\/?post_type=product&#038;p=2461"},"modified":"2026-02-24T20:09:57","modified_gmt":"2026-02-24T20:09:57","slug":"gamme-tree-hut-gommage-et-gel-corporel","status":"publish","type":"product","link":"https:\/\/olympiaboutique.com\/en\/product\/gamme-tree-hut-gommage-et-gel-corporel\/","title":{"rendered":"Tree Hut, Gamme gommage et gel corporel (532 ml et 510g)"},"content":{"rendered":"<p>Notre nettoyant moussant\u00a0 Tree Hut contient de la past\u00e8que, riche en vitamines et en antioxydants connus pour aider \u00e0 prot\u00e9ger la peau endommag\u00e9e et \u00e0 r\u00e9v\u00e9ler une peau d\u2019apparence plus jeune. Il contient \u00e9galement de la niacinamide, connue pour aider \u00e0 r\u00e9duire l\u2019inflammation et \u00e0 minimiser l\u2019apparence des pores. Le beurre de karit\u00e9 naturel est connu pour hydrater, nourrir et adoucir en profondeur la peau s\u00e8che tout en contribuant \u00e0 favoriser son \u00e9lasticit\u00e9.<\/p>\n<p>Le gommage exfoliant pour le corps \u00e9limine la peau terne et s\u00e8che pour r\u00e9v\u00e9ler une peau \u00e9clatante, douce et lisse.<br \/>\nIl nourrit en profondeur et \u00e9quilibre l\u2019hydratation de la peau pour aider \u00e0 restaurer l\u2019\u00e9clat naturel de la peau.<\/p>\n<p>Appliquez une quantit\u00e9 g\u00e9n\u00e9reuse sur la peau humide ou s\u00e8che. Faites des mouvements circulaires pour une couverture uniforme et une exfoliation efficace. Rincez bien<\/p>","protected":false},"excerpt":{"rendered":"<p>Rafra\u00eechissez votre routine de douche avec le gel nettoyant moussant Tree Hut et son gommage.<\/p>\n<p>Trempez votre corps dans une mousse luxueuse qui nourrit la peau et laisse un parfum longue dur\u00e9e.\u00a0Les nettoyants Tree Hut sont infus\u00e9s de notre complexe d\u2019huiles hydratantes, rempli d\u2019huiles d\u2019avocat, de kiwi et d\u2019orange riches en antioxydants pour que vous quittiez la douche avec une sensation de fra\u00eecheur et d\u2019\u00e9clat.<\/p>\n<ul>\n<li>Fabriqu\u00e9 avec notre complexe d\u2019huiles hydratantes, du beurre de karit\u00e9, de la past\u00e8que, du collag\u00e8ne v\u00e9g\u00e9talien et de la niacinamide<\/li>\n<li>Formul\u00e9 avec des ingr\u00e9dients v\u00e9g\u00e9taux respectueux de la peau<\/li>\n<li>V\u00e9g\u00e9talien, sans paraben, sans sulfate, sans alcool, sans donneurs de formald\u00e9hyde et parfum longue dur\u00e9e<\/li>\n<\/ul>","protected":false},"featured_media":2460,"comment_status":"open","ping_status":"closed","template":"","meta":{"_joinchat":[]},"product_brand":[],"product_cat":[22],"product_tag":[321],"class_list":{"0":"post-2461","1":"product","2":"type-product","3":"status-publish","4":"has-post-thumbnail","6":"product_cat-skincare","7":"product_tag-tree-hut","9":"first","10":"outofstock","11":"shipping-taxable","12":"purchasable","13":"product-type-simple"},"jetpack_sharing_enabled":true,"_links":{"self":[{"href":"https:\/\/olympiaboutique.com\/en\/wp-json\/wp\/v2\/product\/2461","targetHints":{"allow":["GET"]}}],"collection":[{"href":"https:\/\/olympiaboutique.com\/en\/wp-json\/wp\/v2\/product"}],"about":[{"href":"https:\/\/olympiaboutique.com\/en\/wp-json\/wp\/v2\/types\/product"}],"replies":[{"embeddable":true,"href":"https:\/\/olympiaboutique.com\/en\/wp-json\/wp\/v2\/comments?post=2461"}],"wp:featuredmedia":[{"embeddable":true,"href":"https:\/\/olympiaboutique.com\/en\/wp-json\/wp\/v2\/media\/2460"}],"wp:attachment":[{"href":"https:\/\/olympiaboutique.com\/en\/wp-json\/wp\/v2\/media?parent=2461"}],"wp:term":[{"taxonomy":"product_brand","embeddable":true,"href":"https:\/\/olympiaboutique.com\/en\/wp-json\/wp\/v2\/product_brand?post=2461"},{"taxonomy":"product_cat","embeddable":true,"href":"https:\/\/olympiaboutique.com\/en\/wp-json\/wp\/v2\/product_cat?post=2461"},{"taxonomy":"product_tag","embeddable":true,"href":"https:\/\/olympiaboutique.com\/en\/wp-json\/wp\/v2\/product_tag?post=2461"}],"curies":[{"name":"wp","href":"https:\/\/api.w.org\/{rel}","templated":true}]}}