{"id":2458,"date":"2024-02-27T17:45:46","date_gmt":"2024-02-27T17:45:46","guid":{"rendered":"https:\/\/olympiaboutique.com\/?post_type=product&#038;p=2458"},"modified":"2026-02-24T20:10:40","modified_gmt":"2026-02-24T20:10:40","slug":"centrum-silver-men-50-multivitamine-275-comprimes","status":"publish","type":"product","link":"https:\/\/olympiaboutique.com\/en\/product\/centrum-silver-men-50-multivitamine-275-comprimes\/","title":{"rendered":"Centrum Silver Men 50+ Multivitamine, 275 comprim\u00e9s"},"content":{"rendered":"<h2 id=\"a11y-features\"><span>Caract\u00e9ristiques:<\/span><\/h2>\n<ul class=\"pdp-features\">\n<li><span>Suppl\u00e9ment multivitamin\u00e9 et multimin\u00e9ral<\/span><\/li>\n<li><span>Sans OGM et sans gluten<\/span><\/li>\n<li><span>Sp\u00e9cialement formul\u00e9 pour les hommes de 50 ans et plus<\/span><\/li>\n<li><span>Rev\u00eatement lisse facile \u00e0 prendre<\/span><\/li>\n<\/ul>\n<ul class=\"a-unordered-list a-vertical a-spacing-mini\">\n<li><span class=\"a-list-item\"><span>Une bouteille de 275 unit\u00e9s de multivitamines Centrum pour hommes, suppl\u00e9ment multivitamin\u00e9\/multimin\u00e9ral avec vitamine D3, vitamines B et antioxydants<\/span><\/span><\/li>\n<li><span class=\"a-list-item\"><span>Ces vitamines quotidiennes pour hommes sont sp\u00e9cialement formul\u00e9es avec des vitamines B pour aider \u00e0 soutenir le m\u00e9tabolisme et des vitamines C, E, b\u00eata-carot\u00e8ne et zinc pour fournir un soutien immunitaire aux hommes.<\/span><\/span><\/li>\n<li>\n<div class=\"pb2\">\n<h3 class=\"flex items-center mv0 lh-copy f5 pb1 dark-gray\"><span>Instructions<\/span><\/h3>\n<div class=\"mv0 lh-copy mid-gray f6\"><span>Adultes : Prendre un (1) comprim\u00e9 par jour avec de la nourriture.\u00a0Non formul\u00e9 pour une utilisation chez les enfants.\u00a0Ne d\u00e9passe pas,<\/span><\/div>\n<\/div>\n<div class=\"\">\n<h3 class=\"flex items-center mv0 lh-copy f5 pb1 dark-gray\"><span>Dosage<\/span><\/h3>\n<div class=\"mv0 lh-copy mid-gray f6\"><span>Prendre un (1) comprim\u00e9 par jour avec de la nourriture<\/span><\/div>\n<\/div>\n<\/li>\n<\/ul>","protected":false},"excerpt":{"rendered":"<p><strong>Bienfaits<\/strong><\/p>\n<p><span>Cetrum\u00ae Silver\u00ae Men est personnalis\u00e9 pour les hommes de 50 ans et plus et contient des micronutriments pour nourrir vos cellules et aider \u00e0 soutenir la fonction musculaire ainsi que le c\u0153ur <\/span><sup><span>\u00a0<\/span><\/sup><span>, le cerveau et les yeux. <\/span><sup><span>\u00a0<\/span><\/sup><span>\u00c0 mesure que les hommes vieillissent, il devient de plus en plus important de consommer des quantit\u00e9s ad\u00e9quates de magn\u00e9sium et de vitamines D et B6 pour aider \u00e0 maintenir la sant\u00e9 musculaire.<\/span><\/p>\n<p><b><span>Centrum\u00ae Silver\u00ae est v\u00e9rifi\u00e9 sans OGM et sans gluten.<\/span><\/b><\/p>\n<ul>\n<li><span>Centrum\u00ae s&#8217;appuie sur 40 ans de science nutritionnelle pour vous offrir la multivitamine la plus compl\u00e8te.<\/span><\/li>\n<li><span>Les multivitamines Centrum\u00ae Silver\u00ae Men ont un enrobage lisse et facile \u00e0 avaler.<\/span><\/li>\n<li><span>Le plus recommand\u00e9.\u00a0Le plus \u00e9tudi\u00e9.\u00a0Le plus pr\u00e9f\u00e9r\u00e9.<\/span><\/li>\n<li><span>Nourrissez vos cellules avec les micronutriments Centrum\u00ae.<\/span><\/li>\n<\/ul>","protected":false},"featured_media":2452,"comment_status":"open","ping_status":"closed","template":"","meta":{"_joinchat":[]},"product_brand":[],"product_cat":[17],"product_tag":[328],"class_list":{"0":"post-2458","1":"product","2":"type-product","3":"status-publish","4":"has-post-thumbnail","6":"product_cat-vitamines","7":"product_tag-centrum","9":"first","10":"outofstock","11":"sale","12":"shipping-taxable","13":"purchasable","14":"product-type-simple"},"jetpack_sharing_enabled":true,"_links":{"self":[{"href":"https:\/\/olympiaboutique.com\/en\/wp-json\/wp\/v2\/product\/2458","targetHints":{"allow":["GET"]}}],"collection":[{"href":"https:\/\/olympiaboutique.com\/en\/wp-json\/wp\/v2\/product"}],"about":[{"href":"https:\/\/olympiaboutique.com\/en\/wp-json\/wp\/v2\/types\/product"}],"replies":[{"embeddable":true,"href":"https:\/\/olympiaboutique.com\/en\/wp-json\/wp\/v2\/comments?post=2458"}],"wp:featuredmedia":[{"embeddable":true,"href":"https:\/\/olympiaboutique.com\/en\/wp-json\/wp\/v2\/media\/2452"}],"wp:attachment":[{"href":"https:\/\/olympiaboutique.com\/en\/wp-json\/wp\/v2\/media?parent=2458"}],"wp:term":[{"taxonomy":"product_brand","embeddable":true,"href":"https:\/\/olympiaboutique.com\/en\/wp-json\/wp\/v2\/product_brand?post=2458"},{"taxonomy":"product_cat","embeddable":true,"href":"https:\/\/olympiaboutique.com\/en\/wp-json\/wp\/v2\/product_cat?post=2458"},{"taxonomy":"product_tag","embeddable":true,"href":"https:\/\/olympiaboutique.com\/en\/wp-json\/wp\/v2\/product_tag?post=2458"}],"curies":[{"name":"wp","href":"https:\/\/api.w.org\/{rel}","templated":true}]}}