{"id":2441,"date":"2024-02-22T13:10:46","date_gmt":"2024-02-22T13:10:46","guid":{"rendered":"https:\/\/olympiaboutique.com\/?post_type=product&#038;p=2441"},"modified":"2025-12-01T04:17:24","modified_gmt":"2025-12-01T04:17:24","slug":"liquide-de-rince-bouche-original-listerine1-5l","status":"publish","type":"product","link":"https:\/\/olympiaboutique.com\/en\/product\/liquide-de-rince-bouche-original-listerine1-5l\/","title":{"rendered":"Listerine, Liquide de rince-bouche original ,1.5L"},"content":{"rendered":"<ul>\n<li>En ajoutant l\u2019antiseptique LISTERINE<sup role=\"presentation\">\u00ae<\/sup>, on obtient\u00a0<strong>2x plus de sites gingivaux sains<\/strong>\u00a0qu\u2019avec la brosse \u00e0 dents et la soie dentaire seules<\/li>\n<li>Le\u00a0<strong>seul<\/strong>\u00a0rince-bouche \u00e0 r\u00e9duire et \u00e0 pr\u00e9venir la gingivite mieux que la brosse \u00e0 dents et la soie dentaire seules, tel que\u00a0<strong><a class=\"ext\" href=\"http:\/\/www.cda-adc.ca\/fr\/oral_health\/seal\/products\/\" target=\"_blank\" rel=\"noopener\">valid\u00e9 par l\u2019ADC<\/a><\/strong><\/li>\n<li>Tue jusqu\u2019\u00e0 99,9 % des bact\u00e9ries responsables de la plaque, de la gingivite et de la mauvaise haleine<\/li>\n<li>La formule exclusive \u00e0 base de\u00a0<a href=\"https:\/\/fr.listerineprofessional.ca\/pourquoi-listerine\/innovations-techniques\/3-huiles-essentielles\"><strong>3 huiles essentielles<\/strong><\/a>\u00a0p\u00e9n\u00e8tre en profondeur dans le biofilm de la plaque pour tuer les bact\u00e9ries et en inhiber la croissance<\/li>\n<li class=\"a-spacing-mini\"><span class=\"a-list-item\"><span><span>Le brossage ne couvre que 25 % de votre bouche, les germes laiss\u00e9s sur place peuvent causer des probl\u00e8mes de plaque dentaire et de gencives.<\/span><\/span><\/span><\/li>\n<li class=\"a-spacing-mini\"><span class=\"a-list-item\"><span><span>Listerine atteint toutes les parties de votre bouche et \u00e9limine 99,9 % des germes<\/span><\/span><\/span><\/li>\n<li class=\"a-spacing-mini\"><span class=\"a-list-item\"><span><span>Formule unique aux 4 huiles essentielles qui p\u00e9n\u00e8tre en profondeur pour \u00e9liminer les bact\u00e9ries pr\u00e9sentes dans le biofilm de la plaque dentaire<\/span><\/span><\/span><\/li>\n<li class=\"a-spacing-mini\"><span class=\"a-list-item\"><span><span>Listerine aide \u00e0 r\u00e9duire les probl\u00e8mes de gencives en 2 semaines<\/span><\/span><\/span><\/li>\n<\/ul>","protected":false},"excerpt":{"rendered":"<p>LISTERINE ORIGINAL<sup>\u00ae<\/sup>\u00a0est le rince-bouche antiseptique classique, et l\u2019Association dentaire canadienne confirme que son ajout \u00e0 la routine d\u2019hygi\u00e8ne buccodentaire r\u00e9duit et pr\u00e9vient la gingivite mieux que le brossage des dents et l\u2019utilisation de la soie dentaire seuls.<\/p>\n<p>Adultes et enfants de 12 ans et plus : Se rincer la bouche avec 20 ml non dilu\u00e9s pendant 30 secondes, deux fois par jour.<\/p>\n<p>Se gargariser pour soulager les maux de gorge dus au rhume. NE PAS AVALER.<\/p>","protected":false},"featured_media":2434,"comment_status":"open","ping_status":"closed","template":"","meta":{"_joinchat":[]},"product_brand":[],"product_cat":[264],"product_tag":[72],"class_list":{"0":"post-2441","1":"product","2":"type-product","3":"status-publish","4":"has-post-thumbnail","6":"product_cat-divers","7":"product_tag-listerine","9":"first","10":"outofstock","11":"shipping-taxable","12":"purchasable","13":"product-type-simple"},"jetpack_sharing_enabled":true,"_links":{"self":[{"href":"https:\/\/olympiaboutique.com\/en\/wp-json\/wp\/v2\/product\/2441","targetHints":{"allow":["GET"]}}],"collection":[{"href":"https:\/\/olympiaboutique.com\/en\/wp-json\/wp\/v2\/product"}],"about":[{"href":"https:\/\/olympiaboutique.com\/en\/wp-json\/wp\/v2\/types\/product"}],"replies":[{"embeddable":true,"href":"https:\/\/olympiaboutique.com\/en\/wp-json\/wp\/v2\/comments?post=2441"}],"wp:featuredmedia":[{"embeddable":true,"href":"https:\/\/olympiaboutique.com\/en\/wp-json\/wp\/v2\/media\/2434"}],"wp:attachment":[{"href":"https:\/\/olympiaboutique.com\/en\/wp-json\/wp\/v2\/media?parent=2441"}],"wp:term":[{"taxonomy":"product_brand","embeddable":true,"href":"https:\/\/olympiaboutique.com\/en\/wp-json\/wp\/v2\/product_brand?post=2441"},{"taxonomy":"product_cat","embeddable":true,"href":"https:\/\/olympiaboutique.com\/en\/wp-json\/wp\/v2\/product_cat?post=2441"},{"taxonomy":"product_tag","embeddable":true,"href":"https:\/\/olympiaboutique.com\/en\/wp-json\/wp\/v2\/product_tag?post=2441"}],"curies":[{"name":"wp","href":"https:\/\/api.w.org\/{rel}","templated":true}]}}