{"id":2430,"date":"2024-02-22T11:46:50","date_gmt":"2024-02-22T11:46:50","guid":{"rendered":"https:\/\/olympiaboutique.com\/?post_type=product&#038;p=2430"},"modified":"2025-12-01T04:17:25","modified_gmt":"2025-12-01T04:17:25","slug":"aveeno-gel-douche-anti-stress-avec-parfum-apaisant-davoine-et-de-lavande-pour-peaux-sensibles-1l","status":"publish","type":"product","link":"https:\/\/olympiaboutique.com\/en\/product\/aveeno-gel-douche-anti-stress-avec-parfum-apaisant-davoine-et-de-lavande-pour-peaux-sensibles-1l\/","title":{"rendered":"Aveeno Gel douche anti-stress avec parfum apaisant d&#8217;avoine et de lavande pour peaux sensibles, 1L"},"content":{"rendered":"<ul class=\"a-unordered-list a-vertical a-spacing-mini\">\n<li class=\"a-spacing-mini\"><span class=\"a-list-item\">Le nettoyant pour le corps Aveeno Stress Relief d&#8217;Aveeno, au parfum apaisant d&#8217;avoine et de lavande, nettoie en douceur tout en \u00e9liminant la salet\u00e9, l&#8217;huile et les impuret\u00e9s. Il est cliniquement d\u00e9montr\u00e9 que le nettoyant corporel quotidien vous aide \u00e0 vous calmer et \u00e0 vous d\u00e9tendre sous la douche.<\/span><\/li>\n<li class=\"a-spacing-mini\"><span class=\"a-list-item\">Le gel douche hydratant formul\u00e9 pour les peaux sensibles pr\u00e9sente un parfum relaxant de lavande con\u00e7u pour \u00eatre doux pour la peau. 97\u00a0% des utilisateurs ont convenu que le nettoyant pour le corps cr\u00e9meux nettoyait leur peau en douceur et la rin\u00e7ait sans trop la dess\u00e9cher.<\/span><\/li>\n<li class=\"a-spacing-mini\"><span class=\"a-list-item\">Le gel douche est formul\u00e9 avec de l&#8217;avoine pr\u00e9biotique apaisante pour nettoyer en douceur tout en pr\u00e9servant la barri\u00e8re d&#8217;hydratation naturelle de la peau. Bien agiter, presser sur un gant de toilette, faire mousser richement et rincer. Le nettoyant peut \u00eatre utilis\u00e9 comme gel \u00e0 raser pour des jambes soyeuses et lisses<\/span><\/li>\n<li class=\"a-spacing-mini\"><span class=\"a-list-item\">Le nettoyant pour le corps parfum\u00e9 \u00e0 la lavande a \u00e9t\u00e9 test\u00e9 contre les allergies et formul\u00e9 sans sulfates, parab\u00e8nes, colorants ni savon. La marque Aveeno utilise les bienfaits de la nature et le pouvoir de la science pour garder votre peau saine et \u00e9quilibr\u00e9e.<\/span><\/li>\n<li class=\"a-spacing-mini\"><span class=\"a-list-item\">D\u00e9tendez-vous avec le nettoyant pour le corps anti-stress d&#8217;une marque recommand\u00e9e par les dermatologues depuis plus de 70 ans. Suivez ce nettoyant hydratant pour le corps avec la lotion anti-stress Aveeno pour emprisonner l&#8217;humidit\u00e9 pendant 24 heures.<\/span><\/li>\n<\/ul>","protected":false},"excerpt":{"rendered":"<p>D\u00e9tendez-vous pendant que vous nettoyez votre peau avec le nettoyant pour le corps Aveeno Stress Relief \u00e0 l&#8217;avoine pr\u00e9biotique et au parfum apaisant de lavande. Cliniquement prouv\u00e9 pour vous aider \u00e0 vous calmer et \u00e0 vous d\u00e9tendre sous la douche, ce nettoyant pour le corps \u00e0 l&#8217;avoine test\u00e9 contre les allergies nettoie en douceur pour \u00e9liminer la salet\u00e9, le s\u00e9bum et les impuret\u00e9s tout en pr\u00e9servant la barri\u00e8re d&#8217;hydratation naturelle de la peau. Le parfum de lavande de ce nettoyant est con\u00e7u pour \u00eatre doux pour la peau et 97 % des utilisateurs ont convenu que le nettoyant pour le corps relaxant nettoyait leur peau en douceur et se rin\u00e7ait sans trop dess\u00e9cher. Le nettoyant quotidien peut \u00e9galement \u00eatre appliqu\u00e9 \u00e0 la main comme gel \u00e0 raser pour des jambes soyeuses.<\/p>\n<p>Provenant d&#8217;une marque recommand\u00e9e par les dermatologues depuis plus de 70 ans, ce nettoyant pour le corps parfum\u00e9 \u00e0 la lavande pour peaux sensibles est sans sulfates, parab\u00e8nes, colorants ni savon. Agiter avant utilisation et presser sur un pouf, un gant de toilette ou les mains mouill\u00e9s. Travailler pour obtenir une mousse riche et cr\u00e9meuse et rincer. Gel douche anti-stress conditionn\u00e9 dans une bouteille contenant 30 % de plastique recycl\u00e9 post-consommation. Suivez avec la lotion anti-stress Aveeno pour retenir l&#8217;humidit\u00e9 pendant 24 heures.<\/p>","protected":false},"featured_media":2432,"comment_status":"open","ping_status":"closed","template":"","meta":{"_joinchat":[]},"product_brand":[],"product_cat":[22],"product_tag":[327],"class_list":{"0":"post-2430","1":"product","2":"type-product","3":"status-publish","4":"has-post-thumbnail","6":"product_cat-skincare","7":"product_tag-aveeno","9":"first","10":"outofstock","11":"shipping-taxable","12":"purchasable","13":"product-type-simple"},"jetpack_sharing_enabled":true,"_links":{"self":[{"href":"https:\/\/olympiaboutique.com\/en\/wp-json\/wp\/v2\/product\/2430","targetHints":{"allow":["GET"]}}],"collection":[{"href":"https:\/\/olympiaboutique.com\/en\/wp-json\/wp\/v2\/product"}],"about":[{"href":"https:\/\/olympiaboutique.com\/en\/wp-json\/wp\/v2\/types\/product"}],"replies":[{"embeddable":true,"href":"https:\/\/olympiaboutique.com\/en\/wp-json\/wp\/v2\/comments?post=2430"}],"wp:featuredmedia":[{"embeddable":true,"href":"https:\/\/olympiaboutique.com\/en\/wp-json\/wp\/v2\/media\/2432"}],"wp:attachment":[{"href":"https:\/\/olympiaboutique.com\/en\/wp-json\/wp\/v2\/media?parent=2430"}],"wp:term":[{"taxonomy":"product_brand","embeddable":true,"href":"https:\/\/olympiaboutique.com\/en\/wp-json\/wp\/v2\/product_brand?post=2430"},{"taxonomy":"product_cat","embeddable":true,"href":"https:\/\/olympiaboutique.com\/en\/wp-json\/wp\/v2\/product_cat?post=2430"},{"taxonomy":"product_tag","embeddable":true,"href":"https:\/\/olympiaboutique.com\/en\/wp-json\/wp\/v2\/product_tag?post=2430"}],"curies":[{"name":"wp","href":"https:\/\/api.w.org\/{rel}","templated":true}]}}