{"id":2429,"date":"2024-02-22T11:47:29","date_gmt":"2024-02-22T11:47:29","guid":{"rendered":"https:\/\/olympiaboutique.com\/?post_type=product&#038;p=2429"},"modified":"2025-12-01T04:17:25","modified_gmt":"2025-12-01T04:17:25","slug":"creme-anti-age-a-lacide-hyaluronique-advanced-clinicals-pour-le-visage-le-corps-454-g","status":"publish","type":"product","link":"https:\/\/olympiaboutique.com\/en\/product\/creme-anti-age-a-lacide-hyaluronique-advanced-clinicals-pour-le-visage-le-corps-454-g\/","title":{"rendered":"Advanced Clinicals ,Cr\u00e8me anti-\u00e2ge \u00e0 l&#8217;acide hyaluronique, 454 g"},"content":{"rendered":"<ul class=\"a-unordered-list a-vertical a-spacing-mini\">\n<li class=\"a-spacing-mini\"><span class=\"a-list-item\"><span>CR\u00c8ME \u00c0 L&#8217;ACIDE HYALURONIQUE \u2013 L&#8217;acide hyaluronique est une substance naturelle pr\u00e9sente dans notre peau qui aide \u00e0 la garder hydrat\u00e9e et rebondie. En vieillissant, la quantit\u00e9 d\u2019acide hyaluronique dans notre peau diminue, entra\u00eenant une perte de fermet\u00e9 et d\u2019\u00e9lasticit\u00e9. L&#8217;acide hyaluronique est un humectant, ce qui signifie qu&#8217;il attire l&#8217;eau vers la peau et aide \u00e0 garder la peau hydrat\u00e9e pour pr\u00e9venir le dess\u00e8chement et la desquamation. L&#8217;acide hyaluronique peut \u00e9galement aider \u00e0 am\u00e9liorer la texture et le tonus de la peau, vous donnant un teint plus \u00e9clatant et plus jeune.<\/span><\/span><\/li>\n<li class=\"a-spacing-mini\"><span class=\"a-list-item\"><span>HYDRATATION PROFONDE DE LA PEAU &#8211; L&#8217;acide hyaluronique peut aider \u00e0 r\u00e9duire l&#8217;apparence des ridules, du rel\u00e2chement cutan\u00e9 et des rides en repulpant et en hydratant en profondeur la peau, tout en restaurant son \u00e9lasticit\u00e9. Cette cr\u00e8me \u00e0 l&#8217;acide hyaluronique Advanced Clinicals aide \u00e0 hydrater et \u00e0 nourrir la peau, la rendant plus lisse pour une peau plus jeune et d&#8217;apparence saine. Cette lotion pour le corps \u00e0 l&#8217;acide hyaluronique l\u00e9g\u00e8rement parfum\u00e9e est tr\u00e8s efficace pour r\u00e9duire l&#8217;apparence du vieillissement pr\u00e9matur\u00e9, des rides, de la peau s\u00e8che, de la peau cr\u00e9pue, etc.<\/span><\/span><\/li>\n<li>R\u00c9G\u00c9N\u00c9RATION DES CELLULES DE LA PEAU &#8211; L&#8217;acide hyaluronique favorise la r\u00e9g\u00e9n\u00e9ration des cellules de la peau en offrant une hydratation suppl\u00e9mentaire et une protection de la barri\u00e8re cutan\u00e9e \u00e0 la peau, conduisant \u00e0 des cellules plus saines et \u00e0 un teint plus \u00e9clatant. L&#8217;acide hyaluronique aide \u00e0 rendre votre peau vraiment plus douce et repulp\u00e9e, vous donnant un teint plus \u00e9clatant et plus jeune. L&#8217;acide hyaluronique agit comme un hydratant tr\u00e8s efficace pour r\u00e9duire l&#8217;apparence du teint in\u00e9gal, le rel\u00e2chement cutan\u00e9, les rides, les pattes d&#8217;oie, les vergetures, les cicatrices, la peau s\u00e8che, etc.<\/li>\n<\/ul>","protected":false},"excerpt":{"rendered":"<p><span>L&#8217;hydratant instantan\u00e9 pour la peau \u00e0 l&#8217;acide hyaluronique d&#8217;Advanced Clinicals est formul\u00e9 pour redonner du volume \u00e0 la peau affaiss\u00e9e tout en emprisonnant l&#8217;humidit\u00e9 pour une apparence plus jeune. L&#8217;acide hyaluronique est un humectant, un mot sophistiqu\u00e9 d\u00e9signant un ingr\u00e9dient qui aide \u00e0 retenir l&#8217;humidit\u00e9. Cela dit, notre cr\u00e8me hydratante attire 1 000 fois son poids en humidit\u00e9 ! Enrichis d&#8217;huile de bourrache, de squal\u00e8ne et de vitamine E, ces ingr\u00e9dients b\u00e9n\u00e9fiques contiennent des propri\u00e9t\u00e9s r\u00e9paratrices qui transforment v\u00e9ritablement votre teint. Augmentez la r\u00e9tention d&#8217;eau de votre peau pour r\u00e9duire l&#8217;apparence des rides et ridules pour un teint impeccable.<\/span><\/p>\n<p><span class=\"a-text-bold\"><span><strong>Mode d&#8217;emplo<\/strong>i :<\/span><\/span><span>\u00a0Appliquer une quantit\u00e9 suffisante de lotion sur le visage, le cou et le corps nettoy\u00e9s. Massez doucement sur la peau jusqu&#8217;\u00e0 absorption compl\u00e8te. Utiliser quotidiennement.<\/span><\/p>","protected":false},"featured_media":2418,"comment_status":"open","ping_status":"closed","template":"","meta":{"_joinchat":[]},"product_brand":[],"product_cat":[22],"product_tag":[275],"class_list":{"0":"post-2429","1":"product","2":"type-product","3":"status-publish","4":"has-post-thumbnail","6":"product_cat-skincare","7":"product_tag-advanced-clinical","9":"first","10":"outofstock","11":"shipping-taxable","12":"purchasable","13":"product-type-simple"},"jetpack_sharing_enabled":true,"_links":{"self":[{"href":"https:\/\/olympiaboutique.com\/en\/wp-json\/wp\/v2\/product\/2429","targetHints":{"allow":["GET"]}}],"collection":[{"href":"https:\/\/olympiaboutique.com\/en\/wp-json\/wp\/v2\/product"}],"about":[{"href":"https:\/\/olympiaboutique.com\/en\/wp-json\/wp\/v2\/types\/product"}],"replies":[{"embeddable":true,"href":"https:\/\/olympiaboutique.com\/en\/wp-json\/wp\/v2\/comments?post=2429"}],"wp:featuredmedia":[{"embeddable":true,"href":"https:\/\/olympiaboutique.com\/en\/wp-json\/wp\/v2\/media\/2418"}],"wp:attachment":[{"href":"https:\/\/olympiaboutique.com\/en\/wp-json\/wp\/v2\/media?parent=2429"}],"wp:term":[{"taxonomy":"product_brand","embeddable":true,"href":"https:\/\/olympiaboutique.com\/en\/wp-json\/wp\/v2\/product_brand?post=2429"},{"taxonomy":"product_cat","embeddable":true,"href":"https:\/\/olympiaboutique.com\/en\/wp-json\/wp\/v2\/product_cat?post=2429"},{"taxonomy":"product_tag","embeddable":true,"href":"https:\/\/olympiaboutique.com\/en\/wp-json\/wp\/v2\/product_tag?post=2429"}],"curies":[{"name":"wp","href":"https:\/\/api.w.org\/{rel}","templated":true}]}}