{"id":2426,"date":"2024-02-22T11:54:04","date_gmt":"2024-02-22T11:54:04","guid":{"rendered":"https:\/\/olympiaboutique.com\/?post_type=product&#038;p=2426"},"modified":"2026-03-29T20:19:36","modified_gmt":"2026-03-29T20:19:36","slug":"deodorant-antisudorifique-en-gel-transparent-secret-outlast-parfum-frais-pour-la-douche-73-g","status":"publish","type":"product","link":"https:\/\/olympiaboutique.com\/en\/product\/deodorant-antisudorifique-en-gel-transparent-secret-outlast-parfum-frais-pour-la-douche-73-g\/","title":{"rendered":"Secret Outlast D\u00e9odorant antisudorifique en gel transparent,73g"},"content":{"rendered":"<div class=\"mb3\">\n<div class=\"dangerous-html mb3\">Commencez votre journ\u00e9e en toute confiance avec un rapide coup d\u2019antisudorifique et de d\u00e9odorant Secret Outlast. Avec 48 heures de protection sup\u00e9rieure, vous pouvez oublier les soucis li\u00e9s \u00e0 la transpiration et aux odeurs. L&#8217;antisudorifique et d\u00e9odorant Secret Outlast est un gel transparent, il est donc clair et s\u00e8che rapidement. Cela signifie que vous n&#8217;avez pas \u00e0 vous soucier des marques blanches embarrassantes sur vos v\u00eatements. Parce que la sueur et les odeurs sont les derni\u00e8res choses dont vous devez vous soucier. Lorsque vous utilisez Secret, vous avez la certitude que votre d\u00e9odorant fonctionnera aussi fort que vous.<\/div>\n<\/div>\n<div class=\"mb3\">\n<div class=\"dangerous-html mb3\">\n<ul>\n<li>Ne perdez pas un instant \u00e0 vous soucier de la transpiration. L&#8217;antisudorifique et d\u00e9odorant Secret Outlast est tout en force, sans transpiration<\/li>\n<li>B\u00e9n\u00e9ficiez d&#8217;une protection de 48 heures qui ne s&#8217;arr\u00eate jamais et continuez votre journ\u00e9e<\/li>\n<li>Le gel transparent s&#8217;applique clairement et s\u00e8che rapidement<\/li>\n<li>Transpiration de stress activ\u00e9e<\/li>\n<li>Le parfum Shower Fresh pr\u00e9sente des notes fra\u00eeches de jasmin et de freesia \u00e9gay\u00e9es par de l\u00e9g\u00e8res notes d&#8217;agrumes et de fruits aqueux.<\/li>\n<\/ul>\n<\/div>\n<\/div>","protected":false},"excerpt":{"rendered":"<p>La technologie Secret Outlast offre une protection contre les odeurs pendant 48 heures qui ne s&#8217;arr\u00eate jamais ! Notre d\u00e9odorant en gel transparent vous laissera en confiance, peu importe ce que la journ\u00e9e vous r\u00e9serve, avec une protection anti-odeurs longue dur\u00e9e Secret Outlast qui combat les odeurs pendant 48 heures.<\/p>","protected":false},"featured_media":2437,"comment_status":"open","ping_status":"closed","template":"","meta":{"_joinchat":[]},"product_brand":[],"product_cat":[264],"product_tag":[325],"class_list":{"0":"post-2426","1":"product","2":"type-product","3":"status-publish","4":"has-post-thumbnail","6":"product_cat-divers","7":"product_tag-secret","9":"first","10":"instock","11":"shipping-taxable","12":"purchasable","13":"product-type-simple"},"jetpack_sharing_enabled":true,"_links":{"self":[{"href":"https:\/\/olympiaboutique.com\/en\/wp-json\/wp\/v2\/product\/2426","targetHints":{"allow":["GET"]}}],"collection":[{"href":"https:\/\/olympiaboutique.com\/en\/wp-json\/wp\/v2\/product"}],"about":[{"href":"https:\/\/olympiaboutique.com\/en\/wp-json\/wp\/v2\/types\/product"}],"replies":[{"embeddable":true,"href":"https:\/\/olympiaboutique.com\/en\/wp-json\/wp\/v2\/comments?post=2426"}],"wp:featuredmedia":[{"embeddable":true,"href":"https:\/\/olympiaboutique.com\/en\/wp-json\/wp\/v2\/media\/2437"}],"wp:attachment":[{"href":"https:\/\/olympiaboutique.com\/en\/wp-json\/wp\/v2\/media?parent=2426"}],"wp:term":[{"taxonomy":"product_brand","embeddable":true,"href":"https:\/\/olympiaboutique.com\/en\/wp-json\/wp\/v2\/product_brand?post=2426"},{"taxonomy":"product_cat","embeddable":true,"href":"https:\/\/olympiaboutique.com\/en\/wp-json\/wp\/v2\/product_cat?post=2426"},{"taxonomy":"product_tag","embeddable":true,"href":"https:\/\/olympiaboutique.com\/en\/wp-json\/wp\/v2\/product_tag?post=2426"}],"curies":[{"name":"wp","href":"https:\/\/api.w.org\/{rel}","templated":true}]}}