{"id":2424,"date":"2024-02-22T11:54:49","date_gmt":"2024-02-22T11:54:49","guid":{"rendered":"https:\/\/olympiaboutique.com\/?post_type=product&#038;p=2424"},"modified":"2026-03-10T20:15:33","modified_gmt":"2026-03-10T20:15:33","slug":"secret-invisible-solid-antiperspirant-deodorant-powder-fresh59g","status":"publish","type":"product","link":"https:\/\/olympiaboutique.com\/en\/product\/secret-invisible-solid-antiperspirant-deodorant-powder-fresh59g\/","title":{"rendered":"SECRET Invisible Solid Antiperspirant Deodorant Powder Fresh,59G"},"content":{"rendered":"<p><span>Vous pouvez toujours faire confiance \u00e0 sa formule solide au pH \u00e9quilibr\u00e9 pour une protection fiable contre les odeurs et l\u2019humidit\u00e9.<\/span><\/p>\n<ul>\n<li><span>Protection au pH \u00e9quilibr\u00e9 pour fonctionner avec la chimie naturelle de votre corps<\/span><\/li>\n<li><span>Protection 24 heures sur 24, toute la journ\u00e9e<\/span><\/li>\n<li><span>Aide \u00e0 arr\u00eater les odeurs avant qu&#8217;elles ne commencent<\/span><\/li>\n<li><span>Solid a la protection secr\u00e8te originale et \u00e9prouv\u00e9e<\/span><\/li>\n<li><span>D\u00e9odorant sans cruaut\u00e9 certifi\u00e9 Beauty Without Bunnies PETA.<\/span><\/li>\n<\/ul>","protected":false},"excerpt":{"rendered":"<p>Le d\u00e9odorant Anti-transpirant\u00a0 Secret est r\u00e9sistant \u00e0 la transpiration et doux pour la peau, vous aidant \u00e0 rester frais et confiant toute la journ\u00e9e.<\/p>\n<p>Restez au frais et au sec toute la journ\u00e9e avec Secret Invisible Solid Powder Fresh.<\/p>\n<p>Avec une formule unique au pH \u00e9quilibr\u00e9 qui fonctionne avec la chimie naturelle de votre corps, cet anti-transpirant et d\u00e9odorant Secret original offre une protection durable et fiable contre la transpiration et les odeurs pendant 24 heures sur laquelle vous pouvez compter jour apr\u00e8s jour.<\/p>","protected":false},"featured_media":2402,"comment_status":"open","ping_status":"closed","template":"","meta":{"_joinchat":[]},"product_brand":[],"product_cat":[264],"product_tag":[325],"class_list":{"0":"post-2424","1":"product","2":"type-product","3":"status-publish","4":"has-post-thumbnail","6":"product_cat-divers","7":"product_tag-secret","9":"first","10":"outofstock","11":"shipping-taxable","12":"purchasable","13":"product-type-simple"},"jetpack_sharing_enabled":true,"_links":{"self":[{"href":"https:\/\/olympiaboutique.com\/en\/wp-json\/wp\/v2\/product\/2424","targetHints":{"allow":["GET"]}}],"collection":[{"href":"https:\/\/olympiaboutique.com\/en\/wp-json\/wp\/v2\/product"}],"about":[{"href":"https:\/\/olympiaboutique.com\/en\/wp-json\/wp\/v2\/types\/product"}],"replies":[{"embeddable":true,"href":"https:\/\/olympiaboutique.com\/en\/wp-json\/wp\/v2\/comments?post=2424"}],"wp:featuredmedia":[{"embeddable":true,"href":"https:\/\/olympiaboutique.com\/en\/wp-json\/wp\/v2\/media\/2402"}],"wp:attachment":[{"href":"https:\/\/olympiaboutique.com\/en\/wp-json\/wp\/v2\/media?parent=2424"}],"wp:term":[{"taxonomy":"product_brand","embeddable":true,"href":"https:\/\/olympiaboutique.com\/en\/wp-json\/wp\/v2\/product_brand?post=2424"},{"taxonomy":"product_cat","embeddable":true,"href":"https:\/\/olympiaboutique.com\/en\/wp-json\/wp\/v2\/product_cat?post=2424"},{"taxonomy":"product_tag","embeddable":true,"href":"https:\/\/olympiaboutique.com\/en\/wp-json\/wp\/v2\/product_tag?post=2424"}],"curies":[{"name":"wp","href":"https:\/\/api.w.org\/{rel}","templated":true}]}}