{"id":2423,"date":"2024-02-22T12:02:10","date_gmt":"2024-02-22T12:02:10","guid":{"rendered":"https:\/\/olympiaboutique.com\/?post_type=product&#038;p=2423"},"modified":"2025-12-01T04:17:24","modified_gmt":"2025-12-01T04:17:24","slug":"tang-orange-naranja-140-calories-2-kg","status":"publish","type":"product","link":"https:\/\/olympiaboutique.com\/en\/product\/tang-orange-naranja-140-calories-2-kg\/","title":{"rendered":"TANG ORANGE NARANJA 140 CALORIES 2.KG"},"content":{"rendered":"<p>Pour la petite histoire sur son origine, le Tang a \u00e9t\u00e9 utilis\u00e9 par la NASA lors du programme Gemini. Il s\u2019agissait de donner meilleur go\u00fbt \u00e0 l\u2019eau de r\u00e9cup\u00e9ration d\u2019un syst\u00e8me de vie de la capsule Gemini qui \u00e9tait destin\u00e9e \u00e0 \u00eatre consomm\u00e9e par les astronautes.<\/p>","protected":false},"excerpt":{"rendered":"<p>Battez la chaleur avec l&#8217;Orange Tang rafra\u00eechissant. Profitez de son go\u00fbt d\u00e9licieux gr\u00e2ce aux bienfaits des vitamines A, B et C et du fer.<\/p>\n<p>Rajeunissez votre journ\u00e9e en buvant un verre plein de boisson fra\u00eeche et \u00e9nerg\u00e9tique, qui vous apporte 60 % de vos besoins quotidiens en vitamine C.<\/p>","protected":false},"featured_media":2405,"comment_status":"open","ping_status":"closed","template":"","meta":{"_joinchat":[]},"product_brand":[],"product_cat":[23],"product_tag":[324],"class_list":{"0":"post-2423","1":"product","2":"type-product","3":"status-publish","4":"has-post-thumbnail","6":"product_cat-food","7":"product_tag-tang","9":"first","10":"outofstock","11":"shipping-taxable","12":"purchasable","13":"product-type-simple"},"jetpack_sharing_enabled":true,"_links":{"self":[{"href":"https:\/\/olympiaboutique.com\/en\/wp-json\/wp\/v2\/product\/2423","targetHints":{"allow":["GET"]}}],"collection":[{"href":"https:\/\/olympiaboutique.com\/en\/wp-json\/wp\/v2\/product"}],"about":[{"href":"https:\/\/olympiaboutique.com\/en\/wp-json\/wp\/v2\/types\/product"}],"replies":[{"embeddable":true,"href":"https:\/\/olympiaboutique.com\/en\/wp-json\/wp\/v2\/comments?post=2423"}],"wp:featuredmedia":[{"embeddable":true,"href":"https:\/\/olympiaboutique.com\/en\/wp-json\/wp\/v2\/media\/2405"}],"wp:attachment":[{"href":"https:\/\/olympiaboutique.com\/en\/wp-json\/wp\/v2\/media?parent=2423"}],"wp:term":[{"taxonomy":"product_brand","embeddable":true,"href":"https:\/\/olympiaboutique.com\/en\/wp-json\/wp\/v2\/product_brand?post=2423"},{"taxonomy":"product_cat","embeddable":true,"href":"https:\/\/olympiaboutique.com\/en\/wp-json\/wp\/v2\/product_cat?post=2423"},{"taxonomy":"product_tag","embeddable":true,"href":"https:\/\/olympiaboutique.com\/en\/wp-json\/wp\/v2\/product_tag?post=2423"}],"curies":[{"name":"wp","href":"https:\/\/api.w.org\/{rel}","templated":true}]}}