{"id":2392,"date":"2024-02-22T13:46:09","date_gmt":"2024-02-22T13:46:09","guid":{"rendered":"https:\/\/olympiaboutique.com\/?post_type=product&#038;p=2392"},"modified":"2025-12-01T04:17:24","modified_gmt":"2025-12-01T04:17:24","slug":"cetaphil-derma-control-oil-removing-foam-wash-237ml","status":"publish","type":"product","link":"https:\/\/olympiaboutique.com\/en\/product\/cetaphil-derma-control-oil-removing-foam-wash-237ml\/","title":{"rendered":"CETAPHIL DERMA CONTROL OIL REMOVING FOAM WASH 237ML"},"content":{"rendered":"<p>La formule nettoyante en profondeur, avec la technologie de glyc\u00e9rine hydratante et de zinc apaisante, mousse instantan\u00e9ment pour \u00e9liminer en douceur les impuret\u00e9s obstruant les pores, le maquillage et 99% de l\u2019exc\u00e8s de s\u00e9bum sans dess\u00e9cher la peau.\u00a0Id\u00e9al pour les peaux sensibles et grasses.\u00a0Prot\u00e8ge contre 5 signes de sensibilit\u00e9 cutan\u00e9e, notamment la s\u00e9cheresse, l\u2019irritation, la rugosit\u00e9, les tiraillements et une barri\u00e8re cutan\u00e9e affaiblie.<\/p>","protected":false},"excerpt":{"rendered":"<p><strong>Type de peau : Pour peaux grasses et sensibles<\/strong><\/p>\n<p class=\"mb-3\">La formule nettoyante en profondeur, distribu\u00e9e par une pompe moussante instantan\u00e9e, \u00e9limine en douceur les impuret\u00e9s obstruant les pores, le maquillage et l\u2019exc\u00e8s de s\u00e9bum sans dess\u00e9cher la peau.<\/p>\n<ul>\n<li>La technologie du zinc r\u00e9duit l\u2019huile de surface et la brillance tout en calmant et apaisant la peau<\/li>\n<li>Avec une pompe moussante instantan\u00e9e, ce nettoyant est cliniquement prouv\u00e9 pour \u00e9liminer 99% de l\u2019exc\u00e8s de s\u00e9bum sans dess\u00e9cher la peau ni la d\u00e9caper<\/li>\n<li>Formule au pH \u00e9quilibr\u00e9 pour une peau d\u2019apparence saine<\/li>\n<li>Test\u00e9 par des dermatologues et cliniquement prouv\u00e9 pour \u00eatre doux pour les peaux sensibles<\/li>\n<\/ul>","protected":false},"featured_media":2393,"comment_status":"open","ping_status":"closed","template":"","meta":{"_joinchat":[]},"product_brand":[],"product_cat":[22],"product_tag":[],"class_list":{"0":"post-2392","1":"product","2":"type-product","3":"status-publish","4":"has-post-thumbnail","6":"product_cat-skincare","8":"first","9":"outofstock","10":"shipping-taxable","11":"purchasable","12":"product-type-simple"},"jetpack_sharing_enabled":true,"_links":{"self":[{"href":"https:\/\/olympiaboutique.com\/en\/wp-json\/wp\/v2\/product\/2392","targetHints":{"allow":["GET"]}}],"collection":[{"href":"https:\/\/olympiaboutique.com\/en\/wp-json\/wp\/v2\/product"}],"about":[{"href":"https:\/\/olympiaboutique.com\/en\/wp-json\/wp\/v2\/types\/product"}],"replies":[{"embeddable":true,"href":"https:\/\/olympiaboutique.com\/en\/wp-json\/wp\/v2\/comments?post=2392"}],"wp:featuredmedia":[{"embeddable":true,"href":"https:\/\/olympiaboutique.com\/en\/wp-json\/wp\/v2\/media\/2393"}],"wp:attachment":[{"href":"https:\/\/olympiaboutique.com\/en\/wp-json\/wp\/v2\/media?parent=2392"}],"wp:term":[{"taxonomy":"product_brand","embeddable":true,"href":"https:\/\/olympiaboutique.com\/en\/wp-json\/wp\/v2\/product_brand?post=2392"},{"taxonomy":"product_cat","embeddable":true,"href":"https:\/\/olympiaboutique.com\/en\/wp-json\/wp\/v2\/product_cat?post=2392"},{"taxonomy":"product_tag","embeddable":true,"href":"https:\/\/olympiaboutique.com\/en\/wp-json\/wp\/v2\/product_tag?post=2392"}],"curies":[{"name":"wp","href":"https:\/\/api.w.org\/{rel}","templated":true}]}}