{"id":2385,"date":"2024-02-22T13:47:51","date_gmt":"2024-02-22T13:47:51","guid":{"rendered":"https:\/\/olympiaboutique.com\/?post_type=product&#038;p=2385"},"modified":"2026-02-24T20:14:24","modified_gmt":"2026-02-24T20:14:24","slug":"lil-critters-bonbons-gelifies-multivitamines-complets-pour-enfants-300-unites","status":"publish","type":"product","link":"https:\/\/olympiaboutique.com\/en\/product\/lil-critters-bonbons-gelifies-multivitamines-complets-pour-enfants-300-unites\/","title":{"rendered":"Lil Critters Bonbons gummies multivitamin\u00e9s complets pour enfants, 300 unit\u00e9s"},"content":{"rendered":"<ul class=\"a-unordered-list a-vertical a-spacing-mini\">\n<li class=\"a-spacing-mini\"><span class=\"a-list-item\">De L\u2019il Critters, une marque de multivitamines g\u00e9lifi\u00e9es pour enfants recommand\u00e9e par les p\u00e9diatres, Daily Gummy Multivitamin pour enfants aide \u00e0 soutenir la croissance et le d\u00e9veloppement.\u00a0<\/span><\/li>\n<li class=\"a-spacing-mini\"><span class=\"a-list-item\">La multivitamine pour enfants contient 11 vitamines et min\u00e9raux essentiels, de la vitamine C et D pour le soutien immunitaire, de la vitamine A pour le soutien des yeux et de la vitamine E pour le soutien antioxydant.\u00a0<\/span><\/li>\n<li class=\"a-spacing-mini\"><span class=\"a-list-item\">Les d\u00e9licieuses vitamines de l\u2019ourson g\u00e9lifi\u00e9 sont disponibles dans de d\u00e9licieuses saveurs de cerise, de fraise, d\u2019orange, d\u2019ananas et de myrtille.<\/span><\/li>\n<li class=\"a-spacing-mini\"><span class=\"a-list-item\">Ne contient pas de sirop de ma\u00efs \u00e0 haute teneur en fructose, pas de colorants synth\u00e9tiques (FD&amp;C), pas de produits laitiers et pas de gluten.<\/span><\/li>\n<li class=\"a-spacing-mini\"><strong><span class=\"a-list-item\">La portion quotidienne de la multivitamine Li\u2019l Critters Gummy Vites est de 1 gomme par jour pour les enfants de 2 \u00e0 3 ans et de 2 bonbons g\u00e9lifi\u00e9s par jour pour les enfants de 4 ans et plus.<\/span><\/strong><\/li>\n<\/ul>","protected":false},"excerpt":{"rendered":"<ul class=\"a-unordered-list a-vertical a-spacing-mini\">\n<li><strong>Bienfaits<\/strong><\/li>\n<li><span class=\"a-list-item\">11 vitamines et min\u00e9raux essentiels<\/span><\/li>\n<li>\n<p id=\"title\" class=\"a-size-large a-spacing-none\"><span id=\"productTitle\" class=\"a-size-large product-title-word-break\">vitamine C, D3 pour le soutien immunitaire <\/span><\/p>\n<\/li>\n<li><span class=\"a-list-item\">Ar\u00f4mes naturels de cerises, de baies, d\u2019agrumes, <span id=\"productTitle\" class=\"a-size-large product-title-word-break\">fraise, d\u2019orange, d\u2019ananas et de myrtille,<\/span><\/span><\/li>\n<li><span class=\"a-list-item\">Sans gluten, sans sirop de ma\u00efs \u00e0 haute teneur en fructose<\/span><\/li>\n<li><span class=\"a-list-item\">Couleurs d\u00e9riv\u00e9es de plantes, de fruits et de l\u00e9gumes<\/span><\/li>\n<\/ul>","protected":false},"featured_media":2388,"comment_status":"open","ping_status":"closed","template":"","meta":{"_joinchat":[]},"product_brand":[],"product_cat":[23],"product_tag":[318],"class_list":{"0":"post-2385","1":"product","2":"type-product","3":"status-publish","4":"has-post-thumbnail","6":"product_cat-food","7":"product_tag-lil-criters","9":"first","10":"instock","11":"sale","12":"shipping-taxable","13":"purchasable","14":"product-type-simple"},"jetpack_sharing_enabled":true,"_links":{"self":[{"href":"https:\/\/olympiaboutique.com\/en\/wp-json\/wp\/v2\/product\/2385","targetHints":{"allow":["GET"]}}],"collection":[{"href":"https:\/\/olympiaboutique.com\/en\/wp-json\/wp\/v2\/product"}],"about":[{"href":"https:\/\/olympiaboutique.com\/en\/wp-json\/wp\/v2\/types\/product"}],"replies":[{"embeddable":true,"href":"https:\/\/olympiaboutique.com\/en\/wp-json\/wp\/v2\/comments?post=2385"}],"wp:featuredmedia":[{"embeddable":true,"href":"https:\/\/olympiaboutique.com\/en\/wp-json\/wp\/v2\/media\/2388"}],"wp:attachment":[{"href":"https:\/\/olympiaboutique.com\/en\/wp-json\/wp\/v2\/media?parent=2385"}],"wp:term":[{"taxonomy":"product_brand","embeddable":true,"href":"https:\/\/olympiaboutique.com\/en\/wp-json\/wp\/v2\/product_brand?post=2385"},{"taxonomy":"product_cat","embeddable":true,"href":"https:\/\/olympiaboutique.com\/en\/wp-json\/wp\/v2\/product_cat?post=2385"},{"taxonomy":"product_tag","embeddable":true,"href":"https:\/\/olympiaboutique.com\/en\/wp-json\/wp\/v2\/product_tag?post=2385"}],"curies":[{"name":"wp","href":"https:\/\/api.w.org\/{rel}","templated":true}]}}