{"id":2361,"date":"2024-02-22T16:07:47","date_gmt":"2024-02-22T16:07:47","guid":{"rendered":"https:\/\/olympiaboutique.com\/?post_type=product&#038;p=2361"},"modified":"2025-12-01T04:26:42","modified_gmt":"2025-12-01T04:26:42","slug":"kirkland-signature-carbonate-de-calcium-antiacide-ultra-puissant-1000-mg-saveurs-de-baies-assorties-265-comprimes","status":"publish","type":"product","link":"https:\/\/olympiaboutique.com\/en\/product\/kirkland-signature-carbonate-de-calcium-antiacide-ultra-puissant-1000-mg-saveurs-de-baies-assorties-265-comprimes\/","title":{"rendered":"Kirkland Signature Carbonate de calcium antiacide ultra puissant 1000 MG Saveurs de baies assorties (265 comprim\u00e9s)"},"content":{"rendered":"<p>Kirkland Signature Carbonate de calcium antiacide ultra fort 1000 MG se met au travail en quelques secondes ! Soulage l\u2019ingestion acide, les br\u00fblures d\u2019estomac, les aigreurs d\u2019estomac et les maux d\u2019estomac associ\u00e9s \u00e0 ces sympt\u00f4mes. Peut \u00e9galement \u00eatre utilis\u00e9 comme suppl\u00e9ment quotidien de calcium. Livr\u00e9 avec 265 comprim\u00e9s. Saveurs de baies assorties aromatis\u00e9es naturellement et artificiellement. Kirkland Signature Carbonate de calcium antiacide ultra fort 1000 MG. Se met au travail en quelques secondes ! Soulage l\u2019ingestion acide, les br\u00fblures d\u2019estomac, les aigreurs d\u2019estomac et les maux d\u2019estomac associ\u00e9s \u00e0 ces sympt\u00f4mes. Peut \u00e9galement \u00eatre utilis\u00e9 comme suppl\u00e9ment quotidien de calcium. Livr\u00e9 avec 265 comprim\u00e9s. Saveurs de baies assorties aromatis\u00e9es naturellement et artificiellement.<\/p>","protected":false},"excerpt":{"rendered":"<p>Kirkland Signature Carbonate de calcium antiacide ultra fort 1000 MG. Se met au travail en quelques secondes ! Soulage l\u2019ingestion acide, les br\u00fblures d\u2019estomac, les aigreurs d\u2019estomac et les maux d\u2019estomac associ\u00e9s \u00e0 ces sympt\u00f4mes. Peut \u00e9galement \u00eatre utilis\u00e9 comme suppl\u00e9ment quotidien de calcium. Livr\u00e9 avec 265 comprim\u00e9s. Saveurs de baies assorties aromatis\u00e9es naturellement et artificiellement.<\/p>\n<ul class=\"a-unordered-list a-vertical a-spacing-mini\">\n<li class=\"a-spacing-mini\"><span class=\"a-list-item\">Chewable<\/span><\/li>\n<li class=\"a-spacing-mini\"><span class=\"a-list-item\">Riche en calcium<\/span><\/li>\n<li class=\"a-spacing-mini\"><span class=\"a-list-item\">Soulagement de l\u2019indigestion acide et des br\u00fblures d\u2019estomac<\/span><\/li>\n<\/ul>","protected":false},"featured_media":2364,"comment_status":"open","ping_status":"closed","template":"","meta":{"_joinchat":[]},"product_brand":[],"product_cat":[17],"product_tag":[35],"class_list":{"0":"post-2361","1":"product","2":"type-product","3":"status-publish","4":"has-post-thumbnail","6":"product_cat-vitamines","7":"product_tag-kirkland","9":"first","10":"outofstock","11":"shipping-taxable","12":"purchasable","13":"product-type-simple"},"jetpack_sharing_enabled":true,"_links":{"self":[{"href":"https:\/\/olympiaboutique.com\/en\/wp-json\/wp\/v2\/product\/2361","targetHints":{"allow":["GET"]}}],"collection":[{"href":"https:\/\/olympiaboutique.com\/en\/wp-json\/wp\/v2\/product"}],"about":[{"href":"https:\/\/olympiaboutique.com\/en\/wp-json\/wp\/v2\/types\/product"}],"replies":[{"embeddable":true,"href":"https:\/\/olympiaboutique.com\/en\/wp-json\/wp\/v2\/comments?post=2361"}],"wp:featuredmedia":[{"embeddable":true,"href":"https:\/\/olympiaboutique.com\/en\/wp-json\/wp\/v2\/media\/2364"}],"wp:attachment":[{"href":"https:\/\/olympiaboutique.com\/en\/wp-json\/wp\/v2\/media?parent=2361"}],"wp:term":[{"taxonomy":"product_brand","embeddable":true,"href":"https:\/\/olympiaboutique.com\/en\/wp-json\/wp\/v2\/product_brand?post=2361"},{"taxonomy":"product_cat","embeddable":true,"href":"https:\/\/olympiaboutique.com\/en\/wp-json\/wp\/v2\/product_cat?post=2361"},{"taxonomy":"product_tag","embeddable":true,"href":"https:\/\/olympiaboutique.com\/en\/wp-json\/wp\/v2\/product_tag?post=2361"}],"curies":[{"name":"wp","href":"https:\/\/api.w.org\/{rel}","templated":true}]}}