{"id":2356,"date":"2024-02-22T16:11:48","date_gmt":"2024-02-22T16:11:48","guid":{"rendered":"https:\/\/olympiaboutique.com\/?post_type=product&#038;p=2356"},"modified":"2025-12-01T04:26:42","modified_gmt":"2025-12-01T04:26:42","slug":"spring-valley-capsules-de-vinaigre-de-cidre-de-pomme-450-mg-250-unites","status":"publish","type":"product","link":"https:\/\/olympiaboutique.com\/en\/product\/spring-valley-capsules-de-vinaigre-de-cidre-de-pomme-450-mg-250-unites\/","title":{"rendered":"Spring Valley, Capsules de vinaigre de cidre de pomme, 450 mg, 250 unit\u00e9s"},"content":{"rendered":"<p>Soutenez votre sant\u00e9 et votre bien-\u00eatre en g\u00e9n\u00e9ral avec nos capsules de vinaigre de cidre de pomme Spring Valley. Le vinaigre de cidre de pomme est utilis\u00e9 depuis des si\u00e8cles comme suppl\u00e9ment \u00e0 base de plantes. Chaque capsule de vinaigre de cidre de pomme de Spring Valley, fabriqu\u00e9 par des experts, contient 450 mg de cet ingr\u00e9dient traditionnel. La portion sugg\u00e9r\u00e9e pour les adultes est d\u2019une capsule, trois fois par jour, de pr\u00e9f\u00e9rence prise avec les repas et beaucoup d\u2019eau, pour un total de trois capsules par jour. Il est sugg\u00e9r\u00e9 que, lors de la premi\u00e8re utilisation des capsules de vinaigre de cidre de pomme de Spring Valley, les adultes \u00e9valuent la tol\u00e9rance en commen\u00e7ant par une capsule par jour. Les capsules de vinaigre de cidre de pomme Spring Valley sont exemptes de levure, de bl\u00e9, de lait ou de d\u00e9riv\u00e9s du lait, de lactose et de sucre et ne contiennent pas non plus de conservateurs, de colorants artificiels ou d\u2019ar\u00f4mes artificiels. Vous pouvez \u00eatre assur\u00e9 que les capsules de vinaigre de cidre de pomme Spring Valley sont un compl\u00e9ment alimentaire produit selon des directives de qualit\u00e9 strictes et soutenu par notre garantie de qualit\u00e9.<\/p>","protected":false},"excerpt":{"rendered":"<ul>\n<li><strong>Bienfaits<\/strong><\/li>\n<li>Capsules de vinaigre de cidre de pomme Spring Valley, 450 mg, 100 unit\u00e9s\u00a0:<\/li>\n<li>Compl\u00e9ment alimentaire<\/li>\n<li>Soutien de l\u2019inflammation, soutien digestif, soutien du poids, R\u00e9duit l\u2019inflammation<\/li>\n<li>Flacon inviolable contenant 100 g\u00e9lules<\/li>\n<li>Sans levure, bl\u00e9, sucre et lactose<\/li>\n<li>Sans colorants, ar\u00f4mes ou conservateurs artificiels<\/li>\n<li>450mg par g\u00e9lule<\/li>\n<\/ul>\n<p><strong>Utilisation sugg\u00e9r\u00e9e<\/strong> : Adultes, prendre une capsule une \u00e0 trois fois par jour, de pr\u00e9f\u00e9rence avec les repas.<\/p>","protected":false},"featured_media":2344,"comment_status":"open","ping_status":"closed","template":"","meta":{"_joinchat":[]},"product_brand":[],"product_cat":[17],"product_tag":[317],"class_list":{"0":"post-2356","1":"product","2":"type-product","3":"status-publish","4":"has-post-thumbnail","6":"product_cat-vitamines","7":"product_tag-spring-valley","9":"first","10":"outofstock","11":"shipping-taxable","12":"purchasable","13":"product-type-simple"},"jetpack_sharing_enabled":true,"_links":{"self":[{"href":"https:\/\/olympiaboutique.com\/en\/wp-json\/wp\/v2\/product\/2356","targetHints":{"allow":["GET"]}}],"collection":[{"href":"https:\/\/olympiaboutique.com\/en\/wp-json\/wp\/v2\/product"}],"about":[{"href":"https:\/\/olympiaboutique.com\/en\/wp-json\/wp\/v2\/types\/product"}],"replies":[{"embeddable":true,"href":"https:\/\/olympiaboutique.com\/en\/wp-json\/wp\/v2\/comments?post=2356"}],"wp:featuredmedia":[{"embeddable":true,"href":"https:\/\/olympiaboutique.com\/en\/wp-json\/wp\/v2\/media\/2344"}],"wp:attachment":[{"href":"https:\/\/olympiaboutique.com\/en\/wp-json\/wp\/v2\/media?parent=2356"}],"wp:term":[{"taxonomy":"product_brand","embeddable":true,"href":"https:\/\/olympiaboutique.com\/en\/wp-json\/wp\/v2\/product_brand?post=2356"},{"taxonomy":"product_cat","embeddable":true,"href":"https:\/\/olympiaboutique.com\/en\/wp-json\/wp\/v2\/product_cat?post=2356"},{"taxonomy":"product_tag","embeddable":true,"href":"https:\/\/olympiaboutique.com\/en\/wp-json\/wp\/v2\/product_tag?post=2356"}],"curies":[{"name":"wp","href":"https:\/\/api.w.org\/{rel}","templated":true}]}}