{"id":2350,"date":"2024-02-22T16:12:36","date_gmt":"2024-02-22T16:12:36","guid":{"rendered":"https:\/\/olympiaboutique.com\/?post_type=product&#038;p=2350"},"modified":"2025-12-01T04:26:42","modified_gmt":"2025-12-01T04:26:42","slug":"spring-valley-prenatal-multivitamines-multimineraux-100-comprimes-avec-acide-folique","status":"publish","type":"product","link":"https:\/\/olympiaboutique.com\/en\/product\/spring-valley-prenatal-multivitamines-multimineraux-100-comprimes-avec-acide-folique\/","title":{"rendered":"Spring Valley &#8211; Pr\u00e9natal, Multivitamines, Multimin\u00e9raux, 100 comprim\u00e9s avec acide folique"},"content":{"rendered":"<p>Le pr\u00e9natal est formul\u00e9 pour compl\u00e9ter les besoins nutritionnels globaux pour le bien-\u00eatre g\u00e9n\u00e9ral des femmes enceintes ou allaitantes. Un apport \u00e9quilibr\u00e9 en vitamines et min\u00e9raux essentiels est n\u00e9cessaire pour une bonne sant\u00e9.<\/p>\n<p><strong>Utilisation\u00a0<\/strong><b>sugg\u00e9r\u00e9e<\/b>: Prendre un (1) comprim\u00e9 par jour avec un grand verre d\u2019eau, de pr\u00e9f\u00e9rence apr\u00e8s un repas<\/p>","protected":false},"excerpt":{"rendered":"<ul class=\"a-unordered-list a-vertical a-spacing-mini\">\n<li><strong>Bienfaits<\/strong><\/li>\n<li class=\"a-spacing-mini\"><span class=\"a-list-item\">Sant\u00e9 pr\u00e9natale.<\/span><\/li>\n<li class=\"a-spacing-mini\"><span class=\"a-list-item\">Multivitamines\/Multimin\u00e9raux.<\/span><\/li>\n<li class=\"a-spacing-mini\"><span class=\"a-list-item\">Important avant, pendant et apr\u00e8s la grossesse.<\/span><\/li>\n<li class=\"a-spacing-mini\"><span class=\"a-list-item\">1 dose par jour.<\/span><\/li>\n<li class=\"a-spacing-mini\"><span class=\"a-list-item\">100 comprim\u00e9s.<\/span><\/li>\n<\/ul>","protected":false},"featured_media":2355,"comment_status":"open","ping_status":"closed","template":"","meta":{"_joinchat":[]},"product_brand":[],"product_cat":[53,17],"product_tag":[317],"class_list":{"0":"post-2350","1":"product","2":"type-product","3":"status-publish","4":"has-post-thumbnail","6":"product_cat-pharmaceutiques","7":"product_cat-vitamines","8":"product_tag-spring-valley","10":"first","11":"outofstock","12":"shipping-taxable","13":"purchasable","14":"product-type-simple"},"jetpack_sharing_enabled":true,"_links":{"self":[{"href":"https:\/\/olympiaboutique.com\/en\/wp-json\/wp\/v2\/product\/2350","targetHints":{"allow":["GET"]}}],"collection":[{"href":"https:\/\/olympiaboutique.com\/en\/wp-json\/wp\/v2\/product"}],"about":[{"href":"https:\/\/olympiaboutique.com\/en\/wp-json\/wp\/v2\/types\/product"}],"replies":[{"embeddable":true,"href":"https:\/\/olympiaboutique.com\/en\/wp-json\/wp\/v2\/comments?post=2350"}],"wp:featuredmedia":[{"embeddable":true,"href":"https:\/\/olympiaboutique.com\/en\/wp-json\/wp\/v2\/media\/2355"}],"wp:attachment":[{"href":"https:\/\/olympiaboutique.com\/en\/wp-json\/wp\/v2\/media?parent=2350"}],"wp:term":[{"taxonomy":"product_brand","embeddable":true,"href":"https:\/\/olympiaboutique.com\/en\/wp-json\/wp\/v2\/product_brand?post=2350"},{"taxonomy":"product_cat","embeddable":true,"href":"https:\/\/olympiaboutique.com\/en\/wp-json\/wp\/v2\/product_cat?post=2350"},{"taxonomy":"product_tag","embeddable":true,"href":"https:\/\/olympiaboutique.com\/en\/wp-json\/wp\/v2\/product_tag?post=2350"}],"curies":[{"name":"wp","href":"https:\/\/api.w.org\/{rel}","templated":true}]}}