{"id":2346,"date":"2024-02-22T16:29:18","date_gmt":"2024-02-22T16:29:18","guid":{"rendered":"https:\/\/olympiaboutique.com\/?post_type=product&#038;p=2346"},"modified":"2025-12-01T04:26:42","modified_gmt":"2025-12-01T04:26:42","slug":"spring-valley-folate-800-mcg-comprimes-de-complement-alimentaire-400-unites","status":"publish","type":"product","link":"https:\/\/olympiaboutique.com\/en\/product\/spring-valley-folate-800-mcg-comprimes-de-complement-alimentaire-400-unites\/","title":{"rendered":"Spring Valley Folate, 800 mcg, Comprim\u00e9s de compl\u00e9ment alimentaire, 400 unit\u00e9s"},"content":{"rendered":"<p>Le compl\u00e9ment alimentaire Spring Valley Folate est un excellent moyen de r\u00e9pondre \u00e0 vos besoins quotidiens en cette vitamine essentielle, qui contribue \u00e0 la sant\u00e9 du c\u0153ur et du syst\u00e8me cardiovasculaire. L\u2019acide folique est une vitamine B importante qui pr\u00e9sente de nombreux avantages pour la sant\u00e9. Les hommes et les femmes de tous \u00e2ges ont besoin de cette vitamine B pour le m\u00e9tabolisme \u00e9nerg\u00e9tique et le soutien du syst\u00e8me nerveux, mais l\u2019acide folique est particuli\u00e8rement vital pour les femmes enceintes. Compl\u00e9tez votre mode de vie sain avec l\u2019acide folique Spring Valley.<\/p>\n<p>Spring Valley comprend qu\u2019un mode de vie sain et \u00e9quilibr\u00e9 est la cl\u00e9 pour donner le meilleur de soi-m\u00eame. Avec une gamme abordable de produits inspir\u00e9s de la nature, Spring Valley soutient votre sant\u00e9 et votre bien-\u00eatre holistique et ceux de votre famille.<\/p>\n<p><strong>Utilisation sugg\u00e9r\u00e9e<\/strong> : Adultes, prendre un comprim\u00e9 par jour, de pr\u00e9f\u00e9rence avec un repas.<\/p>","protected":false},"excerpt":{"rendered":"<ul>\n<li><strong>Bienfaits<\/strong><\/li>\n<li>Comprim\u00e9s de compl\u00e9ment alimentaire Spring Valley Folate, 800 mcg, 400 unit\u00e9s<\/li>\n<li>L\u2019acide folique est une vitamine B importante pour la sant\u00e9 cardiaque et le bien-\u00eatre cardiovasculaire<\/li>\n<li>Aide \u00e0 soutenir le m\u00e9tabolisme \u00e9nerg\u00e9tique<\/li>\n<li>La prise quotidienne d\u2019acide folique Spring Valley est particuli\u00e8rement importante pour les femmes enceintes, bien que les hommes et les femmes puissent b\u00e9n\u00e9ficier du soutien qu\u2019il apporte<\/li>\n<li>Fournit un soutien important pour le m\u00e9tabolisme \u00e9nerg\u00e9tique pour vous aider \u00e0 vous sentir bien<\/li>\n<li>Sans OGM, sans gluten et sans produits laitiers<\/li>\n<\/ul>","protected":false},"featured_media":2349,"comment_status":"open","ping_status":"closed","template":"","meta":{"_joinchat":[]},"product_brand":[],"product_cat":[17],"product_tag":[317],"class_list":{"0":"post-2346","1":"product","2":"type-product","3":"status-publish","4":"has-post-thumbnail","6":"product_cat-vitamines","7":"product_tag-spring-valley","9":"first","10":"outofstock","11":"shipping-taxable","12":"purchasable","13":"product-type-simple"},"jetpack_sharing_enabled":true,"_links":{"self":[{"href":"https:\/\/olympiaboutique.com\/en\/wp-json\/wp\/v2\/product\/2346","targetHints":{"allow":["GET"]}}],"collection":[{"href":"https:\/\/olympiaboutique.com\/en\/wp-json\/wp\/v2\/product"}],"about":[{"href":"https:\/\/olympiaboutique.com\/en\/wp-json\/wp\/v2\/types\/product"}],"replies":[{"embeddable":true,"href":"https:\/\/olympiaboutique.com\/en\/wp-json\/wp\/v2\/comments?post=2346"}],"wp:featuredmedia":[{"embeddable":true,"href":"https:\/\/olympiaboutique.com\/en\/wp-json\/wp\/v2\/media\/2349"}],"wp:attachment":[{"href":"https:\/\/olympiaboutique.com\/en\/wp-json\/wp\/v2\/media?parent=2346"}],"wp:term":[{"taxonomy":"product_brand","embeddable":true,"href":"https:\/\/olympiaboutique.com\/en\/wp-json\/wp\/v2\/product_brand?post=2346"},{"taxonomy":"product_cat","embeddable":true,"href":"https:\/\/olympiaboutique.com\/en\/wp-json\/wp\/v2\/product_cat?post=2346"},{"taxonomy":"product_tag","embeddable":true,"href":"https:\/\/olympiaboutique.com\/en\/wp-json\/wp\/v2\/product_tag?post=2346"}],"curies":[{"name":"wp","href":"https:\/\/api.w.org\/{rel}","templated":true}]}}