{"id":2332,"date":"2024-02-22T15:39:43","date_gmt":"2024-02-22T15:39:43","guid":{"rendered":"https:\/\/olympiaboutique.com\/?post_type=product&#038;p=2332"},"modified":"2025-12-01T04:26:43","modified_gmt":"2025-12-01T04:26:43","slug":"badia-mango-pepper-seasoning-exotic-fusion-of-sweet-mango-spicy-pepper-1843g","status":"publish","type":"product","link":"https:\/\/olympiaboutique.com\/en\/product\/badia-mango-pepper-seasoning-exotic-fusion-of-sweet-mango-spicy-pepper-1843g\/","title":{"rendered":"Badia Mango Pepper Seasoning &#8211; Exotic Fusion of Sweet Mango &#038; Spicy Pepper, 184,3g"},"content":{"rendered":"<p><span class=\"\">Offrez-vous l&#8217;amour et la magie de Badia !\u00a0<\/span>Le Mango Pepper est une pl\u00e9thore de saveurs qui transforme tous les repas<br \/>\nen une \u0153uvre d&#8217;art.\u00a0Incroyable sur TOUS les fruits de mer, les tranches de tomates, TOUS les plats de poulet, le riz, les vinaigrettes, les sauces<br \/>\net transforme les l\u00e9gumes en plats savoureux et \u00e9clatants.<br \/>\nBadia Spices fabrique, emballe et distribue une large gamme de produits pour les besoins culinaires quotidiens,<br \/>\nallant des \u00e9pices, des herbes, des m\u00e9langes d&#8217;assaisonnements, des th\u00e9s, des plats d&#8217;accompagnement, des huiles d&#8217;olive, et plus encore.\u00a0Badia s&#8217;engage \u00e0<br \/>\noffrir la plus haute qualit\u00e9 au meilleur prix.<\/p>\n<p>&nbsp;<\/p>","protected":false},"excerpt":{"rendered":"<p><span class=\"\">Un m\u00e9lange unique qui capture l&#8217;essence douce des mangues m\u00fbres combin\u00e9e \u00e0 une touche de poivre \u00e9pic\u00e9. <\/span>Parfait pour saupoudrer du poulet grill\u00e9, des fruits de mer ou des salades tropicales.<\/p>\n<p>Ne vous contentez plus de plats ennuyeux ou fades\u00a0!\u00a0Offrez-vous l&#8217;amour et la magie de Badia.\u00a0Le Mango Pepper est une pl\u00e9thore de saveurs qui transforme tous les repas en une \u0153uvre d&#8217;art.<\/p>\n<p><span class=\"\">Incroyable sur TOUS les fruits de mer, les tranches de tomates, n&#8217;importe quel plat de poulet, le riz, la vinaigrette, les sauces et transforme les l\u00e9gumes en plats aux saveurs vives.<\/span><\/p>","protected":false},"featured_media":2308,"comment_status":"open","ping_status":"closed","template":"","meta":{"_joinchat":[]},"product_brand":[],"product_cat":[20],"product_tag":[316],"class_list":{"0":"post-2332","1":"product","2":"type-product","3":"status-publish","4":"has-post-thumbnail","6":"product_cat-epice","7":"product_tag-badia","9":"first","10":"outofstock","11":"shipping-taxable","12":"purchasable","13":"product-type-simple"},"jetpack_sharing_enabled":true,"_links":{"self":[{"href":"https:\/\/olympiaboutique.com\/en\/wp-json\/wp\/v2\/product\/2332","targetHints":{"allow":["GET"]}}],"collection":[{"href":"https:\/\/olympiaboutique.com\/en\/wp-json\/wp\/v2\/product"}],"about":[{"href":"https:\/\/olympiaboutique.com\/en\/wp-json\/wp\/v2\/types\/product"}],"replies":[{"embeddable":true,"href":"https:\/\/olympiaboutique.com\/en\/wp-json\/wp\/v2\/comments?post=2332"}],"wp:featuredmedia":[{"embeddable":true,"href":"https:\/\/olympiaboutique.com\/en\/wp-json\/wp\/v2\/media\/2308"}],"wp:attachment":[{"href":"https:\/\/olympiaboutique.com\/en\/wp-json\/wp\/v2\/media?parent=2332"}],"wp:term":[{"taxonomy":"product_brand","embeddable":true,"href":"https:\/\/olympiaboutique.com\/en\/wp-json\/wp\/v2\/product_brand?post=2332"},{"taxonomy":"product_cat","embeddable":true,"href":"https:\/\/olympiaboutique.com\/en\/wp-json\/wp\/v2\/product_cat?post=2332"},{"taxonomy":"product_tag","embeddable":true,"href":"https:\/\/olympiaboutique.com\/en\/wp-json\/wp\/v2\/product_tag?post=2332"}],"curies":[{"name":"wp","href":"https:\/\/api.w.org\/{rel}","templated":true}]}}