{"id":2330,"date":"2024-02-22T15:40:50","date_gmt":"2024-02-22T15:40:50","guid":{"rendered":"https:\/\/olympiaboutique.com\/?post_type=product&#038;p=2330"},"modified":"2025-12-01T04:26:42","modified_gmt":"2025-12-01T04:26:42","slug":"garden-of-life-dr-formulated-probiotiques-pour-femmes-et-prebiotiques-boite-de-60","status":"publish","type":"product","link":"https:\/\/olympiaboutique.com\/en\/product\/garden-of-life-dr-formulated-probiotiques-pour-femmes-et-prebiotiques-boite-de-60\/","title":{"rendered":"Garden of Life Dr. Formulated Probiotiques pour femmes et pr\u00e9biotiques, bo\u00eete de 30"},"content":{"rendered":"<p>Ce produit sp\u00e9cialement formul\u00e9 pour les femmes est un compl\u00e9ment v\u00e9g\u00e9tarien con\u00e7u avec un nombre \u00e9lev\u00e9 de probiotiques pour soutenir un microbiome sain et les besoins de sant\u00e9 sp\u00e9cifiques aux femmes. Dr. Perlmutter, qui est un expert du microbiome humain, a cr\u00e9\u00e9 cette formule unique avec un nombre \u00e9lev\u00e9 de probiotiques b\u00e9n\u00e9fiques fabriqu\u00e9s \u00e0 partir de diverses souches, y compris les lactobacilles et les bifidobact\u00e9ries, qui sont r\u00e9sistantes \u00e0 l&#8217;acide gastrique et \u00e0 la bile, exclusivement pour la digestion des femmes et la sant\u00e9 du syst\u00e8me immunitaire.<\/p>\n<p><strong>Bienfaits des probiotiques<\/strong><\/p>\n<ul>\n<li>\u00a0ils aident le syst\u00e8me immunitaire \u00e0 bien fonctionner et favorisent la digestion des aliments.<\/li>\n<li>une action anti-\u00e2ge<\/li>\n<li><b>stimule la production de facteurs de croissance et favoriser la formation de nouveaux tissus cutan\u00e9s<\/b>. Cela peut \u00eatre particuli\u00e8rement avantageux pour les peaux endommag\u00e9es, que ce soit en raison d&#8217;une blessure, d&#8217;une chirurgie ou de probl\u00e8mes cutan\u00e9s tels que l&#8217;acn\u00e9.\u00a0<\/li>\n<li data-insertor-excluded=\"1\">Ils favorisent une bonne digestion,<\/li>\n<li data-insertor-excluded=\"1\">ils r\u00e9gulent le transit intestinal,<\/li>\n<li data-insertor-excluded=\"1\">ils am\u00e9liorent le syndrome de l&#8217;intestin irritable,<\/li>\n<li data-insertor-excluded=\"1\">ils\u00a0 stimulent l&#8217;immunit\u00e9, nous aidant \u00e0 passer au travers des infections.<\/li>\n<li data-insertor-excluded=\"1\">ils favorisent la synth\u00e8se des vitamines B et K.<\/li>\n<li data-insertor-excluded=\"1\">ils pr\u00e9viennent les r\u00e9cidives des mycoses vaginales.<\/li>\n<li data-insertor-excluded=\"1\">ils jouent un r\u00f4le sur certaines maladies neuropsychiatriques comme l&#8217;anxi\u00e9t\u00e9, la <a title=\"D\u00e9pression\" href=\"https:\/\/sante.journaldesfemmes.fr\/fiches-psycho-psychiatrie\/2529356-depression-definition-symptomes-traitement-maladie\/\" data-insertor-excluded=\"1\">d\u00e9pression<\/a>\u00a0et les troubles bipolaires.<\/li>\n<li>La pr\u00e9vention de la\u00a0<a href=\"https:\/\/www.docmorris.fr\/fr\/diarrhee\/c-1813\" target=\"_blank\" rel=\"noopener\"><strong>diarrh\u00e9e<\/strong><\/a>\u00a0due aux antibiotiques.<\/li>\n<li>L\u2019am\u00e9lioration du\u00a0<strong>syndrome du c\u00f4lon irritable<\/strong>.<\/li>\n<li>Le traitement de la\u00a0<strong>constipation<\/strong>\u00a0et l\u2019<strong><a href=\"https:\/\/www.docmorris.fr\/fr\/digestion\/c-1653\" target=\"_blank\" rel=\"noopener\">am\u00e9lioration du transit<\/a><\/strong>.<\/li>\n<li>Le soulagement en cas d\u2019<strong>intol\u00e9rance au lactose<\/strong>.<\/li>\n<li>Le traitement des\u00a0<a href=\"https:\/\/www.docmorris.fr\/fr\/allergie\/c-1734\" target=\"_blank\" rel=\"noopener\"><strong>allergies<\/strong><\/a>.<\/li>\n<li>La lutte contre la bact\u00e9rie\u00a0<em>Helicobacter Pylori\u00a0<\/em>qui provoque une<strong>\u00a0inflammation de l\u2019estomac<\/strong>.<\/li>\n<\/ul>\n<p><strong>Commodit\u00e9 de seulement 1 capsule par jour.<\/strong> Pas besoin de r\u00e9frig\u00e9ration: jetez dans votre sac \u00e0 main, sac de gym ou valise.<\/p>","protected":false},"excerpt":{"rendered":"<ul class=\"a-unordered-list a-vertical a-spacing-mini\">\n<li><strong>Bienfaits<\/strong><\/li>\n<li>50 milliards d&#8217;UFC pour la sant\u00e9 digestive vaginale et immunitaire quotidienne des femmes<\/li>\n<li class=\"a-spacing-mini\"><span class=\"a-list-item\">Soutien \u00e0 la digestion : ce suppl\u00e9ment probiotique une fois par jour contient du Lactobaccilus acidophilus et des bifidobact\u00e9ries pour la sant\u00e9 digestive et le soulagement de la constipation<\/span><\/li>\n<li class=\"a-spacing-mini\"><span class=\"a-list-item\">Probiotiques pour les femmes : probiotique sp\u00e9cialement formul\u00e9 pour les besoins de sant\u00e9 sp\u00e9cifiques des femmes contient L. reuteri et L. fermentum pour la sant\u00e9 vaginale<\/span><\/li>\n<li class=\"a-spacing-mini\"><span class=\"a-list-item\">Soutien immunitaire : ce compl\u00e9ment alimentaire contient 50 milliards d&#8217;UFC et 16 probiotiques pour la sant\u00e9 du syst\u00e8me immunitaire<\/span><\/li>\n<li class=\"a-spacing-mini\"><span class=\"a-list-item\">Probiotiques stables : ce suppl\u00e9ment de 50 milliards de probiotiques est livr\u00e9 en 30 capsules quotidiennes ; pas de r\u00e9frig\u00e9ration n\u00e9cessaire<\/span><\/li>\n<li class=\"a-spacing-mini\"><span class=\"a-list-item\">Probiotique hypoallerg\u00e9nique : notre probiotique est sans produits laitiers, sans gluten, sans soja et v\u00e9g\u00e9tarien<\/span><\/li>\n<\/ul>","protected":false},"featured_media":2443,"comment_status":"open","ping_status":"closed","template":"","meta":{"_joinchat":[]},"product_brand":[],"product_cat":[53],"product_tag":[314],"class_list":{"0":"post-2330","1":"product","2":"type-product","3":"status-publish","4":"has-post-thumbnail","6":"product_cat-pharmaceutiques","7":"product_tag-garden-of-life","9":"first","10":"outofstock","11":"shipping-taxable","12":"purchasable","13":"product-type-simple"},"jetpack_sharing_enabled":true,"_links":{"self":[{"href":"https:\/\/olympiaboutique.com\/en\/wp-json\/wp\/v2\/product\/2330","targetHints":{"allow":["GET"]}}],"collection":[{"href":"https:\/\/olympiaboutique.com\/en\/wp-json\/wp\/v2\/product"}],"about":[{"href":"https:\/\/olympiaboutique.com\/en\/wp-json\/wp\/v2\/types\/product"}],"replies":[{"embeddable":true,"href":"https:\/\/olympiaboutique.com\/en\/wp-json\/wp\/v2\/comments?post=2330"}],"wp:featuredmedia":[{"embeddable":true,"href":"https:\/\/olympiaboutique.com\/en\/wp-json\/wp\/v2\/media\/2443"}],"wp:attachment":[{"href":"https:\/\/olympiaboutique.com\/en\/wp-json\/wp\/v2\/media?parent=2330"}],"wp:term":[{"taxonomy":"product_brand","embeddable":true,"href":"https:\/\/olympiaboutique.com\/en\/wp-json\/wp\/v2\/product_brand?post=2330"},{"taxonomy":"product_cat","embeddable":true,"href":"https:\/\/olympiaboutique.com\/en\/wp-json\/wp\/v2\/product_cat?post=2330"},{"taxonomy":"product_tag","embeddable":true,"href":"https:\/\/olympiaboutique.com\/en\/wp-json\/wp\/v2\/product_tag?post=2330"}],"curies":[{"name":"wp","href":"https:\/\/api.w.org\/{rel}","templated":true}]}}