{"id":2329,"date":"2024-02-22T15:38:00","date_gmt":"2024-02-22T15:38:00","guid":{"rendered":"https:\/\/olympiaboutique.com\/?post_type=product&#038;p=2329"},"modified":"2025-12-01T04:26:43","modified_gmt":"2025-12-01T04:26:43","slug":"vitafusion-power-vitamine-c-gummies-300-ct","status":"publish","type":"product","link":"https:\/\/olympiaboutique.com\/en\/product\/vitafusion-power-vitamine-c-gummies-300-ct\/","title":{"rendered":"Vitafusion Power Vitamine C Gummies (150 ct.)"},"content":{"rendered":"<p>Donnez un coup de pouce \u00e0 votre syst\u00e8me immunitaire, avec le soutien dont il a besoin tout au long de l&#8217;ann\u00e9e, avec les Power C Gummies de Vitafusion.\u00a0<span class=\"\">Seulement deux de ces bonbons Power C fournissent une portion et offrent \u00e0 votre syst\u00e8me immunitaire les avantages d&#8217;autant de vitamine C que 10 mandarines.<\/span><\/p>\n<p><span class=\"VIpgJd-yAWNEb-VIpgJd-fmcmS-sn54Q\">Ces d\u00e9licieuses gommes offrent une saveur naturelle d&#8217;orange sous une forme gommeuse compacte.\u00a0<\/span>Le go\u00fbt de l&#8217;orange est piquant et rafra\u00eechissant.\u00a0Ces d\u00e9licieux compl\u00e9ments vous donneront h\u00e2te de prendre vos vitamines quotidiennement.<\/p>","protected":false},"excerpt":{"rendered":"<div class=\"mb3\">\n<div class=\"dangerous-html mb3\">\n<ul>\n<li><strong>Bienfaits<\/strong><\/li>\n<li><span class=\"\">Soutient la sant\u00e9 immunitaire<\/span><\/li>\n<li>Ar\u00f4me naturel d&#8217;orange<\/li>\n<li>240 mg de vitamine C par portion<\/li>\n<li><span class=\"VIpgJd-yAWNEb-VIpgJd-fmcmS-sn54Q\">1 portion offre autant de vitamine C que 10 mandarines<\/span><\/li>\n<li>une bouteille de 150 vitamines chacune<\/li>\n<li>Sans gluten et sans produits laitiers<\/li>\n<li>Sans ar\u00f4mes artificiels, sirop de ma\u00efs \u00e0 haute teneur en fructose ni colorant synth\u00e9tique FD&amp;C<\/li>\n<\/ul>\n<\/div>\n<\/div>\n<div class=\"mb3\">\n<div class=\"dangerous-html mb3\">\n<ul>\n<li>Vitamine C antioxydante tr\u00e8s puissante, soutient la sant\u00e9 immunitaire<\/li>\n<li>Des bonbons g\u00e9lifi\u00e9s au go\u00fbt d\u00e9licieux, avec une saveur naturelle d&#8217;orange<\/li>\n<li>Bonbons g\u00e9lifi\u00e9s \u00e0 la vitamine C, offrant 240 mg de vitamine C par portion<\/li>\n<\/ul>\n<\/div>\n<\/div>","protected":false},"featured_media":2522,"comment_status":"open","ping_status":"closed","template":"","meta":{"_joinchat":[]},"product_brand":[],"product_cat":[17],"product_tag":[313],"class_list":{"0":"post-2329","1":"product","2":"type-product","3":"status-publish","4":"has-post-thumbnail","6":"product_cat-vitamines","7":"product_tag-vitafusion-power-c","9":"first","10":"outofstock","11":"shipping-taxable","12":"purchasable","13":"product-type-simple"},"jetpack_sharing_enabled":true,"_links":{"self":[{"href":"https:\/\/olympiaboutique.com\/en\/wp-json\/wp\/v2\/product\/2329","targetHints":{"allow":["GET"]}}],"collection":[{"href":"https:\/\/olympiaboutique.com\/en\/wp-json\/wp\/v2\/product"}],"about":[{"href":"https:\/\/olympiaboutique.com\/en\/wp-json\/wp\/v2\/types\/product"}],"replies":[{"embeddable":true,"href":"https:\/\/olympiaboutique.com\/en\/wp-json\/wp\/v2\/comments?post=2329"}],"wp:featuredmedia":[{"embeddable":true,"href":"https:\/\/olympiaboutique.com\/en\/wp-json\/wp\/v2\/media\/2522"}],"wp:attachment":[{"href":"https:\/\/olympiaboutique.com\/en\/wp-json\/wp\/v2\/media?parent=2329"}],"wp:term":[{"taxonomy":"product_brand","embeddable":true,"href":"https:\/\/olympiaboutique.com\/en\/wp-json\/wp\/v2\/product_brand?post=2329"},{"taxonomy":"product_cat","embeddable":true,"href":"https:\/\/olympiaboutique.com\/en\/wp-json\/wp\/v2\/product_cat?post=2329"},{"taxonomy":"product_tag","embeddable":true,"href":"https:\/\/olympiaboutique.com\/en\/wp-json\/wp\/v2\/product_tag?post=2329"}],"curies":[{"name":"wp","href":"https:\/\/api.w.org\/{rel}","templated":true}]}}