{"id":2327,"date":"2024-02-22T15:37:35","date_gmt":"2024-02-22T15:37:35","guid":{"rendered":"https:\/\/olympiaboutique.com\/?post_type=product&#038;p=2327"},"modified":"2025-12-03T11:37:33","modified_gmt":"2025-12-03T11:37:33","slug":"vitafusion-womens-multivitamin-gummy-220-unites","status":"publish","type":"product","link":"https:\/\/olympiaboutique.com\/en\/product\/vitafusion-womens-multivitamin-gummy-220-unites\/","title":{"rendered":"Vitafusion \u2122 Women\u2019s Multivitamin gummy, 220 Gummies"},"content":{"rendered":"<p>Les gommes multivitamin\u00e9es Vitafusion\u2122 pour femmes fournissent des vitamines et des min\u00e9raux essentiels \u00e0 la sant\u00e9 des femmes.\u00a0Une portion quotidienne sugg\u00e9r\u00e9e de deux bonbons g\u00e9lifi\u00e9s multivitamin\u00e9s vitafusion\u2122 pour femmes contient des vitamines B ainsi que des vitamines A, C et D, avec seulement 3 g de sucre et 15 calories.\u00a0<span class=\"\">Essayez ces bonbons g\u00e9lifi\u00e9s multivitamin\u00e9s pour femmes pour aider \u00e0 soutenir le m\u00e9tabolisme \u00e9nerg\u00e9tique et la sant\u00e9 immunitaire.<\/span><\/p>\n<p><strong>Utilisation sugg\u00e9r\u00e9<\/strong>e: Comme compl\u00e9ment alimentaire, les adultes prennent deux (2) vitamines gommeuses par jour.\u00a0M\u00e2chez soigneusement avant d&#8217;avaler.\u00a0<span class=\"VIpgJd-yAWNEb-VIpgJd-fmcmS-sn54Q\">Conservez dans un endroit frais et sec.<\/span><\/p>","protected":false},"excerpt":{"rendered":"<ul>\n<li><strong>Bienfaits<\/strong><\/li>\n<li>Vitafusion \u2122 Women\u2019s Multivitamin gummy est une multivitamine quotidienne formul\u00e9e pour r\u00e9pondre aux besoins de sant\u00e9 des femmes.\u00a0Ces d\u00e9licieux bonbons g\u00e9lifi\u00e9s combinent des vitamines et des min\u00e9raux essentiels avec des ar\u00f4mes naturels de baies.Une portion de deux gommes de multivitamines pour femmes Vitafusion\u2122\u00a0:\n<ul>\n<li>Soutient le m\u00e9tabolisme \u00e9nerg\u00e9tique*<\/li>\n<li>Soutient la sant\u00e9 des os*<\/li>\n<li>Soutient le syst\u00e8me immunitaire*<\/li>\n<li>Favorise l\u2019absorption du calcium<\/li>\n<\/ul>\n<\/li>\n<li><span class=\"VIpgJd-yAWNEb-VIpgJd-fmcmS-sn54Q\">Chaque portion de vitamines gommeuses est sans gluten et contient 100 % de la valeur quotidienne de 7 nutriments essentiels.<\/span><\/li>\n<li>Les multivitamines gommeuses vitafusion\u2122 pour femmes sont disponibles dans de d\u00e9licieuses saveurs de baies<\/li>\n<\/ul>","protected":false},"featured_media":2312,"comment_status":"open","ping_status":"closed","template":"","meta":{"_joinchat":[]},"product_brand":[],"product_cat":[17],"product_tag":[312],"class_list":{"0":"post-2327","1":"product","2":"type-product","3":"status-publish","4":"has-post-thumbnail","6":"product_cat-vitamines","7":"product_tag-vitafusion-womens","9":"first","10":"outofstock","11":"shipping-taxable","12":"purchasable","13":"product-type-simple"},"jetpack_sharing_enabled":true,"_links":{"self":[{"href":"https:\/\/olympiaboutique.com\/en\/wp-json\/wp\/v2\/product\/2327","targetHints":{"allow":["GET"]}}],"collection":[{"href":"https:\/\/olympiaboutique.com\/en\/wp-json\/wp\/v2\/product"}],"about":[{"href":"https:\/\/olympiaboutique.com\/en\/wp-json\/wp\/v2\/types\/product"}],"replies":[{"embeddable":true,"href":"https:\/\/olympiaboutique.com\/en\/wp-json\/wp\/v2\/comments?post=2327"}],"wp:featuredmedia":[{"embeddable":true,"href":"https:\/\/olympiaboutique.com\/en\/wp-json\/wp\/v2\/media\/2312"}],"wp:attachment":[{"href":"https:\/\/olympiaboutique.com\/en\/wp-json\/wp\/v2\/media?parent=2327"}],"wp:term":[{"taxonomy":"product_brand","embeddable":true,"href":"https:\/\/olympiaboutique.com\/en\/wp-json\/wp\/v2\/product_brand?post=2327"},{"taxonomy":"product_cat","embeddable":true,"href":"https:\/\/olympiaboutique.com\/en\/wp-json\/wp\/v2\/product_cat?post=2327"},{"taxonomy":"product_tag","embeddable":true,"href":"https:\/\/olympiaboutique.com\/en\/wp-json\/wp\/v2\/product_tag?post=2327"}],"curies":[{"name":"wp","href":"https:\/\/api.w.org\/{rel}","templated":true}]}}