{"id":2326,"date":"2024-02-22T15:44:46","date_gmt":"2024-02-22T15:44:46","guid":{"rendered":"https:\/\/olympiaboutique.com\/?post_type=product&#038;p=2326"},"modified":"2025-12-04T14:41:58","modified_gmt":"2025-12-04T14:41:58","slug":"apple-cider-vinegar-600-mg-75-vegan-gummies","status":"publish","type":"product","link":"https:\/\/olympiaboutique.com\/en\/product\/apple-cider-vinegar-600-mg-75-vegan-gummies\/","title":{"rendered":"Nature\u2019s Truth APPLE CIDER VINEGAR Bio 600 MG, 120 Vegan Gummies"},"content":{"rendered":"<p>Recevez l&#8217;ingr\u00e9dient traditionnel du vinaigre de cidre de pomme avec une touche amusante et savoureuse.\u00a0Chaque portion de ces bonbons v\u00e9g\u00e9taliens naturels \u00e0 saveur de pomme fournit 600 mg de vinaigre de cidre de pomme.\u00a0Ces bonbons g\u00e9lifi\u00e9s sont une merveilleuse alternative pour ceux qui souhaitent profiter des bienfaits du vinaigre de cidre de pomme mais n\u2019aiment pas l\u2019odeur ou l\u2019arri\u00e8re-go\u00fbt du vinaigre.<\/p>","protected":false},"excerpt":{"rendered":"<ul class=\"a-unordered-list a-vertical a-spacing-mini\">\n<li class=\"a-spacing-mini\"><span class=\"a-list-item\">VINAIGRE DE CIDRE DE POMME : Ingr\u00e9dient traditionnel utilis\u00e9 dans les pratiques de bien-\u00eatre depuis des si\u00e8cles<\/span><\/li>\n<li class=\"a-spacing-mini\"><span class=\"a-list-item\">GUMMIES V\u00c9GAN\u00a0: 600\u00a0mg par portion dans de d\u00e9licieux gummies v\u00e9g\u00e9taliens naturels \u00e0 saveur de pomme<\/span><\/li>\n<li class=\"a-spacing-mini\"><span class=\"a-list-item\">HONN\u00caTE ET TRANSPARENT\u00a0: Nature&#8217;s Truth s&#8217;engage \u00e0 fournir des produits de bien-\u00eatre de la meilleure qualit\u00e9<\/span><\/li>\n<li class=\"a-spacing-mini\"><span class=\"a-list-item\">DES EXPERTS DE CONFIANCE\u00a0: Soutenus par trois g\u00e9n\u00e9rations d&#8217;innovateurs en vitamines pour une qualit\u00e9 in\u00e9gal\u00e9e<\/span><\/li>\n<li class=\"a-spacing-mini\"><span class=\"a-list-item\">FABRIQU\u00c9 SANS\u00a0: gluten, bl\u00e9, lait, lactose, soja, \u00e9dulcorant et ar\u00f4me artificiels et sans OGM<\/span><\/li>\n<\/ul>","protected":false},"featured_media":2526,"comment_status":"open","ping_status":"closed","template":"","meta":{"_joinchat":[]},"product_brand":[],"product_cat":[17],"product_tag":[311],"class_list":{"0":"post-2326","1":"product","2":"type-product","3":"status-publish","4":"has-post-thumbnail","6":"product_cat-vitamines","7":"product_tag-nature-truth","9":"first","10":"outofstock","11":"sale","12":"shipping-taxable","13":"purchasable","14":"product-type-simple"},"jetpack_sharing_enabled":true,"_links":{"self":[{"href":"https:\/\/olympiaboutique.com\/en\/wp-json\/wp\/v2\/product\/2326","targetHints":{"allow":["GET"]}}],"collection":[{"href":"https:\/\/olympiaboutique.com\/en\/wp-json\/wp\/v2\/product"}],"about":[{"href":"https:\/\/olympiaboutique.com\/en\/wp-json\/wp\/v2\/types\/product"}],"replies":[{"embeddable":true,"href":"https:\/\/olympiaboutique.com\/en\/wp-json\/wp\/v2\/comments?post=2326"}],"wp:featuredmedia":[{"embeddable":true,"href":"https:\/\/olympiaboutique.com\/en\/wp-json\/wp\/v2\/media\/2526"}],"wp:attachment":[{"href":"https:\/\/olympiaboutique.com\/en\/wp-json\/wp\/v2\/media?parent=2326"}],"wp:term":[{"taxonomy":"product_brand","embeddable":true,"href":"https:\/\/olympiaboutique.com\/en\/wp-json\/wp\/v2\/product_brand?post=2326"},{"taxonomy":"product_cat","embeddable":true,"href":"https:\/\/olympiaboutique.com\/en\/wp-json\/wp\/v2\/product_cat?post=2326"},{"taxonomy":"product_tag","embeddable":true,"href":"https:\/\/olympiaboutique.com\/en\/wp-json\/wp\/v2\/product_tag?post=2326"}],"curies":[{"name":"wp","href":"https:\/\/api.w.org\/{rel}","templated":true}]}}