{"id":2323,"date":"2024-02-22T14:01:20","date_gmt":"2024-02-22T14:01:20","guid":{"rendered":"https:\/\/olympiaboutique.com\/?post_type=product&#038;p=2323"},"modified":"2025-12-01T04:17:24","modified_gmt":"2025-12-01T04:17:24","slug":"kirkland-signature-flocons-davoine-a-grains-entiers-45-kg","status":"publish","type":"product","link":"https:\/\/olympiaboutique.com\/en\/product\/kirkland-signature-flocons-davoine-a-grains-entiers-45-kg\/","title":{"rendered":"Kirkland Signature Flocons d&#8217;avoine \u00e0 grains entiers, 4,5 Kg"},"content":{"rendered":"<p>Commencez votre journ\u00e9e avec un petit-d\u00e9jeuner sain et satisfaisant compos\u00e9 de flocons d&#8217;avoine \u00e0 grains entiers Kirkland. Ce paquet de granola de 10 lb est parfait pour ceux qui aiment le go\u00fbt de l&#8217;avoine dans leurs c\u00e9r\u00e9ales de petit-d\u00e9jeuner. Ces flocons d&#8217;avoine sont parfaits pour pr\u00e9parer des flocons d&#8217;avoine, des barres granola et d&#8217;autres friandises pour le petit-d\u00e9jeuner. Le type d&#8217;unit\u00e9 est r\u00e9pertori\u00e9 comme \u00ab\u00a0lb\u00a0\u00bb et la forme de l&#8217;article est granola. Ce produit est class\u00e9 dans la cat\u00e9gorie Maison et jardin, aliments et boissons, garde-manger, c\u00e9r\u00e9ales pour petit-d\u00e9jeuner, muesli et avoine. C&#8217;est une bonne affaire pour tous ceux qui recherchent une grande quantit\u00e9 de flocons d&#8217;avoine de haute qualit\u00e9<\/p>","protected":false},"excerpt":{"rendered":"<div class=\"\">\n<div class=\"dangerous-html mb3\">Flocons d&#8217;avoine \u00e0 grains entiers Kirkland Signature, 10 livres de flocons d&#8217;avoine \u00e0 grains entiers dans un sac refermable de 10 livres.<\/div>\n<\/div>\n<div class=\"\">\n<div class=\"dangerous-html mb3\">\n<ul>\n<li>Kascher<\/li>\n<li>Flocons d&#8217;avoine \u00e0 grains entiers<\/li>\n<li>Sac refermable<\/li>\n<li>Produit du Canada<\/li>\n<li>Emball\u00e9 aux USA<\/li>\n<\/ul>\n<\/div>\n<\/div>","protected":false},"featured_media":2313,"comment_status":"open","ping_status":"closed","template":"","meta":{"_joinchat":[]},"product_brand":[],"product_cat":[23],"product_tag":[35],"class_list":{"0":"post-2323","1":"product","2":"type-product","3":"status-publish","4":"has-post-thumbnail","6":"product_cat-food","7":"product_tag-kirkland","9":"first","10":"outofstock","11":"shipping-taxable","12":"purchasable","13":"product-type-simple"},"jetpack_sharing_enabled":true,"_links":{"self":[{"href":"https:\/\/olympiaboutique.com\/en\/wp-json\/wp\/v2\/product\/2323","targetHints":{"allow":["GET"]}}],"collection":[{"href":"https:\/\/olympiaboutique.com\/en\/wp-json\/wp\/v2\/product"}],"about":[{"href":"https:\/\/olympiaboutique.com\/en\/wp-json\/wp\/v2\/types\/product"}],"replies":[{"embeddable":true,"href":"https:\/\/olympiaboutique.com\/en\/wp-json\/wp\/v2\/comments?post=2323"}],"wp:featuredmedia":[{"embeddable":true,"href":"https:\/\/olympiaboutique.com\/en\/wp-json\/wp\/v2\/media\/2313"}],"wp:attachment":[{"href":"https:\/\/olympiaboutique.com\/en\/wp-json\/wp\/v2\/media?parent=2323"}],"wp:term":[{"taxonomy":"product_brand","embeddable":true,"href":"https:\/\/olympiaboutique.com\/en\/wp-json\/wp\/v2\/product_brand?post=2323"},{"taxonomy":"product_cat","embeddable":true,"href":"https:\/\/olympiaboutique.com\/en\/wp-json\/wp\/v2\/product_cat?post=2323"},{"taxonomy":"product_tag","embeddable":true,"href":"https:\/\/olympiaboutique.com\/en\/wp-json\/wp\/v2\/product_tag?post=2323"}],"curies":[{"name":"wp","href":"https:\/\/api.w.org\/{rel}","templated":true}]}}