{"id":2288,"date":"2024-02-27T14:57:46","date_gmt":"2024-02-27T14:57:46","guid":{"rendered":"https:\/\/olympiaboutique.com\/?post_type=product&#038;p=2288"},"modified":"2026-03-10T20:14:40","modified_gmt":"2026-03-10T20:14:40","slug":"biofreeze-roll-on-gel-analgesique-89-ml-incolore","status":"publish","type":"product","link":"https:\/\/olympiaboutique.com\/en\/product\/biofreeze-roll-on-gel-analgesique-89-ml-incolore\/","title":{"rendered":"Biofreeze Roll-On Gel analg\u00e9sique 89 ml, incolore"},"content":{"rendered":"<ul>\n<li>#1 Marque de soulagement topique de la douleur au menthol cliniquement recommand\u00e9e (*Enqu\u00eate aupr\u00e8s des cliniciens IPSOS, juillet 2022)<\/li>\n<li>Le roll-on Biofreeze s\u2019applique facilement pour un soulagement p\u00e9n\u00e9trant de la douleur sans g\u00e2chis<\/li>\n<li>La formule rafra\u00eechissante au menthol \u00e0 action rapide et de longue dur\u00e9e procure un soulagement p\u00e9n\u00e9trant de la douleur pour les muscles endoloris, les maux de dos, les articulations douloureuses, les ecchymoses et l\u2019arthrite.<\/li>\n<li>Id\u00e9al pour les douleurs musculaires et articulaires mineures associ\u00e9es \u00e0 de simples maux de dos, \u00e0 l\u2019arthrite, aux foulures, aux ecchymoses et aux entorses<\/li>\n<li>Le roll-on de 3 fl oz offre une application mains libres \u00e0 l\u2019aide d\u2019une bille \u00e0 bille et est compatible avec la TSA, ce qui le rend adapt\u00e9 aux voyages et aux d\u00e9placements<\/li>\n<li>Biofreeze est une marque cliniquement recommand\u00e9e\u00a0; Approuv\u00e9 par les pharmaciens, les physioth\u00e9rapeutes, les chiropraticiens, les massoth\u00e9rapeutes, les podiatres et les entra\u00eeneurs sportifs<\/li>\n<li>Biofreeze est \u00e9ligible FSA\/HSA. \u00c9conomisez jusqu\u2019\u00e0 30%<\/li>\n<\/ul>","protected":false},"excerpt":{"rendered":"<p class=\"lh-copy dark-gray mv1 f3 mh0-l mh3 b\" data-pcss-show=\"true\">Analg\u00e9sique topique pour les muscles et les articulations de l\u2019arthrite, des maux de dos, des foulures, des ecchymoses et des entorses.<\/p>\n<ul>\n<li>P\u00e9n\u00e8tre rapidement pour soulager les courbatures et les douleurs<\/li>\n<li>Soulagement durable de la douleur avec un parfum \u00e9vanescent<\/li>\n<li>Sans parab\u00e8nes ni propyl\u00e8ne glycol<\/li>\n<\/ul>","protected":false},"featured_media":2384,"comment_status":"open","ping_status":"closed","template":"","meta":{"_joinchat":[]},"product_brand":[],"product_cat":[53],"product_tag":[309],"class_list":{"0":"post-2288","1":"product","2":"type-product","3":"status-publish","4":"has-post-thumbnail","6":"product_cat-pharmaceutiques","7":"product_tag-biofreese","9":"first","10":"instock","11":"shipping-taxable","12":"purchasable","13":"product-type-simple"},"jetpack_sharing_enabled":true,"_links":{"self":[{"href":"https:\/\/olympiaboutique.com\/en\/wp-json\/wp\/v2\/product\/2288","targetHints":{"allow":["GET"]}}],"collection":[{"href":"https:\/\/olympiaboutique.com\/en\/wp-json\/wp\/v2\/product"}],"about":[{"href":"https:\/\/olympiaboutique.com\/en\/wp-json\/wp\/v2\/types\/product"}],"replies":[{"embeddable":true,"href":"https:\/\/olympiaboutique.com\/en\/wp-json\/wp\/v2\/comments?post=2288"}],"wp:featuredmedia":[{"embeddable":true,"href":"https:\/\/olympiaboutique.com\/en\/wp-json\/wp\/v2\/media\/2384"}],"wp:attachment":[{"href":"https:\/\/olympiaboutique.com\/en\/wp-json\/wp\/v2\/media?parent=2288"}],"wp:term":[{"taxonomy":"product_brand","embeddable":true,"href":"https:\/\/olympiaboutique.com\/en\/wp-json\/wp\/v2\/product_brand?post=2288"},{"taxonomy":"product_cat","embeddable":true,"href":"https:\/\/olympiaboutique.com\/en\/wp-json\/wp\/v2\/product_cat?post=2288"},{"taxonomy":"product_tag","embeddable":true,"href":"https:\/\/olympiaboutique.com\/en\/wp-json\/wp\/v2\/product_tag?post=2288"}],"curies":[{"name":"wp","href":"https:\/\/api.w.org\/{rel}","templated":true}]}}