{"id":2282,"date":"2024-02-22T15:56:30","date_gmt":"2024-02-22T15:56:30","guid":{"rendered":"https:\/\/olympiaboutique.com\/?post_type=product&#038;p=2282"},"modified":"2025-12-03T11:02:38","modified_gmt":"2025-12-03T11:02:38","slug":"cantu-for-natural-hair-demelant-1000-ml","status":"publish","type":"product","link":"https:\/\/olympiaboutique.com\/en\/product\/cantu-for-natural-hair-demelant-1000-ml\/","title":{"rendered":"Cantu for Natural Hair, D\u00e9m\u00ealant, 1000 ml"},"content":{"rendered":"<ul>\n<li>AVANTAGES :<\/li>\n<li>Aide \u00e0 pr\u00e9server les huiles naturellement pr\u00e9sentes dans vos cheveux<\/li>\n<li>R\u00e9hydrate, nourrit les cheveux<\/li>\n<li>Favorise le d\u00e9m\u00ealage<\/li>\n<\/ul>\n<p>CONSEILS D&#8217;UTILISATION :<\/p>\n<p>-Utiliser apr\u00e8s le shampoing CANTU Sulfate-Free Cleansing Cream Shampoing<\/p>\n<p>-Appliquer sur l&#8217;ensemble de la chevelure, des racines vers les pointes.<\/p>\n<p>-Rincez abondamment, id\u00e9alement \u00e0 l&#8217;eau fra\u00eeche<\/p>","protected":false},"excerpt":{"rendered":"<p>Cantu Shea Butter D\u00e9m\u00e9lant ou bien Apres Shampoing est\u00a0formulation unique et sans sulfate pour r\u00e9hydrater parfaitement apr\u00e8s le nettoyage.<br \/>\nCe conditioner favorise le d\u00e9m\u00ealage et pr\u00e9vient la casse.<\/p>\n<p>Fabriqu\u00e9 avec du beurre de karit\u00e9 pur et de nombreux ingr\u00e9dients 100% naturels. Id\u00e9al pour cheveux naturels cr\u00e9pus \u00e0 boucl\u00e9s.Il est sans huile min\u00e9rales:sans sulfates;sans parab\u00e8nes; sans silicones; sans phtalates; sans gluten; sans paraffines et sans propyl\u00e8nes.<\/p>\n<p>L&#8217;indispensable apr\u00e8s chaque shampoing\u00a0pour des cheveux parfaitement hydrat\u00e9s, fortifi\u00e9s et faciles \u00e0 d\u00e9m\u00ealer<\/p>","protected":false},"featured_media":2442,"comment_status":"open","ping_status":"closed","template":"","meta":{"_joinchat":[]},"product_brand":[],"product_cat":[109],"product_tag":[307],"class_list":{"0":"post-2282","1":"product","2":"type-product","3":"status-publish","4":"has-post-thumbnail","6":"product_cat-cheveux","7":"product_tag-cantu","9":"first","10":"instock","11":"sale","12":"shipping-taxable","13":"purchasable","14":"product-type-simple"},"jetpack_sharing_enabled":true,"_links":{"self":[{"href":"https:\/\/olympiaboutique.com\/en\/wp-json\/wp\/v2\/product\/2282","targetHints":{"allow":["GET"]}}],"collection":[{"href":"https:\/\/olympiaboutique.com\/en\/wp-json\/wp\/v2\/product"}],"about":[{"href":"https:\/\/olympiaboutique.com\/en\/wp-json\/wp\/v2\/types\/product"}],"replies":[{"embeddable":true,"href":"https:\/\/olympiaboutique.com\/en\/wp-json\/wp\/v2\/comments?post=2282"}],"wp:featuredmedia":[{"embeddable":true,"href":"https:\/\/olympiaboutique.com\/en\/wp-json\/wp\/v2\/media\/2442"}],"wp:attachment":[{"href":"https:\/\/olympiaboutique.com\/en\/wp-json\/wp\/v2\/media?parent=2282"}],"wp:term":[{"taxonomy":"product_brand","embeddable":true,"href":"https:\/\/olympiaboutique.com\/en\/wp-json\/wp\/v2\/product_brand?post=2282"},{"taxonomy":"product_cat","embeddable":true,"href":"https:\/\/olympiaboutique.com\/en\/wp-json\/wp\/v2\/product_cat?post=2282"},{"taxonomy":"product_tag","embeddable":true,"href":"https:\/\/olympiaboutique.com\/en\/wp-json\/wp\/v2\/product_tag?post=2282"}],"curies":[{"name":"wp","href":"https:\/\/api.w.org\/{rel}","templated":true}]}}